{"id":3813,"date":"2024-10-01T16:05:29","date_gmt":"2024-10-01T14:05:29","guid":{"rendered":"https:\/\/new.dr-nabavi.de\/?page_id=3813"},"modified":"2025-07-12T15:34:57","modified_gmt":"2025-07-12T13:34:57","slug":"unsere-philosophie-dr-nabavi-hamburg","status":"publish","type":"page","link":"https:\/\/dr-nabavi.de\/en\/unsere-philosophie-dr-nabavi-hamburg\/","title":{"rendered":"Our Philosophy Practice Dr. Nabavi Hamburg"},"content":{"rendered":"<div data-elementor-type=\"wp-page\" data-elementor-id=\"3813\" class=\"elementor elementor-3813\" data-elementor-post-type=\"page\">\n\t\t\t\t\t\t<section class=\"elementor-section elementor-top-section elementor-element elementor-element-7ac5906b elementor-section-height-min-height elementor-section-boxed elementor-section-height-default elementor-section-items-middle\" data-id=\"7ac5906b\" data-element_type=\"section\" data-e-type=\"section\" data-settings=\"{&quot;background_background&quot;:&quot;classic&quot;}\">\n\t\t\t\t\t\t<div class=\"elementor-container elementor-column-gap-default\">\n\t\t\t\t\t<div class=\"elementor-column elementor-col-50 elementor-top-column elementor-element elementor-element-23a08622\" data-id=\"23a08622\" data-element_type=\"column\" data-e-type=\"column\">\n\t\t\t<div class=\"elementor-widget-wrap\">\n\t\t\t\t\t\t\t<\/div>\n\t\t<\/div>\n\t\t\t\t<div class=\"elementor-column elementor-col-50 elementor-top-column elementor-element elementor-element-72ad0a5 elementor-hidden-mobile\" data-id=\"72ad0a5\" data-element_type=\"column\" data-e-type=\"column\">\n\t\t\t<div class=\"elementor-widget-wrap\">\n\t\t\t\t\t\t\t<\/div>\n\t\t<\/div>\n\t\t\t\t\t<\/div>\n\t\t<\/section>\n\t\t\t\t<section class=\"elementor-section elementor-top-section elementor-element elementor-element-4013cc50 elementor-section-boxed elementor-section-height-default elementor-section-height-default\" data-id=\"4013cc50\" data-element_type=\"section\" data-e-type=\"section\" data-settings=\"{&quot;background_background&quot;:&quot;classic&quot;}\">\n\t\t\t\t\t\t<div class=\"elementor-container elementor-column-gap-default\">\n\t\t\t\t\t<div class=\"elementor-column elementor-col-100 elementor-top-column elementor-element elementor-element-112e1849\" data-id=\"112e1849\" data-element_type=\"column\" data-e-type=\"column\">\n\t\t\t<div class=\"elementor-widget-wrap elementor-element-populated\">\n\t\t\t\t\t\t<div class=\"elementor-element elementor-element-cb2a39e elementor-widget elementor-widget-heading\" data-id=\"cb2a39e\" data-element_type=\"widget\" data-e-type=\"widget\" data-widget_type=\"heading.default\">\n\t\t\t\t\t<h1 class=\"elementor-heading-title elementor-size-default\">Practice Dr Nabavi - Aesthetic Plastic Surgery<\/h1>\t\t\t\t<\/div>\n\t\t\t\t<div class=\"elementor-element elementor-element-60837c4b elementor-widget elementor-widget-heading\" data-id=\"60837c4b\" data-element_type=\"widget\" data-e-type=\"widget\" data-widget_type=\"heading.default\">\n\t\t\t\t\t<h2 class=\"elementor-heading-title elementor-size-default\">Our philosophy<\/h2>\t\t\t\t<\/div>\n\t\t\t\t\t<\/div>\n\t\t<\/div>\n\t\t\t\t\t<\/div>\n\t\t<\/section>\n\t\t\t\t<section class=\"elementor-section elementor-top-section elementor-element elementor-element-7571fc5 elementor-section-boxed elementor-section-height-default elementor-section-height-default\" data-id=\"7571fc5\" data-element_type=\"section\" data-e-type=\"section\">\n\t\t\t\t\t\t\t<div class=\"elementor-background-overlay\"><\/div>\n\t\t\t\t\t\t\t<div class=\"elementor-container elementor-column-gap-default\">\n\t\t\t\t\t<div class=\"elementor-column elementor-col-100 elementor-top-column elementor-element elementor-element-15e0dac\" data-id=\"15e0dac\" data-element_type=\"column\" data-e-type=\"column\">\n\t\t\t<div class=\"elementor-widget-wrap elementor-element-populated\">\n\t\t\t\t\t\t<section class=\"elementor-section elementor-inner-section elementor-element elementor-element-c45834c elementor-section-boxed elementor-section-height-default elementor-section-height-default\" data-id=\"c45834c\" data-element_type=\"section\" data-e-type=\"section\">\n\t\t\t\t\t\t<div class=\"elementor-container elementor-column-gap-default\">\n\t\t\t\t\t<div class=\"elementor-column elementor-col-50 elementor-inner-column elementor-element elementor-element-c7841c7\" data-id=\"c7841c7\" data-element_type=\"column\" data-e-type=\"column\">\n\t\t\t<div class=\"elementor-widget-wrap elementor-element-populated\">\n\t\t\t\t\t\t<div class=\"elementor-element elementor-element-30ffaed elementor-widget elementor-widget-image\" data-id=\"30ffaed\" data-element_type=\"widget\" data-e-type=\"widget\" data-widget_type=\"image.default\">\n\t\t\t\t\t\t\t\t\t\t\t\t\t\t\t<img fetchpriority=\"high\" decoding=\"async\" width=\"800\" height=\"534\" src=\"https:\/\/dr-nabavi.de\/wp-content\/uploads\/2024\/01\/csm_praxis_dr-nabavi_7847_72dpi_srgb_b12a1d2d68.jpeg\" class=\"attachment-large size-large wp-image-1648\" alt=\"\" srcset=\"https:\/\/dr-nabavi.de\/wp-content\/uploads\/2024\/01\/csm_praxis_dr-nabavi_7847_72dpi_srgb_b12a1d2d68.jpeg 992w, https:\/\/dr-nabavi.de\/wp-content\/uploads\/2024\/01\/csm_praxis_dr-nabavi_7847_72dpi_srgb_b12a1d2d68-300x200.jpeg 300w, https:\/\/dr-nabavi.de\/wp-content\/uploads\/2024\/01\/csm_praxis_dr-nabavi_7847_72dpi_srgb_b12a1d2d68-768x513.jpeg 768w, https:\/\/dr-nabavi.de\/wp-content\/uploads\/2024\/01\/csm_praxis_dr-nabavi_7847_72dpi_srgb_b12a1d2d68-18x12.jpeg 18w, https:\/\/dr-nabavi.de\/wp-content\/uploads\/2024\/01\/csm_praxis_dr-nabavi_7847_72dpi_srgb_b12a1d2d68-20x13.jpeg 20w\" sizes=\"(max-width: 800px) 100vw, 800px\" \/>\t\t\t\t\t\t\t\t\t\t\t\t\t\t\t<\/div>\n\t\t\t\t\t<\/div>\n\t\t<\/div>\n\t\t\t\t<div class=\"elementor-column elementor-col-50 elementor-inner-column elementor-element elementor-element-4b339b4\" data-id=\"4b339b4\" data-element_type=\"column\" data-e-type=\"column\">\n\t\t\t<div class=\"elementor-widget-wrap elementor-element-populated\">\n\t\t\t\t\t\t<div class=\"elementor-element elementor-element-f0084d9 elementor-widget elementor-widget-text-editor\" data-id=\"f0084d9\" data-element_type=\"widget\" data-e-type=\"widget\" data-widget_type=\"text-editor.default\">\n\t\t\t\t\t\t\t\t\t<div dir=\"ltr\" style=\"text-align: left;\">In our practice, we place particular emphasis on a holistic approach. We see beauty not just as something external, but as an expression of health and well-being that radiates from within. That is why we combine aesthetic treatments with advanced cell regeneration and rejuvenation procedures.<\/div><div dir=\"ltr\" style=\"text-align: left;\">\u00a0<\/div><div dir=\"ltr\" style=\"text-align: left;\">Our approach is based on the latest scientific findings and includes innovative therapies specifically aimed at slowing down the ageing process at a cellular level and supporting the body's own regeneration mechanisms. A central component of this concept is our infusion therapies, which deliver highly effective nutrients directly into the bloodstream to strengthen and revitalise the cells from within. This form of therapy is particularly effective in providing the body with a targeted supply of essential vitamins, minerals and antioxidants.<\/div>\t\t\t\t\t\t\t\t<\/div>\n\t\t\t\t\t<\/div>\n\t\t<\/div>\n\t\t\t\t\t<\/div>\n\t\t<\/section>\n\t\t\t\t<div class=\"elementor-element elementor-element-9427ac2 elementor-widget elementor-widget-image\" data-id=\"9427ac2\" data-element_type=\"widget\" data-e-type=\"widget\" data-widget_type=\"image.default\">\n\t\t\t\t\t\t\t\t\t\t\t\t\t\t\t<img decoding=\"async\" src=\"https:\/\/dr-nabavi.de\/wp-content\/uploads\/2023\/08\/dynamik-5.png\" title=\"dynamic-5\" alt=\"dynamik-5\" loading=\"lazy\" \/>\t\t\t\t\t\t\t\t\t\t\t\t\t\t\t<\/div>\n\t\t\t\t\t<\/div>\n\t\t<\/div>\n\t\t\t\t\t<\/div>\n\t\t<\/section>\n\t\t\t\t<section class=\"elementor-section elementor-top-section elementor-element elementor-element-c28bbe0 elementor-section-boxed elementor-section-height-default elementor-section-height-default\" data-id=\"c28bbe0\" data-element_type=\"section\" data-e-type=\"section\" data-settings=\"{&quot;background_background&quot;:&quot;classic&quot;}\">\n\t\t\t\t\t\t\t<div class=\"elementor-background-overlay\"><\/div>\n\t\t\t\t\t\t\t<div class=\"elementor-container elementor-column-gap-default\">\n\t\t\t\t\t<div class=\"elementor-column elementor-col-100 elementor-top-column elementor-element elementor-element-0fa8d87\" data-id=\"0fa8d87\" data-element_type=\"column\" data-e-type=\"column\">\n\t\t\t<div class=\"elementor-widget-wrap elementor-element-populated\">\n\t\t\t\t\t\t<div class=\"elementor-element elementor-element-066a051 elementor-widget elementor-widget-text-editor\" data-id=\"066a051\" data-element_type=\"widget\" data-e-type=\"widget\" data-widget_type=\"text-editor.default\">\n\t\t\t\t\t\t\t\t\t<div dir=\"ltr\" style=\"text-align: left;\">By combining aesthetic procedures and regenerative therapies, we offer a comprehensive solution that both optimises your external appearance and promotes long-term cellular health. With customised treatment plans tailored to your individual needs, we ensure that you feel invigorated on the inside and rejuvenated on the outside.<\/div><div dir=\"ltr\" style=\"text-align: left;\">\u00a0<\/div><div dir=\"ltr\" style=\"text-align: left;\">Rely on our expertise and innovative methods to develop your natural beauty and vitality in a sustainable way.<\/div>\t\t\t\t\t\t\t\t<\/div>\n\t\t\t\t<div class=\"elementor-element elementor-element-307f206 elementor-align-center elementor-widget elementor-widget-button\" data-id=\"307f206\" data-element_type=\"widget\" data-e-type=\"widget\" data-widget_type=\"button.default\">\n\t\t\t\t\t\t\t\t\t\t<a class=\"elementor-button elementor-button-link elementor-size-sm\" href=\"https:\/\/dr-nabavi.de\/en\/termin-vereinbaren-dr-nabavi-hamburg\/\">\n\t\t\t\t\t\t<span class=\"elementor-button-content-wrapper\">\n\t\t\t\t\t\t\t\t\t<span class=\"elementor-button-text\">appointment online<\/span>\n\t\t\t\t\t<\/span>\n\t\t\t\t\t<\/a>\n\t\t\t\t\t\t\t\t<\/div>\n\t\t\t\t\t<\/div>\n\t\t<\/div>\n\t\t\t\t\t<\/div>\n\t\t<\/section>\n\t\t\t\t<section class=\"elementor-section elementor-top-section elementor-element elementor-element-c424f09 elementor-section-full_width elementor-section-height-default elementor-section-height-default\" data-id=\"c424f09\" data-element_type=\"section\" data-e-type=\"section\">\n\t\t\t\t\t\t<div class=\"elementor-container elementor-column-gap-default\">\n\t\t\t\t\t<div class=\"elementor-column elementor-col-100 elementor-top-column elementor-element elementor-element-6f8cb40\" data-id=\"6f8cb40\" data-element_type=\"column\" data-e-type=\"column\">\n\t\t\t<div class=\"elementor-widget-wrap elementor-element-populated\">\n\t\t\t\t\t\t<div class=\"elementor-element elementor-element-4d30b30 elementor-widget elementor-widget-google_maps\" data-id=\"4d30b30\" data-element_type=\"widget\" data-e-type=\"widget\" data-widget_type=\"google_maps.default\">\n\t\t\t\t\t\t\t<div class=\"elementor-custom-embed\">\n\t\t\t<iframe loading=\"lazy\"\n\t\t\t\t\tsrc=\"https:\/\/maps.google.com\/maps?q=Dr.%20med.%20Neda%20Nabavi%20Privatpraxis%20f%C3%BCr%20Plastische%20und%20%C3%84sthetische%20Chirurgie%20Ballindamm%203%2020095%20Hamburg&#038;t=m&#038;z=14&#038;output=embed&#038;iwloc=near\"\n\t\t\t\t\ttitle=\"Dr Neda Nabavi Private Practice for Plastic and Aesthetic Surgery Ballindamm 3 20095 Hamburg\"\n\t\t\t\t\taria-label=\"Dr Neda Nabavi Private Practice for Plastic and Aesthetic Surgery Ballindamm 3 20095 Hamburg\"\n\t\t\t><\/iframe>\n\t\t<\/div>\n\t\t\t\t\t\t<\/div>\n\t\t\t\t\t<\/div>\n\t\t<\/div>\n\t\t\t\t\t<\/div>\n\t\t<\/section>\n\t\t\t\t<\/div>","protected":false},"excerpt":{"rendered":"<p>Praxis Dr. Nabavi &#8211; \u00c4sthetisch Plastische Chirurgie Unsere Philosophie In unserer Praxis legen wir besonderen Wert auf einen ganzheitlichen Ansatz. Wir betrachten Sch\u00f6nheit nicht nur als etwas \u00c4u\u00dferliches, sondern sehen sie als Ausdruck von Gesundheit und Wohlbefinden, das von innen heraus strahlt. Deshalb kombinieren wir \u00e4sthetische Behandlungen mit fortschrittlichen Verfahren zur Zellregeneration und Zellverj\u00fcngung.\u00a0Unser Ansatz [&hellip;]<\/p>\n","protected":false},"author":1,"featured_media":0,"parent":0,"menu_order":0,"comment_status":"closed","ping_status":"closed","template":"elementor_header_footer","meta":{"footnotes":""},"class_list":["post-3813","page","type-page","status-publish","hentry"],"yoast_head":"<!-- This site is optimized with the Yoast SEO Premium plugin v27.4 (Yoast SEO v27.4) - https:\/\/yoast.com\/product\/yoast-seo-premium-wordpress\/ -->\n<title>Ganzheitlicher Ansatz f\u00fcr Sch\u00f6nheit und Gesundheit - Dr. Neda Nabavi<\/title>\n<meta name=\"description\" content=\"Ganzheitliche Sch\u00f6nheitsbehandlungen von Dr. Neda Nabavi. Verj\u00fcngen Sie Ihre Zellen und revitalisieren Sie Ihren K\u00f6rper.\" \/>\n<meta name=\"robots\" content=\"index, follow, max-snippet:-1, max-image-preview:large, max-video-preview:-1\" \/>\n<link rel=\"canonical\" href=\"https:\/\/dr-nabavi.de\/en\/unsere-philosophie-dr-nabavi-hamburg\/\" \/>\n<meta property=\"og:locale\" content=\"en_GB\" \/>\n<meta property=\"og:type\" content=\"article\" \/>\n<meta property=\"og:title\" content=\"Unsere Philosophie Praxis Dr. Nabavi Hamburg\" \/>\n<meta property=\"og:description\" content=\"Ganzheitliche Sch\u00f6nheitsbehandlungen von Dr. Neda Nabavi. Verj\u00fcngen Sie Ihre Zellen und revitalisieren Sie Ihren K\u00f6rper.\" \/>\n<meta property=\"og:url\" content=\"https:\/\/dr-nabavi.de\/en\/unsere-philosophie-dr-nabavi-hamburg\/\" \/>\n<meta property=\"og:site_name\" content=\"Dr. Neda Nabavi\" \/>\n<meta property=\"article:modified_time\" content=\"2025-07-12T13:34:57+00:00\" \/>\n<meta property=\"og:image\" content=\"https:\/\/dr-nabavi.de\/wp-content\/uploads\/2024\/01\/csm_praxis_dr-nabavi_7847_72dpi_srgb_b12a1d2d68.jpeg?wsr\" \/>\n\t<meta property=\"og:image:width\" content=\"992\" \/>\n\t<meta property=\"og:image:height\" content=\"662\" \/>\n\t<meta property=\"og:image:type\" content=\"image\/jpeg\" \/>\n<meta name=\"twitter:card\" content=\"summary_large_image\" \/>\n<meta name=\"twitter:label1\" content=\"Estimated reading time\" \/>\n\t<meta name=\"twitter:data1\" content=\"2 minutes\" \/>\n<script type=\"application\/ld+json\" class=\"yoast-schema-graph\">{\"@context\":\"https:\\\/\\\/schema.org\",\"@graph\":[{\"@type\":\"WebPage\",\"@id\":\"https:\\\/\\\/dr-nabavi.de\\\/unsere-philosophie-dr-nabavi-hamburg\\\/\",\"url\":\"https:\\\/\\\/dr-nabavi.de\\\/unsere-philosophie-dr-nabavi-hamburg\\\/\",\"name\":\"Ganzheitlicher Ansatz f\u00fcr Sch\u00f6nheit und Gesundheit - Dr. Neda Nabavi\",\"isPartOf\":{\"@id\":\"https:\\\/\\\/dr-nabavi.de\\\/#website\"},\"primaryImageOfPage\":{\"@id\":\"https:\\\/\\\/dr-nabavi.de\\\/unsere-philosophie-dr-nabavi-hamburg\\\/#primaryimage\"},\"image\":{\"@id\":\"https:\\\/\\\/dr-nabavi.de\\\/unsere-philosophie-dr-nabavi-hamburg\\\/#primaryimage\"},\"thumbnailUrl\":\"https:\\\/\\\/dr-nabavi.de\\\/wp-content\\\/uploads\\\/2024\\\/01\\\/csm_praxis_dr-nabavi_7847_72dpi_srgb_b12a1d2d68.jpeg?wsr\",\"datePublished\":\"2024-10-01T14:05:29+00:00\",\"dateModified\":\"2025-07-12T13:34:57+00:00\",\"description\":\"Ganzheitliche Sch\u00f6nheitsbehandlungen von Dr. Neda Nabavi. Verj\u00fcngen Sie Ihre Zellen und revitalisieren Sie Ihren K\u00f6rper.\",\"breadcrumb\":{\"@id\":\"https:\\\/\\\/dr-nabavi.de\\\/unsere-philosophie-dr-nabavi-hamburg\\\/#breadcrumb\"},\"inLanguage\":\"en-GB\",\"potentialAction\":[{\"@type\":\"ReadAction\",\"target\":[\"https:\\\/\\\/dr-nabavi.de\\\/unsere-philosophie-dr-nabavi-hamburg\\\/\"]}]},{\"@type\":\"ImageObject\",\"inLanguage\":\"en-GB\",\"@id\":\"https:\\\/\\\/dr-nabavi.de\\\/unsere-philosophie-dr-nabavi-hamburg\\\/#primaryimage\",\"url\":\"https:\\\/\\\/dr-nabavi.de\\\/wp-content\\\/uploads\\\/2024\\\/01\\\/csm_praxis_dr-nabavi_7847_72dpi_srgb_b12a1d2d68.jpeg?wsr\",\"contentUrl\":\"https:\\\/\\\/dr-nabavi.de\\\/wp-content\\\/uploads\\\/2024\\\/01\\\/csm_praxis_dr-nabavi_7847_72dpi_srgb_b12a1d2d68.jpeg?wsr\"},{\"@type\":\"BreadcrumbList\",\"@id\":\"https:\\\/\\\/dr-nabavi.de\\\/unsere-philosophie-dr-nabavi-hamburg\\\/#breadcrumb\",\"itemListElement\":[{\"@type\":\"ListItem\",\"position\":1,\"name\":\"Startseite\",\"item\":\"https:\\\/\\\/dr-nabavi.de\\\/\"},{\"@type\":\"ListItem\",\"position\":2,\"name\":\"Unsere Philosophie Praxis Dr. Nabavi Hamburg\"}]},{\"@type\":\"WebSite\",\"@id\":\"https:\\\/\\\/dr-nabavi.de\\\/#website\",\"url\":\"https:\\\/\\\/dr-nabavi.de\\\/\",\"name\":\"dr-nabavi.de\",\"description\":\"Fach\u00e4rztin f\u00fcr Plastische und \u00c4sthetische Chirurgie Hamburg\",\"publisher\":{\"@id\":\"https:\\\/\\\/dr-nabavi.de\\\/#organization\"},\"potentialAction\":[{\"@type\":\"SearchAction\",\"target\":{\"@type\":\"EntryPoint\",\"urlTemplate\":\"https:\\\/\\\/dr-nabavi.de\\\/?s={search_term_string}\"},\"query-input\":{\"@type\":\"PropertyValueSpecification\",\"valueRequired\":true,\"valueName\":\"search_term_string\"}}],\"inLanguage\":\"en-GB\"},{\"@type\":\"Organization\",\"@id\":\"https:\\\/\\\/dr-nabavi.de\\\/#organization\",\"name\":\"Praxis f\u00fcr Plastische und \u00c4sthetische Chirurgie Dr. Neda Nabavi\",\"url\":\"https:\\\/\\\/dr-nabavi.de\\\/\",\"logo\":{\"@type\":\"ImageObject\",\"inLanguage\":\"en-GB\",\"@id\":\"https:\\\/\\\/dr-nabavi.de\\\/#\\\/schema\\\/logo\\\/image\\\/\",\"url\":\"http:\\\/\\\/dr-nabavi.de\\\/wp-content\\\/uploads\\\/2023\\\/08\\\/logo_nabavi.svg\",\"contentUrl\":\"http:\\\/\\\/dr-nabavi.de\\\/wp-content\\\/uploads\\\/2023\\\/08\\\/logo_nabavi.svg\",\"width\":421,\"height\":109,\"caption\":\"Praxis f\u00fcr Plastische und \u00c4sthetische Chirurgie Dr. Neda Nabavi\"},\"image\":{\"@id\":\"https:\\\/\\\/dr-nabavi.de\\\/#\\\/schema\\\/logo\\\/image\\\/\"},\"sameAs\":[\"https:\\\/\\\/www.instagram.com\\\/dr.nedanabavi\\\/\"]}]}<\/script>\n<!-- \/ Yoast SEO Premium plugin. -->","yoast_head_json":{"title":"Holistic approach to beauty and health - Dr. Neda Nabavi","description":"Holistic Beauty Treatments by Dr. Neda Nabavi. Rejuvenate your cells and revitalise your body.","robots":{"index":"index","follow":"follow","max-snippet":"max-snippet:-1","max-image-preview":"max-image-preview:large","max-video-preview":"max-video-preview:-1"},"canonical":"https:\/\/dr-nabavi.de\/en\/unsere-philosophie-dr-nabavi-hamburg\/","og_locale":"en_GB","og_type":"article","og_title":"Unsere Philosophie Praxis Dr. Nabavi Hamburg","og_description":"Ganzheitliche Sch\u00f6nheitsbehandlungen von Dr. Neda Nabavi. Verj\u00fcngen Sie Ihre Zellen und revitalisieren Sie Ihren K\u00f6rper.","og_url":"https:\/\/dr-nabavi.de\/en\/unsere-philosophie-dr-nabavi-hamburg\/","og_site_name":"Dr. Neda Nabavi","article_modified_time":"2025-07-12T13:34:57+00:00","og_image":[{"width":992,"height":662,"url":"https:\/\/dr-nabavi.de\/wp-content\/uploads\/2024\/01\/csm_praxis_dr-nabavi_7847_72dpi_srgb_b12a1d2d68.jpeg?wsr","type":"image\/jpeg"}],"twitter_card":"summary_large_image","twitter_misc":{"Estimated reading time":"2 minutes"},"schema":{"@context":"https:\/\/schema.org","@graph":[{"@type":"WebPage","@id":"https:\/\/dr-nabavi.de\/unsere-philosophie-dr-nabavi-hamburg\/","url":"https:\/\/dr-nabavi.de\/unsere-philosophie-dr-nabavi-hamburg\/","name":"Holistic approach to beauty and health - Dr. Neda Nabavi","isPartOf":{"@id":"https:\/\/dr-nabavi.de\/#website"},"primaryImageOfPage":{"@id":"https:\/\/dr-nabavi.de\/unsere-philosophie-dr-nabavi-hamburg\/#primaryimage"},"image":{"@id":"https:\/\/dr-nabavi.de\/unsere-philosophie-dr-nabavi-hamburg\/#primaryimage"},"thumbnailUrl":"https:\/\/dr-nabavi.de\/wp-content\/uploads\/2024\/01\/csm_praxis_dr-nabavi_7847_72dpi_srgb_b12a1d2d68.jpeg?wsr","datePublished":"2024-10-01T14:05:29+00:00","dateModified":"2025-07-12T13:34:57+00:00","description":"Holistic Beauty Treatments by Dr. Neda Nabavi. Rejuvenate your cells and revitalise your body.","breadcrumb":{"@id":"https:\/\/dr-nabavi.de\/unsere-philosophie-dr-nabavi-hamburg\/#breadcrumb"},"inLanguage":"en-GB","potentialAction":[{"@type":"ReadAction","target":["https:\/\/dr-nabavi.de\/unsere-philosophie-dr-nabavi-hamburg\/"]}]},{"@type":"ImageObject","inLanguage":"en-GB","@id":"https:\/\/dr-nabavi.de\/unsere-philosophie-dr-nabavi-hamburg\/#primaryimage","url":"https:\/\/dr-nabavi.de\/wp-content\/uploads\/2024\/01\/csm_praxis_dr-nabavi_7847_72dpi_srgb_b12a1d2d68.jpeg?wsr","contentUrl":"https:\/\/dr-nabavi.de\/wp-content\/uploads\/2024\/01\/csm_praxis_dr-nabavi_7847_72dpi_srgb_b12a1d2d68.jpeg?wsr"},{"@type":"BreadcrumbList","@id":"https:\/\/dr-nabavi.de\/unsere-philosophie-dr-nabavi-hamburg\/#breadcrumb","itemListElement":[{"@type":"ListItem","position":1,"name":"Startseite","item":"https:\/\/dr-nabavi.de\/"},{"@type":"ListItem","position":2,"name":"Unsere Philosophie Praxis Dr. Nabavi Hamburg"}]},{"@type":"WebSite","@id":"https:\/\/dr-nabavi.de\/#website","url":"https:\/\/dr-nabavi.de\/","name":"dr-nabavi.de","description":"Specialist in plastic and aesthetic surgery Hamburg","publisher":{"@id":"https:\/\/dr-nabavi.de\/#organization"},"potentialAction":[{"@type":"SearchAction","target":{"@type":"EntryPoint","urlTemplate":"https:\/\/dr-nabavi.de\/?s={search_term_string}"},"query-input":{"@type":"PropertyValueSpecification","valueRequired":true,"valueName":"search_term_string"}}],"inLanguage":"en-GB"},{"@type":"Organization","@id":"https:\/\/dr-nabavi.de\/#organization","name":"Practice for Plastic and Aesthetic Surgery Dr Neda Nabavi","url":"https:\/\/dr-nabavi.de\/","logo":{"@type":"ImageObject","inLanguage":"en-GB","@id":"https:\/\/dr-nabavi.de\/#\/schema\/logo\/image\/","url":"http:\/\/dr-nabavi.de\/wp-content\/uploads\/2023\/08\/logo_nabavi.svg","contentUrl":"http:\/\/dr-nabavi.de\/wp-content\/uploads\/2023\/08\/logo_nabavi.svg","width":421,"height":109,"caption":"Praxis f\u00fcr Plastische und \u00c4sthetische Chirurgie Dr. Neda Nabavi"},"image":{"@id":"https:\/\/dr-nabavi.de\/#\/schema\/logo\/image\/"},"sameAs":["https:\/\/www.instagram.com\/dr.nedanabavi\/"]}]}},"_links":{"self":[{"href":"https:\/\/dr-nabavi.de\/en\/wp-json\/wp\/v2\/pages\/3813","targetHints":{"allow":["GET"]}}],"collection":[{"href":"https:\/\/dr-nabavi.de\/en\/wp-json\/wp\/v2\/pages"}],"about":[{"href":"https:\/\/dr-nabavi.de\/en\/wp-json\/wp\/v2\/types\/page"}],"author":[{"embeddable":true,"href":"https:\/\/dr-nabavi.de\/en\/wp-json\/wp\/v2\/users\/1"}],"replies":[{"embeddable":true,"href":"https:\/\/dr-nabavi.de\/en\/wp-json\/wp\/v2\/comments?post=3813"}],"version-history":[{"count":10,"href":"https:\/\/dr-nabavi.de\/en\/wp-json\/wp\/v2\/pages\/3813\/revisions"}],"predecessor-version":[{"id":6323,"href":"https:\/\/dr-nabavi.de\/en\/wp-json\/wp\/v2\/pages\/3813\/revisions\/6323"}],"wp:attachment":[{"href":"https:\/\/dr-nabavi.de\/en\/wp-json\/wp\/v2\/media?parent=3813"}],"curies":[{"name":"wp","href":"https:\/\/api.w.org\/{rel}","templated":true}]}}