{"id":2861,"date":"2024-09-18T13:29:21","date_gmt":"2024-09-18T11:29:21","guid":{"rendered":"https:\/\/new.dr-nabavi.de\/?page_id=2861"},"modified":"2025-07-12T15:34:27","modified_gmt":"2025-07-12T13:34:27","slug":"termin-vereinbaren-dr-nabavi-hamburg","status":"publish","type":"page","link":"https:\/\/dr-nabavi.de\/en\/termin-vereinbaren-dr-nabavi-hamburg\/","title":{"rendered":"Arrange an appointment Dr. Neda Nabavi Hamburg"},"content":{"rendered":"<div data-elementor-type=\"wp-page\" data-elementor-id=\"2861\" class=\"elementor elementor-2861\" data-elementor-post-type=\"page\">\n\t\t\t\t\t\t<section class=\"elementor-section elementor-top-section elementor-element elementor-element-7ac5906b elementor-section-height-min-height elementor-section-boxed elementor-section-height-default elementor-section-items-middle\" data-id=\"7ac5906b\" data-element_type=\"section\" data-e-type=\"section\" data-settings=\"{&quot;background_background&quot;:&quot;classic&quot;}\">\n\t\t\t\t\t\t<div class=\"elementor-container elementor-column-gap-default\">\n\t\t\t\t\t<div class=\"elementor-column elementor-col-50 elementor-top-column elementor-element elementor-element-23a08622\" data-id=\"23a08622\" data-element_type=\"column\" data-e-type=\"column\">\n\t\t\t<div class=\"elementor-widget-wrap elementor-element-populated\">\n\t\t\t\t\t\t<div class=\"elementor-element elementor-element-8d899b9 elementor-widget elementor-widget-heading\" data-id=\"8d899b9\" data-element_type=\"widget\" data-e-type=\"widget\" data-widget_type=\"heading.default\">\n\t\t\t\t\t<h1 class=\"elementor-heading-title elementor-size-default\">Make an appointment now<\/h1>\t\t\t\t<\/div>\n\t\t\t\t<div class=\"elementor-element elementor-element-1358846 elementor-widget elementor-widget-heading\" data-id=\"1358846\" data-element_type=\"widget\" data-e-type=\"widget\" data-widget_type=\"heading.default\">\n\t\t\t\t\t<h2 class=\"elementor-heading-title elementor-size-default\">Practice Dr med. Neda Nabavi in Hamburg<\/h2>\t\t\t\t<\/div>\n\t\t\t\t\t<\/div>\n\t\t<\/div>\n\t\t\t\t<div class=\"elementor-column elementor-col-50 elementor-top-column elementor-element elementor-element-72ad0a5 elementor-hidden-mobile\" data-id=\"72ad0a5\" data-element_type=\"column\" data-e-type=\"column\">\n\t\t\t<div class=\"elementor-widget-wrap\">\n\t\t\t\t\t\t\t<\/div>\n\t\t<\/div>\n\t\t\t\t\t<\/div>\n\t\t<\/section>\n\t\t\t\t<section class=\"elementor-section elementor-top-section elementor-element elementor-element-4013cc50 elementor-section-boxed elementor-section-height-default elementor-section-height-default\" data-id=\"4013cc50\" data-element_type=\"section\" data-e-type=\"section\" data-settings=\"{&quot;background_background&quot;:&quot;classic&quot;}\">\n\t\t\t\t\t\t<div class=\"elementor-container elementor-column-gap-default\">\n\t\t\t\t\t<div class=\"elementor-column elementor-col-100 elementor-top-column elementor-element elementor-element-112e1849\" data-id=\"112e1849\" data-element_type=\"column\" data-e-type=\"column\">\n\t\t\t<div class=\"elementor-widget-wrap elementor-element-populated\">\n\t\t\t\t\t\t<div class=\"elementor-element elementor-element-cb2a39e elementor-widget elementor-widget-heading\" data-id=\"cb2a39e\" data-element_type=\"widget\" data-e-type=\"widget\" data-widget_type=\"heading.default\">\n\t\t\t\t\t<h2 class=\"elementor-heading-title elementor-size-default\">Practice for plastic and aesthetic surgery in the centre of Hamburg<\/h2>\t\t\t\t<\/div>\n\t\t\t\t<div class=\"elementor-element elementor-element-60837c4b elementor-widget elementor-widget-heading\" data-id=\"60837c4b\" data-element_type=\"widget\" data-e-type=\"widget\" data-widget_type=\"heading.default\">\n\t\t\t\t\t<h3 class=\"elementor-heading-title elementor-size-default\">Arrange your appointment today<\/h3>\t\t\t\t<\/div>\n\t\t\t\t<div class=\"elementor-element elementor-element-9427ac2 elementor-widget elementor-widget-image\" data-id=\"9427ac2\" data-element_type=\"widget\" data-e-type=\"widget\" data-widget_type=\"image.default\">\n\t\t\t\t\t\t\t\t\t\t\t\t\t\t\t<img decoding=\"async\" src=\"https:\/\/dr-nabavi.de\/wp-content\/uploads\/2023\/08\/dynamik-5.png\" title=\"dynamic-5\" alt=\"dynamik-5\" loading=\"lazy\" \/>\t\t\t\t\t\t\t\t\t\t\t\t\t\t\t<\/div>\n\t\t\t\t\t<\/div>\n\t\t<\/div>\n\t\t\t\t\t<\/div>\n\t\t<\/section>\n\t\t\t\t<section class=\"elementor-section elementor-top-section elementor-element elementor-element-7571fc5 elementor-section-boxed elementor-section-height-default elementor-section-height-default\" data-id=\"7571fc5\" data-element_type=\"section\" data-e-type=\"section\">\n\t\t\t\t\t\t\t<div class=\"elementor-background-overlay\"><\/div>\n\t\t\t\t\t\t\t<div class=\"elementor-container elementor-column-gap-default\">\n\t\t\t\t\t<div class=\"elementor-column elementor-col-100 elementor-top-column elementor-element elementor-element-15e0dac\" data-id=\"15e0dac\" data-element_type=\"column\" data-e-type=\"column\">\n\t\t\t<div class=\"elementor-widget-wrap elementor-element-populated\">\n\t\t\t\t\t\t<section class=\"elementor-section elementor-inner-section elementor-element elementor-element-c45834c elementor-section-boxed elementor-section-height-default elementor-section-height-default\" data-id=\"c45834c\" data-element_type=\"section\" data-e-type=\"section\">\n\t\t\t\t\t\t<div class=\"elementor-container elementor-column-gap-default\">\n\t\t\t\t\t<div class=\"elementor-column elementor-col-50 elementor-inner-column elementor-element elementor-element-c7841c7\" data-id=\"c7841c7\" data-element_type=\"column\" data-e-type=\"column\">\n\t\t\t<div class=\"elementor-widget-wrap elementor-element-populated\">\n\t\t\t\t\t\t<div class=\"elementor-element elementor-element-12cfe2a elementor-widget elementor-widget-html\" data-id=\"12cfe2a\" data-element_type=\"widget\" data-e-type=\"widget\" data-widget_type=\"html.default\">\n\t\t\t\t\t<iframe style='width: 100%; height: 700px; max-height: 100vh' frameborder='0' src='https:\/\/app.arzt-direkt.de\/drnabavi-hamburg\/booking'><\/iframe>\t\t\t\t<\/div>\n\t\t\t\t\t<\/div>\n\t\t<\/div>\n\t\t\t\t<div class=\"elementor-column elementor-col-50 elementor-inner-column elementor-element elementor-element-4b339b4\" data-id=\"4b339b4\" data-element_type=\"column\" data-e-type=\"column\">\n\t\t\t<div class=\"elementor-widget-wrap elementor-element-populated\">\n\t\t\t\t\t\t<div class=\"elementor-element elementor-element-921ae61 elementor-widget elementor-widget-text-editor\" data-id=\"921ae61\" data-element_type=\"widget\" data-e-type=\"widget\" data-widget_type=\"text-editor.default\">\n\t\t\t\t\t\t\t\t\t<p style=\"text-align: left;\"><strong>Practice Dr Nabavi<\/strong><br \/>Aesthetic plastic surgery<br \/>Ballindamm 3, 20095 Hamburg<br \/>Telephone: <a href=\"tel:+49 (0)40 87 97 999 77\">+49 (0)40 87 97 999 77<\/a><br \/>Telefax: <a href=\"tel:+49 (0)40 87 97 999 78\">+49 (0)40 87 97 999 78<\/a><br \/>e-mail:\u00a0<a href=\"\/en\/&\/#109;&#x61;&#x69;l&#116;&#x6f;&#x3a;i&#110;&#x66;o&#64;&#x64;&#x72;-&#110;&#x61;b&#97;&#x76;&#x69;&#46;&#100;&#x65;\">info(at)dr-nabavi.de<\/a><\/p><p style=\"text-align: left;\"><strong><br \/>Date<\/strong><br \/>by arrangement<\/p>\t\t\t\t\t\t\t\t<\/div>\n\t\t\t\t\t<\/div>\n\t\t<\/div>\n\t\t\t\t\t<\/div>\n\t\t<\/section>\n\t\t\t\t\t<\/div>\n\t\t<\/div>\n\t\t\t\t\t<\/div>\n\t\t<\/section>\n\t\t\t\t<section class=\"elementor-section elementor-top-section elementor-element elementor-element-c424f09 elementor-section-full_width elementor-section-height-default elementor-section-height-default\" data-id=\"c424f09\" data-element_type=\"section\" data-e-type=\"section\">\n\t\t\t\t\t\t<div class=\"elementor-container elementor-column-gap-default\">\n\t\t\t\t\t<div class=\"elementor-column elementor-col-100 elementor-top-column elementor-element elementor-element-6f8cb40\" data-id=\"6f8cb40\" data-element_type=\"column\" data-e-type=\"column\">\n\t\t\t<div class=\"elementor-widget-wrap elementor-element-populated\">\n\t\t\t\t\t\t<div class=\"elementor-element elementor-element-4d30b30 elementor-widget elementor-widget-google_maps\" data-id=\"4d30b30\" data-element_type=\"widget\" data-e-type=\"widget\" data-widget_type=\"google_maps.default\">\n\t\t\t\t\t\t\t<div class=\"elementor-custom-embed\">\n\t\t\t<iframe loading=\"lazy\"\n\t\t\t\t\tsrc=\"https:\/\/maps.google.com\/maps?q=Dr.%20med.%20Neda%20Nabavi%20Privatpraxis%20f%C3%BCr%20Plastische%20und%20%C3%84sthetische%20Chirurgie%20Ballindamm%203%2020095%20Hamburg&#038;t=m&#038;z=14&#038;output=embed&#038;iwloc=near\"\n\t\t\t\t\ttitle=\"Dr Neda Nabavi Private Practice for Plastic and Aesthetic Surgery Ballindamm 3 20095 Hamburg\"\n\t\t\t\t\taria-label=\"Dr Neda Nabavi Private Practice for Plastic and Aesthetic Surgery Ballindamm 3 20095 Hamburg\"\n\t\t\t><\/iframe>\n\t\t<\/div>\n\t\t\t\t\t\t<\/div>\n\t\t\t\t\t<\/div>\n\t\t<\/div>\n\t\t\t\t\t<\/div>\n\t\t<\/section>\n\t\t\t\t<\/div>","protected":false},"excerpt":{"rendered":"<p>Jetzt Termin vereinbaren Praxis Dr. med. Neda Nabavi in Hamburg Praxis f\u00fcr Plastische und \u00c4sthetische Chirurgie im Zentrum Hamburgs Vereinbaren Sie heute Ihren Termin Praxis Dr. Nabavi\u00c4sthetisch Plastische ChirurgieBallindamm 3, 20095 HamburgTelefon: +49 (0)40 87 97 999 77Telefax: +49 (0)40 87 97 999 78E-Mail:\u00a0info(at)dr-nabavi.de Terminnach Vereinbarung<\/p>","protected":false},"author":1,"featured_media":0,"parent":0,"menu_order":0,"comment_status":"closed","ping_status":"closed","template":"elementor_header_footer","meta":{"footnotes":""},"class_list":["post-2861","page","type-page","status-publish","hentry"],"yoast_head":"<!-- This site is optimized with the Yoast SEO Premium plugin v27.4 (Yoast SEO v27.4) - https:\/\/yoast.com\/product\/yoast-seo-premium-wordpress\/ -->\n<title>Termin vereinbaren f\u00fcr Ihre Sch\u00f6nheitsbehandlung - Dr. Neda Nabavi<\/title>\n<meta name=\"description\" content=\"Vereinbaren Sie jetzt Ihren Termin in der Praxis Dr. Nabavi f\u00fcr \u00e4sthetisch plastische Chirurgie in Hamburg. Tel: +49 (0)40 87 97 999 77\" \/>\n<meta name=\"robots\" content=\"index, follow, max-snippet:-1, max-image-preview:large, max-video-preview:-1\" \/>\n<link rel=\"canonical\" href=\"https:\/\/dr-nabavi.de\/en\/termin-vereinbaren-dr-nabavi-hamburg\/\" \/>\n<meta property=\"og:locale\" content=\"en_GB\" \/>\n<meta property=\"og:type\" content=\"article\" \/>\n<meta property=\"og:title\" content=\"Termin vereinbaren Dr. Neda Nabavi Hamburg\" \/>\n<meta property=\"og:description\" content=\"Vereinbaren Sie jetzt Ihren Termin in der Praxis Dr. Nabavi f\u00fcr \u00e4sthetisch plastische Chirurgie in Hamburg. Tel: +49 (0)40 87 97 999 77\" \/>\n<meta property=\"og:url\" content=\"https:\/\/dr-nabavi.de\/en\/termin-vereinbaren-dr-nabavi-hamburg\/\" \/>\n<meta property=\"og:site_name\" content=\"Dr. Neda Nabavi\" \/>\n<meta property=\"article:modified_time\" content=\"2025-07-12T13:34:27+00:00\" \/>\n<meta property=\"og:image\" content=\"https:\/\/dr-nabavi.de\/wp-content\/uploads\/2023\/08\/dynamik-5.png?wsr\" \/>\n<meta name=\"twitter:card\" content=\"summary_large_image\" \/>\n<meta name=\"twitter:label1\" content=\"Estimated reading time\" \/>\n\t<meta name=\"twitter:data1\" content=\"1 minute\" \/>\n<script type=\"application\/ld+json\" class=\"yoast-schema-graph\">{\"@context\":\"https:\\\/\\\/schema.org\",\"@graph\":[{\"@type\":\"WebPage\",\"@id\":\"https:\\\/\\\/dr-nabavi.de\\\/termin-vereinbaren-dr-nabavi-hamburg\\\/\",\"url\":\"https:\\\/\\\/dr-nabavi.de\\\/termin-vereinbaren-dr-nabavi-hamburg\\\/\",\"name\":\"Termin vereinbaren f\u00fcr Ihre Sch\u00f6nheitsbehandlung - Dr. Neda Nabavi\",\"isPartOf\":{\"@id\":\"https:\\\/\\\/dr-nabavi.de\\\/#website\"},\"primaryImageOfPage\":{\"@id\":\"https:\\\/\\\/dr-nabavi.de\\\/termin-vereinbaren-dr-nabavi-hamburg\\\/#primaryimage\"},\"image\":{\"@id\":\"https:\\\/\\\/dr-nabavi.de\\\/termin-vereinbaren-dr-nabavi-hamburg\\\/#primaryimage\"},\"thumbnailUrl\":\"https:\\\/\\\/dr-nabavi.de\\\/wp-content\\\/uploads\\\/2023\\\/08\\\/dynamik-5.png?wsr\",\"datePublished\":\"2024-09-18T11:29:21+00:00\",\"dateModified\":\"2025-07-12T13:34:27+00:00\",\"description\":\"Vereinbaren Sie jetzt Ihren Termin in der Praxis Dr. Nabavi f\u00fcr \u00e4sthetisch plastische Chirurgie in Hamburg. Tel: +49 (0)40 87 97 999 77\",\"breadcrumb\":{\"@id\":\"https:\\\/\\\/dr-nabavi.de\\\/termin-vereinbaren-dr-nabavi-hamburg\\\/#breadcrumb\"},\"inLanguage\":\"en-GB\",\"potentialAction\":[{\"@type\":\"ReadAction\",\"target\":[\"https:\\\/\\\/dr-nabavi.de\\\/termin-vereinbaren-dr-nabavi-hamburg\\\/\"]}]},{\"@type\":\"ImageObject\",\"inLanguage\":\"en-GB\",\"@id\":\"https:\\\/\\\/dr-nabavi.de\\\/termin-vereinbaren-dr-nabavi-hamburg\\\/#primaryimage\",\"url\":\"https:\\\/\\\/dr-nabavi.de\\\/wp-content\\\/uploads\\\/2023\\\/08\\\/dynamik-5.png?wsr\",\"contentUrl\":\"https:\\\/\\\/dr-nabavi.de\\\/wp-content\\\/uploads\\\/2023\\\/08\\\/dynamik-5.png?wsr\"},{\"@type\":\"BreadcrumbList\",\"@id\":\"https:\\\/\\\/dr-nabavi.de\\\/termin-vereinbaren-dr-nabavi-hamburg\\\/#breadcrumb\",\"itemListElement\":[{\"@type\":\"ListItem\",\"position\":1,\"name\":\"Startseite\",\"item\":\"https:\\\/\\\/dr-nabavi.de\\\/\"},{\"@type\":\"ListItem\",\"position\":2,\"name\":\"Termin vereinbaren Dr. Neda Nabavi Hamburg\"}]},{\"@type\":\"WebSite\",\"@id\":\"https:\\\/\\\/dr-nabavi.de\\\/#website\",\"url\":\"https:\\\/\\\/dr-nabavi.de\\\/\",\"name\":\"dr-nabavi.de\",\"description\":\"Fach\u00e4rztin f\u00fcr Plastische und \u00c4sthetische Chirurgie Hamburg\",\"publisher\":{\"@id\":\"https:\\\/\\\/dr-nabavi.de\\\/#organization\"},\"potentialAction\":[{\"@type\":\"SearchAction\",\"target\":{\"@type\":\"EntryPoint\",\"urlTemplate\":\"https:\\\/\\\/dr-nabavi.de\\\/?s={search_term_string}\"},\"query-input\":{\"@type\":\"PropertyValueSpecification\",\"valueRequired\":true,\"valueName\":\"search_term_string\"}}],\"inLanguage\":\"en-GB\"},{\"@type\":\"Organization\",\"@id\":\"https:\\\/\\\/dr-nabavi.de\\\/#organization\",\"name\":\"Praxis f\u00fcr Plastische und \u00c4sthetische Chirurgie Dr. Neda Nabavi\",\"url\":\"https:\\\/\\\/dr-nabavi.de\\\/\",\"logo\":{\"@type\":\"ImageObject\",\"inLanguage\":\"en-GB\",\"@id\":\"https:\\\/\\\/dr-nabavi.de\\\/#\\\/schema\\\/logo\\\/image\\\/\",\"url\":\"http:\\\/\\\/dr-nabavi.de\\\/wp-content\\\/uploads\\\/2023\\\/08\\\/logo_nabavi.svg\",\"contentUrl\":\"http:\\\/\\\/dr-nabavi.de\\\/wp-content\\\/uploads\\\/2023\\\/08\\\/logo_nabavi.svg\",\"width\":421,\"height\":109,\"caption\":\"Praxis f\u00fcr Plastische und \u00c4sthetische Chirurgie Dr. Neda Nabavi\"},\"image\":{\"@id\":\"https:\\\/\\\/dr-nabavi.de\\\/#\\\/schema\\\/logo\\\/image\\\/\"},\"sameAs\":[\"https:\\\/\\\/www.instagram.com\\\/dr.nedanabavi\\\/\"]}]}<\/script>\n<!-- \/ Yoast SEO Premium plugin. -->","yoast_head_json":{"title":"Termin vereinbaren f\u00fcr Ihre Sch\u00f6nheitsbehandlung - Dr. Neda Nabavi","description":"Vereinbaren Sie jetzt Ihren Termin in der Praxis Dr. Nabavi f\u00fcr \u00e4sthetisch plastische Chirurgie in Hamburg. Tel: +49 (0)40 87 97 999 77","robots":{"index":"index","follow":"follow","max-snippet":"max-snippet:-1","max-image-preview":"max-image-preview:large","max-video-preview":"max-video-preview:-1"},"canonical":"https:\/\/dr-nabavi.de\/en\/termin-vereinbaren-dr-nabavi-hamburg\/","og_locale":"en_GB","og_type":"article","og_title":"Termin vereinbaren Dr. Neda Nabavi Hamburg","og_description":"Vereinbaren Sie jetzt Ihren Termin in der Praxis Dr. Nabavi f\u00fcr \u00e4sthetisch plastische Chirurgie in Hamburg. Tel: +49 (0)40 87 97 999 77","og_url":"https:\/\/dr-nabavi.de\/en\/termin-vereinbaren-dr-nabavi-hamburg\/","og_site_name":"Dr. Neda Nabavi","article_modified_time":"2025-07-12T13:34:27+00:00","og_image":[{"url":"https:\/\/dr-nabavi.de\/wp-content\/uploads\/2023\/08\/dynamik-5.png?wsr","type":"","width":"","height":""}],"twitter_card":"summary_large_image","twitter_misc":{"Estimated reading time":"1 minute"},"schema":{"@context":"https:\/\/schema.org","@graph":[{"@type":"WebPage","@id":"https:\/\/dr-nabavi.de\/termin-vereinbaren-dr-nabavi-hamburg\/","url":"https:\/\/dr-nabavi.de\/termin-vereinbaren-dr-nabavi-hamburg\/","name":"Termin vereinbaren f\u00fcr Ihre Sch\u00f6nheitsbehandlung - Dr. Neda Nabavi","isPartOf":{"@id":"https:\/\/dr-nabavi.de\/#website"},"primaryImageOfPage":{"@id":"https:\/\/dr-nabavi.de\/termin-vereinbaren-dr-nabavi-hamburg\/#primaryimage"},"image":{"@id":"https:\/\/dr-nabavi.de\/termin-vereinbaren-dr-nabavi-hamburg\/#primaryimage"},"thumbnailUrl":"https:\/\/dr-nabavi.de\/wp-content\/uploads\/2023\/08\/dynamik-5.png?wsr","datePublished":"2024-09-18T11:29:21+00:00","dateModified":"2025-07-12T13:34:27+00:00","description":"Vereinbaren Sie jetzt Ihren Termin in der Praxis Dr. Nabavi f\u00fcr \u00e4sthetisch plastische Chirurgie in Hamburg. Tel: +49 (0)40 87 97 999 77","breadcrumb":{"@id":"https:\/\/dr-nabavi.de\/termin-vereinbaren-dr-nabavi-hamburg\/#breadcrumb"},"inLanguage":"en-GB","potentialAction":[{"@type":"ReadAction","target":["https:\/\/dr-nabavi.de\/termin-vereinbaren-dr-nabavi-hamburg\/"]}]},{"@type":"ImageObject","inLanguage":"en-GB","@id":"https:\/\/dr-nabavi.de\/termin-vereinbaren-dr-nabavi-hamburg\/#primaryimage","url":"https:\/\/dr-nabavi.de\/wp-content\/uploads\/2023\/08\/dynamik-5.png?wsr","contentUrl":"https:\/\/dr-nabavi.de\/wp-content\/uploads\/2023\/08\/dynamik-5.png?wsr"},{"@type":"BreadcrumbList","@id":"https:\/\/dr-nabavi.de\/termin-vereinbaren-dr-nabavi-hamburg\/#breadcrumb","itemListElement":[{"@type":"ListItem","position":1,"name":"Startseite","item":"https:\/\/dr-nabavi.de\/"},{"@type":"ListItem","position":2,"name":"Termin vereinbaren Dr. Neda Nabavi Hamburg"}]},{"@type":"WebSite","@id":"https:\/\/dr-nabavi.de\/#website","url":"https:\/\/dr-nabavi.de\/","name":"dr-nabavi.de","description":"Specialist in plastic and aesthetic surgery Hamburg","publisher":{"@id":"https:\/\/dr-nabavi.de\/#organization"},"potentialAction":[{"@type":"SearchAction","target":{"@type":"EntryPoint","urlTemplate":"https:\/\/dr-nabavi.de\/?s={search_term_string}"},"query-input":{"@type":"PropertyValueSpecification","valueRequired":true,"valueName":"search_term_string"}}],"inLanguage":"en-GB"},{"@type":"Organization","@id":"https:\/\/dr-nabavi.de\/#organization","name":"Practice for Plastic and Aesthetic Surgery Dr Neda Nabavi","url":"https:\/\/dr-nabavi.de\/","logo":{"@type":"ImageObject","inLanguage":"en-GB","@id":"https:\/\/dr-nabavi.de\/#\/schema\/logo\/image\/","url":"http:\/\/dr-nabavi.de\/wp-content\/uploads\/2023\/08\/logo_nabavi.svg","contentUrl":"http:\/\/dr-nabavi.de\/wp-content\/uploads\/2023\/08\/logo_nabavi.svg","width":421,"height":109,"caption":"Praxis f\u00fcr Plastische und \u00c4sthetische Chirurgie Dr. Neda Nabavi"},"image":{"@id":"https:\/\/dr-nabavi.de\/#\/schema\/logo\/image\/"},"sameAs":["https:\/\/www.instagram.com\/dr.nedanabavi\/"]}]}},"_links":{"self":[{"href":"https:\/\/dr-nabavi.de\/en\/wp-json\/wp\/v2\/pages\/2861","targetHints":{"allow":["GET"]}}],"collection":[{"href":"https:\/\/dr-nabavi.de\/en\/wp-json\/wp\/v2\/pages"}],"about":[{"href":"https:\/\/dr-nabavi.de\/en\/wp-json\/wp\/v2\/types\/page"}],"author":[{"embeddable":true,"href":"https:\/\/dr-nabavi.de\/en\/wp-json\/wp\/v2\/users\/1"}],"replies":[{"embeddable":true,"href":"https:\/\/dr-nabavi.de\/en\/wp-json\/wp\/v2\/comments?post=2861"}],"version-history":[{"count":10,"href":"https:\/\/dr-nabavi.de\/en\/wp-json\/wp\/v2\/pages\/2861\/revisions"}],"predecessor-version":[{"id":6320,"href":"https:\/\/dr-nabavi.de\/en\/wp-json\/wp\/v2\/pages\/2861\/revisions\/6320"}],"wp:attachment":[{"href":"https:\/\/dr-nabavi.de\/en\/wp-json\/wp\/v2\/media?parent=2861"}],"curies":[{"name":"wp","href":"https:\/\/api.w.org\/{rel}","templated":true}]}}