{"id":2031,"date":"2024-01-03T18:13:55","date_gmt":"2024-01-03T17:13:55","guid":{"rendered":"http:\/\/new.dr-nabavi.de\/?page_id=2031"},"modified":"2025-12-18T19:31:11","modified_gmt":"2025-12-18T18:31:11","slug":"myhyppp-hamburg","status":"publish","type":"page","link":"https:\/\/dr-nabavi.de\/en\/myhyppp-hamburg\/","title":{"rendered":"myHYPPP\u00ae Hamburg"},"content":{"rendered":"<div data-elementor-type=\"wp-page\" data-elementor-id=\"2031\" class=\"elementor elementor-2031\" data-elementor-post-type=\"page\">\n\t\t\t\t\t\t<section class=\"elementor-section elementor-top-section elementor-element elementor-element-7ac5906b elementor-section-height-min-height elementor-section-boxed elementor-section-height-default elementor-section-items-middle\" data-id=\"7ac5906b\" data-element_type=\"section\" data-e-type=\"section\" data-settings=\"{&quot;background_background&quot;:&quot;classic&quot;}\">\n\t\t\t\t\t\t<div class=\"elementor-container elementor-column-gap-default\">\n\t\t\t\t\t<div class=\"elementor-column elementor-col-50 elementor-top-column elementor-element elementor-element-23a08622\" data-id=\"23a08622\" data-element_type=\"column\" data-e-type=\"column\">\n\t\t\t<div class=\"elementor-widget-wrap elementor-element-populated\">\n\t\t\t\t\t\t<div class=\"elementor-element elementor-element-dc47006 elementor-widget elementor-widget-heading\" data-id=\"dc47006\" data-element_type=\"widget\" data-e-type=\"widget\" data-widget_type=\"heading.default\">\n\t\t\t\t\t<h1 class=\"elementor-heading-title elementor-size-default\">myHYPPP\u00ae skin care<\/h1>\t\t\t\t<\/div>\n\t\t\t\t<div class=\"elementor-element elementor-element-1358846 elementor-widget elementor-widget-heading\" data-id=\"1358846\" data-element_type=\"widget\" data-e-type=\"widget\" data-widget_type=\"heading.default\">\n\t\t\t\t\t<h2 class=\"elementor-heading-title elementor-size-default\">Discover your ability to rejuvenate yourself<\/h2>\t\t\t\t<\/div>\n\t\t\t\t\t<\/div>\n\t\t<\/div>\n\t\t\t\t<div class=\"elementor-column elementor-col-50 elementor-top-column elementor-element elementor-element-72ad0a5 elementor-hidden-mobile\" data-id=\"72ad0a5\" data-element_type=\"column\" data-e-type=\"column\">\n\t\t\t<div class=\"elementor-widget-wrap\">\n\t\t\t\t\t\t\t<\/div>\n\t\t<\/div>\n\t\t\t\t\t<\/div>\n\t\t<\/section>\n\t\t\t\t<section class=\"elementor-section elementor-top-section elementor-element elementor-element-4013cc50 elementor-section-boxed elementor-section-height-default elementor-section-height-default\" data-id=\"4013cc50\" data-element_type=\"section\" data-e-type=\"section\" data-settings=\"{&quot;background_background&quot;:&quot;classic&quot;}\">\n\t\t\t\t\t\t<div class=\"elementor-container elementor-column-gap-default\">\n\t\t\t\t\t<div class=\"elementor-column elementor-col-100 elementor-top-column elementor-element elementor-element-112e1849\" data-id=\"112e1849\" data-element_type=\"column\" data-e-type=\"column\">\n\t\t\t<div class=\"elementor-widget-wrap elementor-element-populated\">\n\t\t\t\t\t\t<div class=\"elementor-element elementor-element-cb2a39e elementor-widget elementor-widget-heading\" data-id=\"cb2a39e\" data-element_type=\"widget\" data-e-type=\"widget\" data-widget_type=\"heading.default\">\n\t\t\t\t\t<h3 class=\"elementor-heading-title elementor-size-default\">myHYPPP\u00ae skin care<\/h3>\t\t\t\t<\/div>\n\t\t\t\t<div class=\"elementor-element elementor-element-60837c4b elementor-widget elementor-widget-heading\" data-id=\"60837c4b\" data-element_type=\"widget\" data-e-type=\"widget\" data-widget_type=\"heading.default\">\n\t\t\t\t\t<h3 class=\"elementor-heading-title elementor-size-default\">Personalised and bioactive skin rejuvenation<\/h3>\t\t\t\t<\/div>\n\t\t\t\t<div class=\"elementor-element elementor-element-9427ac2 elementor-widget elementor-widget-image\" data-id=\"9427ac2\" data-element_type=\"widget\" data-e-type=\"widget\" data-widget_type=\"image.default\">\n\t\t\t\t\t\t\t\t\t\t\t\t\t\t\t<img decoding=\"async\" src=\"https:\/\/dr-nabavi.de\/wp-content\/uploads\/2023\/08\/dynamik-5.png\" title=\"dynamic-5\" alt=\"dynamik-5\" loading=\"lazy\" \/>\t\t\t\t\t\t\t\t\t\t\t\t\t\t\t<\/div>\n\t\t\t\t\t<\/div>\n\t\t<\/div>\n\t\t\t\t\t<\/div>\n\t\t<\/section>\n\t\t\t\t<section class=\"elementor-section elementor-top-section elementor-element elementor-element-7571fc5 elementor-section-boxed elementor-section-height-default elementor-section-height-default\" data-id=\"7571fc5\" data-element_type=\"section\" data-e-type=\"section\">\n\t\t\t\t\t\t\t<div class=\"elementor-background-overlay\"><\/div>\n\t\t\t\t\t\t\t<div class=\"elementor-container elementor-column-gap-default\">\n\t\t\t\t\t<div class=\"elementor-column elementor-col-100 elementor-top-column elementor-element elementor-element-15e0dac\" data-id=\"15e0dac\" data-element_type=\"column\" data-e-type=\"column\">\n\t\t\t<div class=\"elementor-widget-wrap elementor-element-populated\">\n\t\t\t\t\t\t<div class=\"elementor-element elementor-element-455c386 elementor-widget elementor-widget-heading\" data-id=\"455c386\" data-element_type=\"widget\" data-e-type=\"widget\" data-widget_type=\"heading.default\">\n\t\t\t\t\t<h3 class=\"elementor-heading-title elementor-size-default\">What is myHYPPP\u00ae?<\/h3>\t\t\t\t<\/div>\n\t\t\t\t<div class=\"elementor-element elementor-element-0fffd74 elementor-widget elementor-widget-text-editor\" data-id=\"0fffd74\" data-element_type=\"widget\" data-e-type=\"widget\" data-widget_type=\"text-editor.default\">\n\t\t\t\t\t\t\t\t\t<p style=\"text-align: left;\"><span style=\"font-family: 'Open Sans', sans-serif;\">Originally developed by scientists at the Technical University of Munich as a procedure to improve wound healing, myHYPPP\u00ae is used in our practice in Hamburg as an innovative procedure for personalised and bioactive skin rejuvenation. In a complex laboratory procedure, the patient's own blood is used to initiate the production of various endogenous growth factors, which are then processed into personalised myHYPPP\u00ae products for each individual patient.<\/span><\/p>\t\t\t\t\t\t\t\t<\/div>\n\t\t\t\t\t<\/div>\n\t\t<\/div>\n\t\t\t\t\t<\/div>\n\t\t<\/section>\n\t\t\t\t<section class=\"elementor-section elementor-top-section elementor-element elementor-element-7a0f80b elementor-section-boxed elementor-section-height-default elementor-section-height-default\" data-id=\"7a0f80b\" data-element_type=\"section\" data-e-type=\"section\" data-settings=\"{&quot;background_background&quot;:&quot;classic&quot;}\">\n\t\t\t\t\t\t\t<div class=\"elementor-background-overlay\"><\/div>\n\t\t\t\t\t\t\t<div class=\"elementor-container elementor-column-gap-default\">\n\t\t\t\t\t<div class=\"elementor-column elementor-col-100 elementor-top-column elementor-element elementor-element-ebbd8b5\" data-id=\"ebbd8b5\" data-element_type=\"column\" data-e-type=\"column\">\n\t\t\t<div class=\"elementor-widget-wrap elementor-element-populated\">\n\t\t\t\t\t\t<div class=\"elementor-element elementor-element-05e0f12 elementor-widget elementor-widget-heading\" data-id=\"05e0f12\" data-element_type=\"widget\" data-e-type=\"widget\" data-widget_type=\"heading.default\">\n\t\t\t\t\t<h3 class=\"elementor-heading-title elementor-size-default\">How does myHYPPP\u00ae compare to conventional cosmetic products?<\/h3>\t\t\t\t<\/div>\n\t\t\t\t<div class=\"elementor-element elementor-element-f59cb4f elementor-widget elementor-widget-text-editor\" data-id=\"f59cb4f\" data-element_type=\"widget\" data-e-type=\"widget\" data-widget_type=\"text-editor.default\">\n\t\t\t\t\t\t\t\t\t<p style=\"text-align: left;\">The main advantage of myHYPPP\u00ae growth factors lies in the smaller molecule size, which enables improved penetration of the skin. By activating certain cells in the deep layers of the skin, the formation of collagen, elastin and glycosaminoglycans is stimulated and blood circulation is increased. The body's own biological rejuvenation processes lead to firmer skin with a visible improvement in skin quality in terms of complexion, texture and moisturisation after just two weeks of use.<\/p>\t\t\t\t\t\t\t\t<\/div>\n\t\t\t\t<div class=\"elementor-element elementor-element-fd4b543 elementor-widget elementor-widget-heading\" data-id=\"fd4b543\" data-element_type=\"widget\" data-e-type=\"widget\" data-widget_type=\"heading.default\">\n\t\t\t\t\t<h3 class=\"elementor-heading-title elementor-size-default\">How does treatment with myHYPPP\u00ae work?<\/h3>\t\t\t\t<\/div>\n\t\t\t\t<div class=\"elementor-element elementor-element-c198115 elementor-widget elementor-widget-text-editor\" data-id=\"c198115\" data-element_type=\"widget\" data-e-type=\"widget\" data-widget_type=\"text-editor.default\">\n\t\t\t\t\t\t\t\t\t<p style=\"text-align: left;\">To produce the personalised myHYPPP\u00ae products such as cream and mask, a blood sample is taken in our practice, which we then process into the respective skin care product in a specialised laboratory procedure over 4-7 days.<\/p><p>\u00a0<\/p><p style=\"text-align: left;\">After one week, you can collect your cream from the practice or have it conveniently delivered by courier.<\/p><p>\u00a0<\/p><p style=\"text-align: left;\">The myHYPPP-Cream\u00ae must be stored in a cool place to maintain its full bioavailability and has a minimum shelf life of 3 months.<\/p>\t\t\t\t\t\t\t\t<\/div>\n\t\t\t\t<div class=\"elementor-element elementor-element-80c2087 elementor-widget elementor-widget-image\" data-id=\"80c2087\" data-element_type=\"widget\" data-e-type=\"widget\" data-widget_type=\"image.default\">\n\t\t\t\t\t\t\t\t\t\t\t\t\t\t\t<img decoding=\"async\" src=\"https:\/\/dr-nabavi.de\/wp-content\/uploads\/2023\/08\/dynamik-5.png\" title=\"dynamic-5\" alt=\"dynamik-5\" loading=\"lazy\" \/>\t\t\t\t\t\t\t\t\t\t\t\t\t\t\t<\/div>\n\t\t\t\t\t<\/div>\n\t\t<\/div>\n\t\t\t\t\t<\/div>\n\t\t<\/section>\n\t\t\t\t<section class=\"elementor-section elementor-top-section elementor-element elementor-element-7ecf32b elementor-section-boxed elementor-section-height-default elementor-section-height-default\" data-id=\"7ecf32b\" data-element_type=\"section\" data-e-type=\"section\" data-settings=\"{&quot;background_background&quot;:&quot;classic&quot;}\">\n\t\t\t\t\t\t\t<div class=\"elementor-background-overlay\"><\/div>\n\t\t\t\t\t\t\t<div class=\"elementor-container elementor-column-gap-default\">\n\t\t\t\t\t<div class=\"elementor-column elementor-col-100 elementor-top-column elementor-element elementor-element-01f33e5\" data-id=\"01f33e5\" data-element_type=\"column\" data-e-type=\"column\">\n\t\t\t<div class=\"elementor-widget-wrap elementor-element-populated\">\n\t\t\t\t\t\t<div class=\"elementor-element elementor-element-8d8035e elementor-widget elementor-widget-heading\" data-id=\"8d8035e\" data-element_type=\"widget\" data-e-type=\"widget\" data-widget_type=\"heading.default\">\n\t\t\t\t\t<h3 class=\"elementor-heading-title elementor-size-default\">What areas of application are there?<\/h3>\t\t\t\t<\/div>\n\t\t\t\t<div class=\"elementor-element elementor-element-dce45ca elementor-widget elementor-widget-text-editor\" data-id=\"dce45ca\" data-element_type=\"widget\" data-e-type=\"widget\" data-widget_type=\"text-editor.default\">\n\t\t\t\t\t\t\t\t\t<p>Would you like to find out more about the myHYPPP\u00ae procedure and the myHYPPP\u00ae products in Hamburg? Then give us a call or make an appointment online. Alternatively, you can also send us your enquiry via our\u00a0<a href=\"https:\/\/dr-nabavi.de\/en\/kontakt\/\">Contact form<\/a>\u00a0send.<\/p><p>\u00a0<\/p><p>We look forward to presenting you with your personalised skin care concept!<\/p>\t\t\t\t\t\t\t\t<\/div>\n\t\t\t\t<div class=\"elementor-element elementor-element-d230497 elementor-align-center elementor-widget elementor-widget-button\" data-id=\"d230497\" data-element_type=\"widget\" data-e-type=\"widget\" data-widget_type=\"button.default\">\n\t\t\t\t\t\t\t\t\t\t<a class=\"elementor-button elementor-button-link elementor-size-sm\" href=\"https:\/\/dr-nabavi.de\/en\/termin-vereinbaren-dr-nabavi-hamburg\/\">\n\t\t\t\t\t\t<span class=\"elementor-button-content-wrapper\">\n\t\t\t\t\t\t\t\t\t<span class=\"elementor-button-text\">appointment online<\/span>\n\t\t\t\t\t<\/span>\n\t\t\t\t\t<\/a>\n\t\t\t\t\t\t\t\t<\/div>\n\t\t\t\t\t<\/div>\n\t\t<\/div>\n\t\t\t\t\t<\/div>\n\t\t<\/section>\n\t\t\t\t<section class=\"elementor-section elementor-top-section elementor-element elementor-element-c424f09 elementor-section-full_width elementor-section-height-default elementor-section-height-default\" data-id=\"c424f09\" data-element_type=\"section\" data-e-type=\"section\">\n\t\t\t\t\t\t<div class=\"elementor-container elementor-column-gap-default\">\n\t\t\t\t\t<div class=\"elementor-column elementor-col-100 elementor-top-column elementor-element elementor-element-6f8cb40\" data-id=\"6f8cb40\" data-element_type=\"column\" data-e-type=\"column\">\n\t\t\t<div class=\"elementor-widget-wrap elementor-element-populated\">\n\t\t\t\t\t\t<div class=\"elementor-element elementor-element-4d30b30 elementor-widget elementor-widget-google_maps\" data-id=\"4d30b30\" data-element_type=\"widget\" data-e-type=\"widget\" data-widget_type=\"google_maps.default\">\n\t\t\t\t\t\t\t<div class=\"elementor-custom-embed\">\n\t\t\t<iframe loading=\"lazy\"\n\t\t\t\t\tsrc=\"https:\/\/maps.google.com\/maps?q=Dr.%20med.%20Neda%20Nabavi%20Privatpraxis%20f%C3%BCr%20Plastische%20und%20%C3%84sthetische%20Chirurgie%20Ballindamm%203%2020095%20Hamburg&#038;t=m&#038;z=14&#038;output=embed&#038;iwloc=near\"\n\t\t\t\t\ttitle=\"Dr Neda Nabavi Private Practice for Plastic and Aesthetic Surgery Ballindamm 3 20095 Hamburg\"\n\t\t\t\t\taria-label=\"Dr Neda Nabavi Private Practice for Plastic and Aesthetic Surgery Ballindamm 3 20095 Hamburg\"\n\t\t\t><\/iframe>\n\t\t<\/div>\n\t\t\t\t\t\t<\/div>\n\t\t\t\t\t<\/div>\n\t\t<\/div>\n\t\t\t\t\t<\/div>\n\t\t<\/section>\n\t\t\t\t<\/div>","protected":false},"excerpt":{"rendered":"<p>myHYPPP\u00ae Hautpflege Entdecken Sie Ihre F\u00e4higkeit zur Selbstverj\u00fcngung myHYPPP\u00ae Hautpflege Personalisierte und bioaktive Hautverj\u00fcngung Was ist myHYPPP\u00ae? Urspr\u00fcnglich von Wissenschaftlern der Technischen Universit\u00e4t M\u00fcnchen als Verfahren zur Verbesserung der Wundheilung entwickelt, wird myHYPPP\u00ae in unserer Praxis in Hamburg als innovatives Verfahren zur personalisierten und bioaktiven Hautverj\u00fcngung eingesetzt. In einem aufwendigen Laborverfahren wird aus patienteneigenem Blut [&hellip;]<\/p>\n","protected":false},"author":1,"featured_media":0,"parent":0,"menu_order":0,"comment_status":"closed","ping_status":"closed","template":"elementor_header_footer","meta":{"footnotes":""},"class_list":["post-2031","page","type-page","status-publish","hentry"],"yoast_head":"<!-- This site is optimized with the Yoast SEO Premium plugin v27.2 (Yoast SEO v27.2) - https:\/\/yoast.com\/product\/yoast-seo-premium-wordpress\/ -->\n<title>myHYPPP\u00ae in Hamburg: Die nat\u00fcrliche Hautverj\u00fcngungsmethode<\/title>\n<meta name=\"description\" content=\"Mit myHYPPP\u00ae zu sichtbar straffer und jugendlicher Haut. Erfahren Sie mehr \u00fcber die Ergebnisse der personalisierten bioaktiven Hautverj\u00fcngung.\" \/>\n<meta name=\"robots\" content=\"index, follow, max-snippet:-1, max-image-preview:large, max-video-preview:-1\" \/>\n<link rel=\"canonical\" href=\"https:\/\/dr-nabavi.de\/en\/myhyppp-hamburg\/\" \/>\n<meta property=\"og:locale\" content=\"en_GB\" \/>\n<meta property=\"og:type\" content=\"article\" \/>\n<meta property=\"og:title\" content=\"myHYPPP\u00ae Hamburg\" \/>\n<meta property=\"og:description\" content=\"Mit myHYPPP\u00ae zu sichtbar straffer und jugendlicher Haut. Erfahren Sie mehr \u00fcber die Ergebnisse der personalisierten bioaktiven Hautverj\u00fcngung.\" \/>\n<meta property=\"og:url\" content=\"https:\/\/dr-nabavi.de\/en\/myhyppp-hamburg\/\" \/>\n<meta property=\"og:site_name\" content=\"Dr. Neda Nabavi\" \/>\n<meta property=\"article:modified_time\" content=\"2025-12-18T18:31:11+00:00\" \/>\n<meta property=\"og:image\" content=\"https:\/\/dr-nabavi.de\/wp-content\/uploads\/2023\/08\/dynamik-5.png?wsr\" \/>\n<meta name=\"twitter:card\" content=\"summary_large_image\" \/>\n<meta name=\"twitter:label1\" content=\"Estimated reading time\" \/>\n\t<meta name=\"twitter:data1\" content=\"2 minutes\" \/>\n<script type=\"application\/ld+json\" class=\"yoast-schema-graph\">{\"@context\":\"https:\/\/schema.org\",\"@graph\":[{\"@type\":\"WebPage\",\"@id\":\"https:\/\/dr-nabavi.de\/myhyppp-hamburg\/\",\"url\":\"https:\/\/dr-nabavi.de\/myhyppp-hamburg\/\",\"name\":\"myHYPPP\u00ae in Hamburg: Die nat\u00fcrliche Hautverj\u00fcngungsmethode\",\"isPartOf\":{\"@id\":\"https:\/\/dr-nabavi.de\/#website\"},\"primaryImageOfPage\":{\"@id\":\"https:\/\/dr-nabavi.de\/myhyppp-hamburg\/#primaryimage\"},\"image\":{\"@id\":\"https:\/\/dr-nabavi.de\/myhyppp-hamburg\/#primaryimage\"},\"thumbnailUrl\":\"https:\/\/dr-nabavi.de\/wp-content\/uploads\/2023\/08\/dynamik-5.png?wsr\",\"datePublished\":\"2024-01-03T17:13:55+00:00\",\"dateModified\":\"2025-12-18T18:31:11+00:00\",\"description\":\"Mit myHYPPP\u00ae zu sichtbar straffer und jugendlicher Haut. Erfahren Sie mehr \u00fcber die Ergebnisse der personalisierten bioaktiven Hautverj\u00fcngung.\",\"breadcrumb\":{\"@id\":\"https:\/\/dr-nabavi.de\/myhyppp-hamburg\/#breadcrumb\"},\"inLanguage\":\"en-GB\",\"potentialAction\":[{\"@type\":\"ReadAction\",\"target\":[\"https:\/\/dr-nabavi.de\/myhyppp-hamburg\/\"]}]},{\"@type\":\"ImageObject\",\"inLanguage\":\"en-GB\",\"@id\":\"https:\/\/dr-nabavi.de\/myhyppp-hamburg\/#primaryimage\",\"url\":\"https:\/\/dr-nabavi.de\/wp-content\/uploads\/2023\/08\/dynamik-5.png?wsr\",\"contentUrl\":\"https:\/\/dr-nabavi.de\/wp-content\/uploads\/2023\/08\/dynamik-5.png?wsr\"},{\"@type\":\"BreadcrumbList\",\"@id\":\"https:\/\/dr-nabavi.de\/myhyppp-hamburg\/#breadcrumb\",\"itemListElement\":[{\"@type\":\"ListItem\",\"position\":1,\"name\":\"Startseite\",\"item\":\"https:\/\/dr-nabavi.de\/\"},{\"@type\":\"ListItem\",\"position\":2,\"name\":\"myHYPPP\u00ae Hamburg\"}]},{\"@type\":\"WebSite\",\"@id\":\"https:\/\/dr-nabavi.de\/#website\",\"url\":\"https:\/\/dr-nabavi.de\/\",\"name\":\"dr-nabavi.de\",\"description\":\"Fach\u00e4rztin f\u00fcr Plastische und \u00c4sthetische Chirurgie Hamburg\",\"publisher\":{\"@id\":\"https:\/\/dr-nabavi.de\/#organization\"},\"potentialAction\":[{\"@type\":\"SearchAction\",\"target\":{\"@type\":\"EntryPoint\",\"urlTemplate\":\"https:\/\/dr-nabavi.de\/?s={search_term_string}\"},\"query-input\":{\"@type\":\"PropertyValueSpecification\",\"valueRequired\":true,\"valueName\":\"search_term_string\"}}],\"inLanguage\":\"en-GB\"},{\"@type\":\"Organization\",\"@id\":\"https:\/\/dr-nabavi.de\/#organization\",\"name\":\"Praxis f\u00fcr Plastische und \u00c4sthetische Chirurgie Dr. Neda Nabavi\",\"url\":\"https:\/\/dr-nabavi.de\/\",\"logo\":{\"@type\":\"ImageObject\",\"inLanguage\":\"en-GB\",\"@id\":\"https:\/\/dr-nabavi.de\/#\/schema\/logo\/image\/\",\"url\":\"http:\/\/dr-nabavi.de\/wp-content\/uploads\/2023\/08\/logo_nabavi.svg\",\"contentUrl\":\"http:\/\/dr-nabavi.de\/wp-content\/uploads\/2023\/08\/logo_nabavi.svg\",\"width\":421,\"height\":109,\"caption\":\"Praxis f\u00fcr Plastische und \u00c4sthetische Chirurgie Dr. Neda Nabavi\"},\"image\":{\"@id\":\"https:\/\/dr-nabavi.de\/#\/schema\/logo\/image\/\"},\"sameAs\":[\"https:\/\/www.instagram.com\/dr.nedanabavi\/\"]}]}<\/script>\n<!-- \/ Yoast SEO Premium plugin. -->","yoast_head_json":{"title":"myHYPPP\u00ae in Hamburg: The natural skin rejuvenation method","description":"Visibly firmer and more youthful skin with myHYPPP\u00ae. Find out more about the results of personalised bioactive skin rejuvenation.","robots":{"index":"index","follow":"follow","max-snippet":"max-snippet:-1","max-image-preview":"max-image-preview:large","max-video-preview":"max-video-preview:-1"},"canonical":"https:\/\/dr-nabavi.de\/en\/myhyppp-hamburg\/","og_locale":"en_GB","og_type":"article","og_title":"myHYPPP\u00ae Hamburg","og_description":"Mit myHYPPP\u00ae zu sichtbar straffer und jugendlicher Haut. Erfahren Sie mehr \u00fcber die Ergebnisse der personalisierten bioaktiven Hautverj\u00fcngung.","og_url":"https:\/\/dr-nabavi.de\/en\/myhyppp-hamburg\/","og_site_name":"Dr. Neda Nabavi","article_modified_time":"2025-12-18T18:31:11+00:00","og_image":[{"url":"https:\/\/dr-nabavi.de\/wp-content\/uploads\/2023\/08\/dynamik-5.png?wsr","type":"","width":"","height":""}],"twitter_card":"summary_large_image","twitter_misc":{"Estimated reading time":"2 minutes"},"schema":{"@context":"https:\/\/schema.org","@graph":[{"@type":"WebPage","@id":"https:\/\/dr-nabavi.de\/myhyppp-hamburg\/","url":"https:\/\/dr-nabavi.de\/myhyppp-hamburg\/","name":"myHYPPP\u00ae in Hamburg: The natural skin rejuvenation method","isPartOf":{"@id":"https:\/\/dr-nabavi.de\/#website"},"primaryImageOfPage":{"@id":"https:\/\/dr-nabavi.de\/myhyppp-hamburg\/#primaryimage"},"image":{"@id":"https:\/\/dr-nabavi.de\/myhyppp-hamburg\/#primaryimage"},"thumbnailUrl":"https:\/\/dr-nabavi.de\/wp-content\/uploads\/2023\/08\/dynamik-5.png?wsr","datePublished":"2024-01-03T17:13:55+00:00","dateModified":"2025-12-18T18:31:11+00:00","description":"Visibly firmer and more youthful skin with myHYPPP\u00ae. Find out more about the results of personalised bioactive skin rejuvenation.","breadcrumb":{"@id":"https:\/\/dr-nabavi.de\/myhyppp-hamburg\/#breadcrumb"},"inLanguage":"en-GB","potentialAction":[{"@type":"ReadAction","target":["https:\/\/dr-nabavi.de\/myhyppp-hamburg\/"]}]},{"@type":"ImageObject","inLanguage":"en-GB","@id":"https:\/\/dr-nabavi.de\/myhyppp-hamburg\/#primaryimage","url":"https:\/\/dr-nabavi.de\/wp-content\/uploads\/2023\/08\/dynamik-5.png?wsr","contentUrl":"https:\/\/dr-nabavi.de\/wp-content\/uploads\/2023\/08\/dynamik-5.png?wsr"},{"@type":"BreadcrumbList","@id":"https:\/\/dr-nabavi.de\/myhyppp-hamburg\/#breadcrumb","itemListElement":[{"@type":"ListItem","position":1,"name":"Startseite","item":"https:\/\/dr-nabavi.de\/"},{"@type":"ListItem","position":2,"name":"myHYPPP\u00ae Hamburg"}]},{"@type":"WebSite","@id":"https:\/\/dr-nabavi.de\/#website","url":"https:\/\/dr-nabavi.de\/","name":"dr-nabavi.de","description":"Specialist in plastic and aesthetic surgery Hamburg","publisher":{"@id":"https:\/\/dr-nabavi.de\/#organization"},"potentialAction":[{"@type":"SearchAction","target":{"@type":"EntryPoint","urlTemplate":"https:\/\/dr-nabavi.de\/?s={search_term_string}"},"query-input":{"@type":"PropertyValueSpecification","valueRequired":true,"valueName":"search_term_string"}}],"inLanguage":"en-GB"},{"@type":"Organization","@id":"https:\/\/dr-nabavi.de\/#organization","name":"Practice for Plastic and Aesthetic Surgery Dr Neda Nabavi","url":"https:\/\/dr-nabavi.de\/","logo":{"@type":"ImageObject","inLanguage":"en-GB","@id":"https:\/\/dr-nabavi.de\/#\/schema\/logo\/image\/","url":"http:\/\/dr-nabavi.de\/wp-content\/uploads\/2023\/08\/logo_nabavi.svg","contentUrl":"http:\/\/dr-nabavi.de\/wp-content\/uploads\/2023\/08\/logo_nabavi.svg","width":421,"height":109,"caption":"Praxis f\u00fcr Plastische und \u00c4sthetische Chirurgie Dr. Neda Nabavi"},"image":{"@id":"https:\/\/dr-nabavi.de\/#\/schema\/logo\/image\/"},"sameAs":["https:\/\/www.instagram.com\/dr.nedanabavi\/"]}]}},"_links":{"self":[{"href":"https:\/\/dr-nabavi.de\/en\/wp-json\/wp\/v2\/pages\/2031","targetHints":{"allow":["GET"]}}],"collection":[{"href":"https:\/\/dr-nabavi.de\/en\/wp-json\/wp\/v2\/pages"}],"about":[{"href":"https:\/\/dr-nabavi.de\/en\/wp-json\/wp\/v2\/types\/page"}],"author":[{"embeddable":true,"href":"https:\/\/dr-nabavi.de\/en\/wp-json\/wp\/v2\/users\/1"}],"replies":[{"embeddable":true,"href":"https:\/\/dr-nabavi.de\/en\/wp-json\/wp\/v2\/comments?post=2031"}],"version-history":[{"count":10,"href":"https:\/\/dr-nabavi.de\/en\/wp-json\/wp\/v2\/pages\/2031\/revisions"}],"predecessor-version":[{"id":6230,"href":"https:\/\/dr-nabavi.de\/en\/wp-json\/wp\/v2\/pages\/2031\/revisions\/6230"}],"wp:attachment":[{"href":"https:\/\/dr-nabavi.de\/en\/wp-json\/wp\/v2\/media?parent=2031"}],"curies":[{"name":"wp","href":"https:\/\/api.w.org\/{rel}","templated":true}]}}