{"id":1645,"date":"2024-01-02T13:53:15","date_gmt":"2024-01-02T12:53:15","guid":{"rendered":"http:\/\/new.dr-nabavi.de\/?page_id=1645"},"modified":"2025-07-12T15:35:16","modified_gmt":"2025-07-12T13:35:16","slug":"impressionen","status":"publish","type":"page","link":"https:\/\/dr-nabavi.de\/en\/impressionen\/","title":{"rendered":"Unsere Praxis"},"content":{"rendered":"<div data-elementor-type=\"wp-page\" data-elementor-id=\"1645\" class=\"elementor elementor-1645\" data-elementor-post-type=\"page\">\n\t\t\t\t\t\t<section class=\"elementor-section elementor-top-section elementor-element elementor-element-7ac5906b elementor-section-height-min-height elementor-section-boxed elementor-section-height-default elementor-section-items-middle\" data-id=\"7ac5906b\" data-element_type=\"section\" data-e-type=\"section\" data-settings=\"{&quot;background_background&quot;:&quot;classic&quot;}\">\n\t\t\t\t\t\t<div class=\"elementor-container elementor-column-gap-default\">\n\t\t\t\t\t<div class=\"elementor-column elementor-col-50 elementor-top-column elementor-element elementor-element-23a08622\" data-id=\"23a08622\" data-element_type=\"column\" data-e-type=\"column\">\n\t\t\t<div class=\"elementor-widget-wrap\">\n\t\t\t\t\t\t\t<\/div>\n\t\t<\/div>\n\t\t\t\t<div class=\"elementor-column elementor-col-50 elementor-top-column elementor-element elementor-element-72ad0a5 elementor-hidden-mobile\" data-id=\"72ad0a5\" data-element_type=\"column\" data-e-type=\"column\">\n\t\t\t<div class=\"elementor-widget-wrap\">\n\t\t\t\t\t\t\t<\/div>\n\t\t<\/div>\n\t\t\t\t\t<\/div>\n\t\t<\/section>\n\t\t\t\t<section class=\"elementor-section elementor-top-section elementor-element elementor-element-4013cc50 elementor-section-boxed elementor-section-height-default elementor-section-height-default\" data-id=\"4013cc50\" data-element_type=\"section\" data-e-type=\"section\" data-settings=\"{&quot;background_background&quot;:&quot;classic&quot;}\">\n\t\t\t\t\t\t<div class=\"elementor-container elementor-column-gap-default\">\n\t\t\t\t\t<div class=\"elementor-column elementor-col-100 elementor-top-column elementor-element elementor-element-112e1849\" data-id=\"112e1849\" data-element_type=\"column\" data-e-type=\"column\">\n\t\t\t<div class=\"elementor-widget-wrap elementor-element-populated\">\n\t\t\t\t\t\t<div class=\"elementor-element elementor-element-cb2a39e elementor-widget elementor-widget-heading\" data-id=\"cb2a39e\" data-element_type=\"widget\" data-e-type=\"widget\" data-widget_type=\"heading.default\">\n\t\t\t\t\t<h1 class=\"elementor-heading-title elementor-size-default\">Welcome to Ballindamm<\/h1>\t\t\t\t<\/div>\n\t\t\t\t<div class=\"elementor-element elementor-element-60837c4b elementor-widget elementor-widget-heading\" data-id=\"60837c4b\" data-element_type=\"widget\" data-e-type=\"widget\" data-widget_type=\"heading.default\">\n\t\t\t\t\t<h2 class=\"elementor-heading-title elementor-size-default\">Our practice in pictures<\/h2>\t\t\t\t<\/div>\n\t\t\t\t<div class=\"elementor-element elementor-element-9427ac2 elementor-widget elementor-widget-image\" data-id=\"9427ac2\" data-element_type=\"widget\" data-e-type=\"widget\" data-widget_type=\"image.default\">\n\t\t\t\t\t\t\t\t\t\t\t\t\t\t\t<img decoding=\"async\" src=\"https:\/\/dr-nabavi.de\/wp-content\/uploads\/2023\/08\/dynamik-5.png\" title=\"dynamic-5\" alt=\"dynamik-5\" loading=\"lazy\" \/>\t\t\t\t\t\t\t\t\t\t\t\t\t\t\t<\/div>\n\t\t\t\t<div class=\"elementor-element elementor-element-c8b6d60 elementor-widget elementor-widget-gallery\" data-id=\"c8b6d60\" data-element_type=\"widget\" data-e-type=\"widget\" data-settings=\"{&quot;columns&quot;:3,&quot;image_hover_animation&quot;:&quot;grow&quot;,&quot;lazyload&quot;:&quot;yes&quot;,&quot;gallery_layout&quot;:&quot;grid&quot;,&quot;columns_tablet&quot;:2,&quot;columns_mobile&quot;:1,&quot;gap&quot;:{&quot;unit&quot;:&quot;px&quot;,&quot;size&quot;:10,&quot;sizes&quot;:[]},&quot;gap_widescreen&quot;:{&quot;unit&quot;:&quot;px&quot;,&quot;size&quot;:&quot;&quot;,&quot;sizes&quot;:[]},&quot;gap_tablet&quot;:{&quot;unit&quot;:&quot;px&quot;,&quot;size&quot;:10,&quot;sizes&quot;:[]},&quot;gap_mobile&quot;:{&quot;unit&quot;:&quot;px&quot;,&quot;size&quot;:10,&quot;sizes&quot;:[]},&quot;link_to&quot;:&quot;file&quot;,&quot;aspect_ratio&quot;:&quot;3:2&quot;,&quot;overlay_background&quot;:&quot;yes&quot;,&quot;content_hover_animation&quot;:&quot;fade-in&quot;}\" data-widget_type=\"gallery.default\">\n\t\t\t\t\t\t\t<div class=\"elementor-gallery__container\">\n\t\t\t\t\t\t\t<a class=\"e-gallery-item elementor-gallery-item elementor-animated-content\" href=\"https:\/\/dr-nabavi.de\/wp-content\/uploads\/2024\/01\/csm_praxis_dr-nabavi_7847_72dpi_srgb_b12a1d2d68.jpeg\" data-elementor-open-lightbox=\"yes\" data-elementor-lightbox-slideshow=\"c8b6d60\" data-elementor-lightbox-title=\"csm_praxis_dr-nabavi_7847_72dpi_srgb_b12a1d2d68\" data-elementor-lightbox-description=\"Intimchirurgie Hamburg\" data-e-action-hash=\"#elementor-action%3Aaction%3Dlightbox%26settings%3DeyJpZCI6MTY0OCwidXJsIjoiaHR0cHM6XC9cL2RyLW5hYmF2aS5kZVwvd3AtY29udGVudFwvdXBsb2Fkc1wvMjAyNFwvMDFcL2NzbV9wcmF4aXNfZHItbmFiYXZpXzc4NDdfNzJkcGlfc3JnYl9iMTJhMWQyZDY4LmpwZWciLCJzbGlkZXNob3ciOiJjOGI2ZDYwIn0%3D\">\n\t\t\t\t\t<div class=\"e-gallery-image elementor-gallery-item__image\" data-thumbnail=\"https:\/\/dr-nabavi.de\/wp-content\/uploads\/2024\/01\/csm_praxis_dr-nabavi_7847_72dpi_srgb_b12a1d2d68.jpeg\" data-width=\"800\" data-height=\"534\" aria-label=\"\" role=\"img\" ><\/div>\n\t\t\t\t\t\t\t\t\t\t\t<div class=\"elementor-gallery-item__overlay\"><\/div>\n\t\t\t\t\t\t\t\t\t\t\t\t\t\t<\/a>\n\t\t\t\t\t\t\t<a class=\"e-gallery-item elementor-gallery-item elementor-animated-content\" href=\"https:\/\/dr-nabavi.de\/wp-content\/uploads\/2024\/01\/csm_wartezimmer_72dpi_srgb_6c2155a4dd.jpg\" data-elementor-open-lightbox=\"yes\" data-elementor-lightbox-slideshow=\"c8b6d60\" data-elementor-lightbox-title=\"csm_wartezimmer_72dpi_srgb_6c2155a4dd\" data-elementor-lightbox-description=\"Praxis Dr. Nabavi Hamburg\" data-e-action-hash=\"#elementor-action%3Aaction%3Dlightbox%26settings%3DeyJpZCI6MTY0NywidXJsIjoiaHR0cHM6XC9cL2RyLW5hYmF2aS5kZVwvd3AtY29udGVudFwvdXBsb2Fkc1wvMjAyNFwvMDFcL2NzbV93YXJ0ZXppbW1lcl83MmRwaV9zcmdiXzZjMjE1NWE0ZGQuanBnIiwic2xpZGVzaG93IjoiYzhiNmQ2MCJ9\">\n\t\t\t\t\t<div class=\"e-gallery-image elementor-gallery-item__image\" data-thumbnail=\"https:\/\/dr-nabavi.de\/wp-content\/uploads\/2024\/01\/csm_wartezimmer_72dpi_srgb_6c2155a4dd.jpg\" data-width=\"800\" data-height=\"536\" aria-label=\"\" role=\"img\" ><\/div>\n\t\t\t\t\t\t\t\t\t\t\t<div class=\"elementor-gallery-item__overlay\"><\/div>\n\t\t\t\t\t\t\t\t\t\t\t\t\t\t<\/a>\n\t\t\t\t\t\t\t<a class=\"e-gallery-item elementor-gallery-item elementor-animated-content\" href=\"https:\/\/dr-nabavi.de\/wp-content\/uploads\/2024\/01\/csm_praxis_dr-nabavi_6748_72dpi_srgb_dfae008504.jpeg\" data-elementor-open-lightbox=\"yes\" data-elementor-lightbox-slideshow=\"c8b6d60\" data-elementor-lightbox-title=\"csm_praxis_dr-nabavi_6748_72dpi_srgb_dfae008504\" data-elementor-lightbox-description=\"Plastische Chirurgin Dr. Neda Nabavi Hamburg\" data-e-action-hash=\"#elementor-action%3Aaction%3Dlightbox%26settings%3DeyJpZCI6MTY1MSwidXJsIjoiaHR0cHM6XC9cL2RyLW5hYmF2aS5kZVwvd3AtY29udGVudFwvdXBsb2Fkc1wvMjAyNFwvMDFcL2NzbV9wcmF4aXNfZHItbmFiYXZpXzY3NDhfNzJkcGlfc3JnYl9kZmFlMDA4NTA0LmpwZWciLCJzbGlkZXNob3ciOiJjOGI2ZDYwIn0%3D\">\n\t\t\t\t\t<div class=\"e-gallery-image elementor-gallery-item__image\" data-thumbnail=\"https:\/\/dr-nabavi.de\/wp-content\/uploads\/2024\/01\/csm_praxis_dr-nabavi_6748_72dpi_srgb_dfae008504.jpeg\" data-width=\"800\" data-height=\"534\" aria-label=\"\" role=\"img\" ><\/div>\n\t\t\t\t\t\t\t\t\t\t\t<div class=\"elementor-gallery-item__overlay\"><\/div>\n\t\t\t\t\t\t\t\t\t\t\t\t\t\t<\/a>\n\t\t\t\t\t\t\t<a class=\"e-gallery-item elementor-gallery-item elementor-animated-content\" href=\"https:\/\/dr-nabavi.de\/wp-content\/uploads\/2024\/01\/csm_praxis_dr-nabavi_7219_72dpi_srgb_20f821f3b7.webp\" data-elementor-open-lightbox=\"yes\" data-elementor-lightbox-slideshow=\"c8b6d60\" data-elementor-lightbox-title=\"csm_praxis_dr-nabavi_7219_72dpi_srgb_20f821f3b7\" data-elementor-lightbox-description=\"Praxis Dr. Nabavi Hamburg\" data-e-action-hash=\"#elementor-action%3Aaction%3Dlightbox%26settings%3DeyJpZCI6MTY1MiwidXJsIjoiaHR0cHM6XC9cL2RyLW5hYmF2aS5kZVwvd3AtY29udGVudFwvdXBsb2Fkc1wvMjAyNFwvMDFcL2NzbV9wcmF4aXNfZHItbmFiYXZpXzcyMTlfNzJkcGlfc3JnYl8yMGY4MjFmM2I3LndlYnAiLCJzbGlkZXNob3ciOiJjOGI2ZDYwIn0%3D\">\n\t\t\t\t\t<div class=\"e-gallery-image elementor-gallery-item__image\" data-thumbnail=\"https:\/\/dr-nabavi.de\/wp-content\/uploads\/2024\/01\/csm_praxis_dr-nabavi_7219_72dpi_srgb_20f821f3b7.webp\" data-width=\"800\" data-height=\"534\" aria-label=\"\" role=\"img\" ><\/div>\n\t\t\t\t\t\t\t\t\t\t\t<div class=\"elementor-gallery-item__overlay\"><\/div>\n\t\t\t\t\t\t\t\t\t\t\t\t\t\t<\/a>\n\t\t\t\t\t\t\t<a class=\"e-gallery-item elementor-gallery-item elementor-animated-content\" href=\"https:\/\/dr-nabavi.de\/wp-content\/uploads\/2024\/01\/csm_praxis_dr-nabavi_7163_72dpi_srgb_e5c9147990.jpeg\" data-elementor-open-lightbox=\"yes\" data-elementor-lightbox-slideshow=\"c8b6d60\" data-elementor-lightbox-title=\"csm_praxis_dr-nabavi_7163_72dpi_srgb_e5c9147990\" data-elementor-lightbox-description=\"Praxis Dr. Nabavi Hamburg\" data-e-action-hash=\"#elementor-action%3Aaction%3Dlightbox%26settings%3DeyJpZCI6MTY1MCwidXJsIjoiaHR0cHM6XC9cL2RyLW5hYmF2aS5kZVwvd3AtY29udGVudFwvdXBsb2Fkc1wvMjAyNFwvMDFcL2NzbV9wcmF4aXNfZHItbmFiYXZpXzcxNjNfNzJkcGlfc3JnYl9lNWM5MTQ3OTkwLmpwZWciLCJzbGlkZXNob3ciOiJjOGI2ZDYwIn0%3D\">\n\t\t\t\t\t<div class=\"e-gallery-image elementor-gallery-item__image\" data-thumbnail=\"https:\/\/dr-nabavi.de\/wp-content\/uploads\/2024\/01\/csm_praxis_dr-nabavi_7163_72dpi_srgb_e5c9147990.jpeg\" data-width=\"800\" data-height=\"534\" aria-label=\"\" role=\"img\" ><\/div>\n\t\t\t\t\t\t\t\t\t\t\t<div class=\"elementor-gallery-item__overlay\"><\/div>\n\t\t\t\t\t\t\t\t\t\t\t\t\t\t<\/a>\n\t\t\t\t\t\t\t<a class=\"e-gallery-item elementor-gallery-item elementor-animated-content\" href=\"https:\/\/dr-nabavi.de\/wp-content\/uploads\/2024\/01\/csm_behandlungsraum_72dpi_srgb_38c380efe3.webp\" data-elementor-open-lightbox=\"yes\" data-elementor-lightbox-slideshow=\"c8b6d60\" data-elementor-lightbox-title=\"csm_behandlungsraum_72dpi_srgb_38c380efe3\" data-elementor-lightbox-description=\"Praxis Dr. Nabavi Hamburg\" data-e-action-hash=\"#elementor-action%3Aaction%3Dlightbox%26settings%3DeyJpZCI6MTY1MywidXJsIjoiaHR0cHM6XC9cL2RyLW5hYmF2aS5kZVwvd3AtY29udGVudFwvdXBsb2Fkc1wvMjAyNFwvMDFcL2NzbV9iZWhhbmRsdW5nc3JhdW1fNzJkcGlfc3JnYl8zOGMzODBlZmUzLndlYnAiLCJzbGlkZXNob3ciOiJjOGI2ZDYwIn0%3D\">\n\t\t\t\t\t<div class=\"e-gallery-image elementor-gallery-item__image\" data-thumbnail=\"https:\/\/dr-nabavi.de\/wp-content\/uploads\/2024\/01\/csm_behandlungsraum_72dpi_srgb_38c380efe3.webp\" data-width=\"800\" data-height=\"534\" aria-label=\"\" role=\"img\" ><\/div>\n\t\t\t\t\t\t\t\t\t\t\t<div class=\"elementor-gallery-item__overlay\"><\/div>\n\t\t\t\t\t\t\t\t\t\t\t\t\t\t<\/a>\n\t\t\t\t\t<\/div>\n\t\t\t\t\t<\/div>\n\t\t\t\t\t<\/div>\n\t\t<\/div>\n\t\t\t\t\t<\/div>\n\t\t<\/section>\n\t\t\t\t<section class=\"elementor-section elementor-top-section elementor-element elementor-element-c424f09 elementor-section-full_width elementor-section-height-default elementor-section-height-default\" data-id=\"c424f09\" data-element_type=\"section\" data-e-type=\"section\">\n\t\t\t\t\t\t<div class=\"elementor-container elementor-column-gap-default\">\n\t\t\t\t\t<div class=\"elementor-column elementor-col-100 elementor-top-column elementor-element elementor-element-6f8cb40\" data-id=\"6f8cb40\" data-element_type=\"column\" data-e-type=\"column\">\n\t\t\t<div class=\"elementor-widget-wrap elementor-element-populated\">\n\t\t\t\t\t\t<div class=\"elementor-element elementor-element-4d30b30 elementor-widget elementor-widget-google_maps\" data-id=\"4d30b30\" data-element_type=\"widget\" data-e-type=\"widget\" data-widget_type=\"google_maps.default\">\n\t\t\t\t\t\t\t<div class=\"elementor-custom-embed\">\n\t\t\t<iframe loading=\"lazy\"\n\t\t\t\t\tsrc=\"https:\/\/maps.google.com\/maps?q=Dr.%20med.%20Neda%20Nabavi%20Privatpraxis%20f%C3%BCr%20Plastische%20und%20%C3%84sthetische%20Chirurgie%20Ballindamm%203%2020095%20Hamburg&#038;t=m&#038;z=14&#038;output=embed&#038;iwloc=near\"\n\t\t\t\t\ttitle=\"Dr Neda Nabavi Private Practice for Plastic and Aesthetic Surgery Ballindamm 3 20095 Hamburg\"\n\t\t\t\t\taria-label=\"Dr Neda Nabavi Private Practice for Plastic and Aesthetic Surgery Ballindamm 3 20095 Hamburg\"\n\t\t\t><\/iframe>\n\t\t<\/div>\n\t\t\t\t\t\t<\/div>\n\t\t\t\t\t<\/div>\n\t\t<\/div>\n\t\t\t\t\t<\/div>\n\t\t<\/section>\n\t\t\t\t<\/div>","protected":false},"excerpt":{"rendered":"<p>Willkommen am Ballindamm Unsere Praxis in Bildern<\/p>","protected":false},"author":1,"featured_media":0,"parent":0,"menu_order":0,"comment_status":"closed","ping_status":"closed","template":"elementor_header_footer","meta":{"footnotes":""},"class_list":["post-1645","page","type-page","status-publish","hentry"],"yoast_head":"<!-- This site is optimized with the Yoast SEO Premium plugin v27.2 (Yoast SEO v27.2) - https:\/\/yoast.com\/product\/yoast-seo-premium-wordpress\/ -->\n<title>Praxis Dr. Nabavi Hamburg: Erfahren Sie mehr \u00fcber uns - Dr. Neda Nabavi<\/title>\n<meta name=\"description\" content=\"Entdecken Sie unsere Praxis am Ballindamm und nutzen Sie unsere Dienstleistungen f\u00fcr Ihre Gesundheit und Ihr Wohlbefinden.\" \/>\n<meta name=\"robots\" content=\"index, follow, max-snippet:-1, max-image-preview:large, max-video-preview:-1\" \/>\n<link rel=\"canonical\" href=\"https:\/\/dr-nabavi.de\/en\/impressionen\/\" \/>\n<meta property=\"og:locale\" content=\"en_GB\" \/>\n<meta property=\"og:type\" content=\"article\" \/>\n<meta property=\"og:title\" content=\"Unsere Praxis\" \/>\n<meta property=\"og:description\" content=\"Entdecken Sie unsere Praxis am Ballindamm und nutzen Sie unsere Dienstleistungen f\u00fcr Ihre Gesundheit und Ihr Wohlbefinden.\" \/>\n<meta property=\"og:url\" content=\"https:\/\/dr-nabavi.de\/en\/impressionen\/\" \/>\n<meta property=\"og:site_name\" content=\"Dr. Neda Nabavi\" \/>\n<meta property=\"article:modified_time\" content=\"2025-07-12T13:35:16+00:00\" \/>\n<meta property=\"og:image\" content=\"https:\/\/dr-nabavi.de\/wp-content\/uploads\/2023\/08\/dynamik-5.png?wsr\" \/>\n<meta name=\"twitter:card\" content=\"summary_large_image\" \/>\n<meta name=\"twitter:label1\" content=\"Estimated reading time\" \/>\n\t<meta name=\"twitter:data1\" content=\"1 minute\" \/>\n<script type=\"application\/ld+json\" class=\"yoast-schema-graph\">{\"@context\":\"https:\/\/schema.org\",\"@graph\":[{\"@type\":\"WebPage\",\"@id\":\"https:\/\/dr-nabavi.de\/impressionen\/\",\"url\":\"https:\/\/dr-nabavi.de\/impressionen\/\",\"name\":\"Praxis Dr. Nabavi Hamburg: Erfahren Sie mehr \u00fcber uns - Dr. Neda Nabavi\",\"isPartOf\":{\"@id\":\"https:\/\/dr-nabavi.de\/#website\"},\"primaryImageOfPage\":{\"@id\":\"https:\/\/dr-nabavi.de\/impressionen\/#primaryimage\"},\"image\":{\"@id\":\"https:\/\/dr-nabavi.de\/impressionen\/#primaryimage\"},\"thumbnailUrl\":\"https:\/\/dr-nabavi.de\/wp-content\/uploads\/2023\/08\/dynamik-5.png?wsr\",\"datePublished\":\"2024-01-02T12:53:15+00:00\",\"dateModified\":\"2025-07-12T13:35:16+00:00\",\"description\":\"Entdecken Sie unsere Praxis am Ballindamm und nutzen Sie unsere Dienstleistungen f\u00fcr Ihre Gesundheit und Ihr Wohlbefinden.\",\"breadcrumb\":{\"@id\":\"https:\/\/dr-nabavi.de\/impressionen\/#breadcrumb\"},\"inLanguage\":\"en-GB\",\"potentialAction\":[{\"@type\":\"ReadAction\",\"target\":[\"https:\/\/dr-nabavi.de\/impressionen\/\"]}]},{\"@type\":\"ImageObject\",\"inLanguage\":\"en-GB\",\"@id\":\"https:\/\/dr-nabavi.de\/impressionen\/#primaryimage\",\"url\":\"https:\/\/dr-nabavi.de\/wp-content\/uploads\/2023\/08\/dynamik-5.png?wsr\",\"contentUrl\":\"https:\/\/dr-nabavi.de\/wp-content\/uploads\/2023\/08\/dynamik-5.png?wsr\"},{\"@type\":\"BreadcrumbList\",\"@id\":\"https:\/\/dr-nabavi.de\/impressionen\/#breadcrumb\",\"itemListElement\":[{\"@type\":\"ListItem\",\"position\":1,\"name\":\"Startseite\",\"item\":\"https:\/\/dr-nabavi.de\/\"},{\"@type\":\"ListItem\",\"position\":2,\"name\":\"Unsere Praxis\"}]},{\"@type\":\"WebSite\",\"@id\":\"https:\/\/dr-nabavi.de\/#website\",\"url\":\"https:\/\/dr-nabavi.de\/\",\"name\":\"dr-nabavi.de\",\"description\":\"Fach\u00e4rztin f\u00fcr Plastische und \u00c4sthetische Chirurgie Hamburg\",\"publisher\":{\"@id\":\"https:\/\/dr-nabavi.de\/#organization\"},\"potentialAction\":[{\"@type\":\"SearchAction\",\"target\":{\"@type\":\"EntryPoint\",\"urlTemplate\":\"https:\/\/dr-nabavi.de\/?s={search_term_string}\"},\"query-input\":{\"@type\":\"PropertyValueSpecification\",\"valueRequired\":true,\"valueName\":\"search_term_string\"}}],\"inLanguage\":\"en-GB\"},{\"@type\":\"Organization\",\"@id\":\"https:\/\/dr-nabavi.de\/#organization\",\"name\":\"Praxis f\u00fcr Plastische und \u00c4sthetische Chirurgie Dr. Neda Nabavi\",\"url\":\"https:\/\/dr-nabavi.de\/\",\"logo\":{\"@type\":\"ImageObject\",\"inLanguage\":\"en-GB\",\"@id\":\"https:\/\/dr-nabavi.de\/#\/schema\/logo\/image\/\",\"url\":\"http:\/\/dr-nabavi.de\/wp-content\/uploads\/2023\/08\/logo_nabavi.svg\",\"contentUrl\":\"http:\/\/dr-nabavi.de\/wp-content\/uploads\/2023\/08\/logo_nabavi.svg\",\"width\":421,\"height\":109,\"caption\":\"Praxis f\u00fcr Plastische und \u00c4sthetische Chirurgie Dr. Neda Nabavi\"},\"image\":{\"@id\":\"https:\/\/dr-nabavi.de\/#\/schema\/logo\/image\/\"},\"sameAs\":[\"https:\/\/www.instagram.com\/dr.nedanabavi\/\"]}]}<\/script>\n<!-- \/ Yoast SEO Premium plugin. -->","yoast_head_json":{"title":"Praxis Dr. Nabavi Hamburg: Erfahren Sie mehr \u00fcber uns - Dr. Neda Nabavi","description":"Entdecken Sie unsere Praxis am Ballindamm und nutzen Sie unsere Dienstleistungen f\u00fcr Ihre Gesundheit und Ihr Wohlbefinden.","robots":{"index":"index","follow":"follow","max-snippet":"max-snippet:-1","max-image-preview":"max-image-preview:large","max-video-preview":"max-video-preview:-1"},"canonical":"https:\/\/dr-nabavi.de\/en\/impressionen\/","og_locale":"en_GB","og_type":"article","og_title":"Unsere Praxis","og_description":"Entdecken Sie unsere Praxis am Ballindamm und nutzen Sie unsere Dienstleistungen f\u00fcr Ihre Gesundheit und Ihr Wohlbefinden.","og_url":"https:\/\/dr-nabavi.de\/en\/impressionen\/","og_site_name":"Dr. Neda Nabavi","article_modified_time":"2025-07-12T13:35:16+00:00","og_image":[{"url":"https:\/\/dr-nabavi.de\/wp-content\/uploads\/2023\/08\/dynamik-5.png?wsr","type":"","width":"","height":""}],"twitter_card":"summary_large_image","twitter_misc":{"Estimated reading time":"1 minute"},"schema":{"@context":"https:\/\/schema.org","@graph":[{"@type":"WebPage","@id":"https:\/\/dr-nabavi.de\/impressionen\/","url":"https:\/\/dr-nabavi.de\/impressionen\/","name":"Praxis Dr. Nabavi Hamburg: Erfahren Sie mehr \u00fcber uns - Dr. Neda Nabavi","isPartOf":{"@id":"https:\/\/dr-nabavi.de\/#website"},"primaryImageOfPage":{"@id":"https:\/\/dr-nabavi.de\/impressionen\/#primaryimage"},"image":{"@id":"https:\/\/dr-nabavi.de\/impressionen\/#primaryimage"},"thumbnailUrl":"https:\/\/dr-nabavi.de\/wp-content\/uploads\/2023\/08\/dynamik-5.png?wsr","datePublished":"2024-01-02T12:53:15+00:00","dateModified":"2025-07-12T13:35:16+00:00","description":"Entdecken Sie unsere Praxis am Ballindamm und nutzen Sie unsere Dienstleistungen f\u00fcr Ihre Gesundheit und Ihr Wohlbefinden.","breadcrumb":{"@id":"https:\/\/dr-nabavi.de\/impressionen\/#breadcrumb"},"inLanguage":"en-GB","potentialAction":[{"@type":"ReadAction","target":["https:\/\/dr-nabavi.de\/impressionen\/"]}]},{"@type":"ImageObject","inLanguage":"en-GB","@id":"https:\/\/dr-nabavi.de\/impressionen\/#primaryimage","url":"https:\/\/dr-nabavi.de\/wp-content\/uploads\/2023\/08\/dynamik-5.png?wsr","contentUrl":"https:\/\/dr-nabavi.de\/wp-content\/uploads\/2023\/08\/dynamik-5.png?wsr"},{"@type":"BreadcrumbList","@id":"https:\/\/dr-nabavi.de\/impressionen\/#breadcrumb","itemListElement":[{"@type":"ListItem","position":1,"name":"Startseite","item":"https:\/\/dr-nabavi.de\/"},{"@type":"ListItem","position":2,"name":"Unsere Praxis"}]},{"@type":"WebSite","@id":"https:\/\/dr-nabavi.de\/#website","url":"https:\/\/dr-nabavi.de\/","name":"dr-nabavi.de","description":"Specialist in plastic and aesthetic surgery Hamburg","publisher":{"@id":"https:\/\/dr-nabavi.de\/#organization"},"potentialAction":[{"@type":"SearchAction","target":{"@type":"EntryPoint","urlTemplate":"https:\/\/dr-nabavi.de\/?s={search_term_string}"},"query-input":{"@type":"PropertyValueSpecification","valueRequired":true,"valueName":"search_term_string"}}],"inLanguage":"en-GB"},{"@type":"Organization","@id":"https:\/\/dr-nabavi.de\/#organization","name":"Practice for Plastic and Aesthetic Surgery Dr Neda Nabavi","url":"https:\/\/dr-nabavi.de\/","logo":{"@type":"ImageObject","inLanguage":"en-GB","@id":"https:\/\/dr-nabavi.de\/#\/schema\/logo\/image\/","url":"http:\/\/dr-nabavi.de\/wp-content\/uploads\/2023\/08\/logo_nabavi.svg","contentUrl":"http:\/\/dr-nabavi.de\/wp-content\/uploads\/2023\/08\/logo_nabavi.svg","width":421,"height":109,"caption":"Praxis f\u00fcr Plastische und \u00c4sthetische Chirurgie Dr. Neda Nabavi"},"image":{"@id":"https:\/\/dr-nabavi.de\/#\/schema\/logo\/image\/"},"sameAs":["https:\/\/www.instagram.com\/dr.nedanabavi\/"]}]}},"_links":{"self":[{"href":"https:\/\/dr-nabavi.de\/en\/wp-json\/wp\/v2\/pages\/1645","targetHints":{"allow":["GET"]}}],"collection":[{"href":"https:\/\/dr-nabavi.de\/en\/wp-json\/wp\/v2\/pages"}],"about":[{"href":"https:\/\/dr-nabavi.de\/en\/wp-json\/wp\/v2\/types\/page"}],"author":[{"embeddable":true,"href":"https:\/\/dr-nabavi.de\/en\/wp-json\/wp\/v2\/users\/1"}],"replies":[{"embeddable":true,"href":"https:\/\/dr-nabavi.de\/en\/wp-json\/wp\/v2\/comments?post=1645"}],"version-history":[{"count":10,"href":"https:\/\/dr-nabavi.de\/en\/wp-json\/wp\/v2\/pages\/1645\/revisions"}],"predecessor-version":[{"id":6326,"href":"https:\/\/dr-nabavi.de\/en\/wp-json\/wp\/v2\/pages\/1645\/revisions\/6326"}],"wp:attachment":[{"href":"https:\/\/dr-nabavi.de\/en\/wp-json\/wp\/v2\/media?parent=1645"}],"curies":[{"name":"wp","href":"https:\/\/api.w.org\/{rel}","templated":true}]}}