{"id":1634,"date":"2024-01-02T13:49:19","date_gmt":"2024-01-02T12:49:19","guid":{"rendered":"http:\/\/new.dr-nabavi.de\/?page_id=1634"},"modified":"2025-07-12T15:34:03","modified_gmt":"2025-07-12T13:34:03","slug":"medizinische-r-fachangestellte-r-m-w-d","status":"publish","type":"page","link":"https:\/\/dr-nabavi.de\/en\/stellenangebote-dr-nabavi-hamburg\/medizinische-r-fachangestellte-r-m-w-d\/","title":{"rendered":"Medical assistant (m\/f\/d)"},"content":{"rendered":"<div data-elementor-type=\"wp-page\" data-elementor-id=\"1634\" class=\"elementor elementor-1634\" data-elementor-post-type=\"page\">\n\t\t\t\t\t\t<section class=\"elementor-section elementor-top-section elementor-element elementor-element-7ac5906b elementor-section-height-min-height elementor-section-boxed elementor-section-height-default elementor-section-items-middle\" data-id=\"7ac5906b\" data-element_type=\"section\" data-e-type=\"section\" data-settings=\"{&quot;background_background&quot;:&quot;classic&quot;}\">\n\t\t\t\t\t\t<div class=\"elementor-container elementor-column-gap-default\">\n\t\t\t\t\t<div class=\"elementor-column elementor-col-50 elementor-top-column elementor-element elementor-element-23a08622\" data-id=\"23a08622\" data-element_type=\"column\" data-e-type=\"column\">\n\t\t\t<div class=\"elementor-widget-wrap elementor-element-populated\">\n\t\t\t\t\t\t<div class=\"elementor-element elementor-element-4dc3e23 elementor-widget elementor-widget-heading\" data-id=\"4dc3e23\" data-element_type=\"widget\" data-e-type=\"widget\" data-widget_type=\"heading.default\">\n\t\t\t\t\t<p class=\"elementor-heading-title elementor-size-default\">Working in the heart of Hamburg<\/p>\t\t\t\t<\/div>\n\t\t\t\t<div class=\"elementor-element elementor-element-1358846 elementor-widget elementor-widget-heading\" data-id=\"1358846\" data-element_type=\"widget\" data-e-type=\"widget\" data-widget_type=\"heading.default\">\n\t\t\t\t\t<h1 class=\"elementor-heading-title elementor-size-default\">Current vacancies<\/h1>\t\t\t\t<\/div>\n\t\t\t\t\t<\/div>\n\t\t<\/div>\n\t\t\t\t<div class=\"elementor-column elementor-col-50 elementor-top-column elementor-element elementor-element-72ad0a5 elementor-hidden-mobile\" data-id=\"72ad0a5\" data-element_type=\"column\" data-e-type=\"column\">\n\t\t\t<div class=\"elementor-widget-wrap\">\n\t\t\t\t\t\t\t<\/div>\n\t\t<\/div>\n\t\t\t\t\t<\/div>\n\t\t<\/section>\n\t\t\t\t<section class=\"elementor-section elementor-top-section elementor-element elementor-element-4013cc50 elementor-section-boxed elementor-section-height-default elementor-section-height-default\" data-id=\"4013cc50\" data-element_type=\"section\" data-e-type=\"section\" data-settings=\"{&quot;background_background&quot;:&quot;classic&quot;}\">\n\t\t\t\t\t\t<div class=\"elementor-container elementor-column-gap-default\">\n\t\t\t\t\t<div class=\"elementor-column elementor-col-100 elementor-top-column elementor-element elementor-element-112e1849\" data-id=\"112e1849\" data-element_type=\"column\" data-e-type=\"column\">\n\t\t\t<div class=\"elementor-widget-wrap elementor-element-populated\">\n\t\t\t\t\t\t<div class=\"elementor-element elementor-element-cb2a39e elementor-widget elementor-widget-heading\" data-id=\"cb2a39e\" data-element_type=\"widget\" data-e-type=\"widget\" data-widget_type=\"heading.default\">\n\t\t\t\t\t<h2 class=\"elementor-heading-title elementor-size-default\">Full or part-time<\/h2>\t\t\t\t<\/div>\n\t\t\t\t<div class=\"elementor-element elementor-element-60837c4b elementor-widget elementor-widget-heading\" data-id=\"60837c4b\" data-element_type=\"widget\" data-e-type=\"widget\" data-widget_type=\"heading.default\">\n\t\t\t\t\t<h3 class=\"elementor-heading-title elementor-size-default\">Medical assistant (m\/f\/d) <\/h3>\t\t\t\t<\/div>\n\t\t\t\t<div class=\"elementor-element elementor-element-9427ac2 elementor-widget elementor-widget-image\" data-id=\"9427ac2\" data-element_type=\"widget\" data-e-type=\"widget\" data-widget_type=\"image.default\">\n\t\t\t\t\t\t\t\t\t\t\t\t\t\t\t<img decoding=\"async\" src=\"https:\/\/dr-nabavi.de\/wp-content\/uploads\/2023\/08\/dynamik-5.png\" title=\"dynamic-5\" alt=\"dynamik-5\" loading=\"lazy\" \/>\t\t\t\t\t\t\t\t\t\t\t\t\t\t\t<\/div>\n\t\t\t\t\t<\/div>\n\t\t<\/div>\n\t\t\t\t\t<\/div>\n\t\t<\/section>\n\t\t\t\t<section class=\"elementor-section elementor-top-section elementor-element elementor-element-7571fc5 elementor-section-boxed elementor-section-height-default elementor-section-height-default\" data-id=\"7571fc5\" data-element_type=\"section\" data-e-type=\"section\">\n\t\t\t\t\t\t\t<div class=\"elementor-background-overlay\"><\/div>\n\t\t\t\t\t\t\t<div class=\"elementor-container elementor-column-gap-default\">\n\t\t\t\t\t<div class=\"elementor-column elementor-col-100 elementor-top-column elementor-element elementor-element-15e0dac\" data-id=\"15e0dac\" data-element_type=\"column\" data-e-type=\"column\">\n\t\t\t<div class=\"elementor-widget-wrap elementor-element-populated\">\n\t\t\t\t\t\t<div class=\"elementor-element elementor-element-f0084d9 elementor-widget elementor-widget-text-editor\" data-id=\"f0084d9\" data-element_type=\"widget\" data-e-type=\"widget\" data-widget_type=\"text-editor.default\">\n\t\t\t\t\t\t\t\t\t<p style=\"text-align: left;\">WE OFFER YOU:<\/p><ul style=\"text-align: left;\"><li>A modern, multifaceted workplace with attractive remuneration and flexible working hours<\/li><li>Pleasant working atmosphere in a friendly team<\/li><li>Varied portfolio of tasks in a renowned practice<\/li><li>Bright and friendly ambience directly on the Binnenalster<\/li><li>Central location in the heart of Hamburg with HVV connections\u00a0<\/li><li>Promotion of further education and training<\/li><li>A comprehensive and structured induction programme<\/li><li>the opportunity to get actively involved, take on responsibility and further develop processes<\/li><\/ul><div style=\"text-align: left;\">\u00a0<\/div><p style=\"text-align: left;\">WHAT YOU BRING WITH YOU:<\/p><ul style=\"text-align: left;\"><li>Completed training as a medical assistant (MFA) (m\/f\/d)\u00a0<\/li><li>Enjoy working at reception as well as assisting patients<\/li><li>Warmth and empathy in dealing with patients<\/li><li>Independent and careful way of working<\/li><li>Ability to contribute to a motivated and collegial team<\/li><li>Well-groomed appearance and confident demeanour<\/li><li>High quality awareness, flexibility and reliability<\/li><li>Good PC and English skills<\/li><\/ul><div style=\"text-align: left;\">\u00a0<\/div><p style=\"text-align: left;\">YOUR TASKS:<\/p><ul style=\"text-align: left;\"><li>Reception and patient care<\/li><li>Organisation of the practice workflow and appointment management<\/li><li>Maintaining digital patient files\u00a0<\/li><li>Administrative activities in the practice area<\/li><li>Preparation of documents for surgical consent<\/li><li>Practical assistance with patients and surgical assistance during outpatient procedures\u00a0<\/li><li>Preparation and follow-up of surgical procedures<\/li><li>Photographic documentation of the treatment<\/li><\/ul><div style=\"text-align: left;\">\u00a0<\/div><p style=\"text-align: left;\"><b>Are you interested and would like to work for us? Then we look forward to receiving your detailed application by post or e-mail.<br \/>Please send your application documents to\u00a0<a href=\"\/en\/&\/#x6d;&#97;i&#x6c;&#x74;&#111;:&#x62;&#x65;&#119;e&#x72;&#98;u&#x6e;&#x67;&#64;d&#x72;&#x2d;&#110;a&#x62;&#97;&#118;&#x69;&#x2e;&#100;e\">application(at)dr-nabavi.de<\/a>\u00a0or by post to:<\/b><\/p><p style=\"text-align: left;\"><b>\u00a0<\/b><\/p><p style=\"text-align: left;\"><strong>Practice Dr Nabavi<\/strong><br \/>Aesthetic plastic surgery<br \/>Ballindamm 3\u00a0<br \/>20095 Hamburg\u00a0<br \/><br \/><\/p><p style=\"text-align: left;\">We look forward to getting to know you!<\/p>\t\t\t\t\t\t\t\t<\/div>\n\t\t\t\t<div class=\"elementor-element elementor-element-ac7646f elementor-align-left elementor-widget elementor-widget-button\" data-id=\"ac7646f\" data-element_type=\"widget\" data-e-type=\"widget\" data-widget_type=\"button.default\">\n\t\t\t\t\t\t\t\t\t\t<a class=\"elementor-button elementor-button-link elementor-size-sm\" href=\"\/en\/&\/#109;a&#x69;l&#x74;o&#x3a;i&#x6e;f&#x6f;&#64;&#x64;&#114;&#x2d;&#110;&#x61;&#98;&#x61;&#118;&#x69;&#46;&#x64;&#101;\">\n\t\t\t\t\t\t<span class=\"elementor-button-content-wrapper\">\n\t\t\t\t\t\t\t\t\t<span class=\"elementor-button-text\">Apply now<\/span>\n\t\t\t\t\t<\/span>\n\t\t\t\t\t<\/a>\n\t\t\t\t\t\t\t\t<\/div>\n\t\t\t\t\t<\/div>\n\t\t<\/div>\n\t\t\t\t\t<\/div>\n\t\t<\/section>\n\t\t\t\t<section class=\"elementor-section elementor-top-section elementor-element elementor-element-f66e866 elementor-section-boxed elementor-section-height-default elementor-section-height-default\" data-id=\"f66e866\" data-element_type=\"section\" data-e-type=\"section\" data-settings=\"{&quot;background_background&quot;:&quot;classic&quot;}\">\n\t\t\t\t\t\t\t<div class=\"elementor-background-overlay\"><\/div>\n\t\t\t\t\t\t\t<div class=\"elementor-container elementor-column-gap-default\">\n\t\t\t\t\t<div class=\"elementor-column elementor-col-100 elementor-top-column elementor-element elementor-element-1d2f7dc\" data-id=\"1d2f7dc\" data-element_type=\"column\" data-e-type=\"column\">\n\t\t\t<div class=\"elementor-widget-wrap elementor-element-populated\">\n\t\t\t\t\t\t<div class=\"elementor-element elementor-element-9d313ae elementor-widget elementor-widget-heading\" data-id=\"9d313ae\" data-element_type=\"widget\" data-e-type=\"widget\" data-widget_type=\"heading.default\">\n\t\t\t\t\t<h3 class=\"elementor-heading-title elementor-size-default\">Dr med Neda Nabavi<\/h3>\t\t\t\t<\/div>\n\t\t\t\t<div class=\"elementor-element elementor-element-d7949aa elementor-widget elementor-widget-heading\" data-id=\"d7949aa\" data-element_type=\"widget\" data-e-type=\"widget\" data-widget_type=\"heading.default\">\n\t\t\t\t\t<h3 class=\"elementor-heading-title elementor-size-default\">Simply excellent<\/h3>\t\t\t\t<\/div>\n\t\t\t\t\t<\/div>\n\t\t<\/div>\n\t\t\t\t\t<\/div>\n\t\t<\/section>\n\t\t\t\t<section class=\"elementor-section elementor-top-section elementor-element elementor-element-ce1e2be elementor-section-boxed elementor-section-height-default elementor-section-height-default\" data-id=\"ce1e2be\" data-element_type=\"section\" data-e-type=\"section\" data-settings=\"{&quot;background_background&quot;:&quot;classic&quot;}\">\n\t\t\t\t\t\t\t<div class=\"elementor-background-overlay\"><\/div>\n\t\t\t\t\t\t\t<div class=\"elementor-container elementor-column-gap-default\">\n\t\t\t\t\t<div class=\"elementor-column elementor-col-33 elementor-top-column elementor-element elementor-element-ba5b580\" data-id=\"ba5b580\" data-element_type=\"column\" data-e-type=\"column\">\n\t\t\t<div class=\"elementor-widget-wrap elementor-element-populated\">\n\t\t\t\t\t\t<div class=\"elementor-element elementor-element-853c75e elementor-widget elementor-widget-image\" data-id=\"853c75e\" data-element_type=\"widget\" data-e-type=\"widget\" data-widget_type=\"image.default\">\n\t\t\t\t\t\t\t\t\t\t\t\t\t\t\t<img decoding=\"async\" src=\"https:\/\/dr-nabavi.de\/wp-content\/uploads\/elementor\/thumbs\/gruen_kl-qbccsrfsp7jldz2yugx8be1vb9r448qv2n4ew13wim.png\" title=\"gruen_kl\" alt=\"gruen_kl\" loading=\"lazy\" \/>\t\t\t\t\t\t\t\t\t\t\t\t\t\t\t<\/div>\n\t\t\t\t<div class=\"elementor-element elementor-element-ca044be elementor-widget elementor-widget-heading\" data-id=\"ca044be\" data-element_type=\"widget\" data-e-type=\"widget\" data-widget_type=\"heading.default\">\n\t\t\t\t\t<h5 class=\"elementor-heading-title elementor-size-default\">BLEPHAROPLASTY CERTIFIED<\/h5>\t\t\t\t<\/div>\n\t\t\t\t\t<\/div>\n\t\t<\/div>\n\t\t\t\t<div class=\"elementor-column elementor-col-33 elementor-top-column elementor-element elementor-element-3e173ce\" data-id=\"3e173ce\" data-element_type=\"column\" data-e-type=\"column\">\n\t\t\t<div class=\"elementor-widget-wrap elementor-element-populated\">\n\t\t\t\t\t\t<div class=\"elementor-element elementor-element-06ca35e elementor-widget elementor-widget-image\" data-id=\"06ca35e\" data-element_type=\"widget\" data-e-type=\"widget\" data-widget_type=\"image.default\">\n\t\t\t\t\t\t\t\t\t\t\t\t\t\t\t<img decoding=\"async\" src=\"https:\/\/dr-nabavi.de\/wp-content\/uploads\/elementor\/thumbs\/lila_kl-qbccsrfsp7jldz2yugx8be1vb9r448qv2n4ew13wim.png\" title=\"lila_kl\" alt=\"lila_kl\" loading=\"lazy\" \/>\t\t\t\t\t\t\t\t\t\t\t\t\t\t\t<\/div>\n\t\t\t\t<div class=\"elementor-element elementor-element-1f8b144 elementor-widget elementor-widget-heading\" data-id=\"1f8b144\" data-element_type=\"widget\" data-e-type=\"widget\" data-widget_type=\"heading.default\">\n\t\t\t\t\t<h5 class=\"elementor-heading-title elementor-size-default\">NON-SURGICAL GENITAL<\/br> REJUVENATION CERTIFIED<\/h5>\t\t\t\t<\/div>\n\t\t\t\t\t<\/div>\n\t\t<\/div>\n\t\t\t\t<div class=\"elementor-column elementor-col-33 elementor-top-column elementor-element elementor-element-b070355\" data-id=\"b070355\" data-element_type=\"column\" data-e-type=\"column\">\n\t\t\t<div class=\"elementor-widget-wrap elementor-element-populated\">\n\t\t\t\t\t\t<div class=\"elementor-element elementor-element-8d7ada4 elementor-widget elementor-widget-image\" data-id=\"8d7ada4\" data-element_type=\"widget\" data-e-type=\"widget\" data-widget_type=\"image.default\">\n\t\t\t\t\t\t\t\t\t\t\t\t\t\t\t<img decoding=\"async\" src=\"https:\/\/dr-nabavi.de\/wp-content\/uploads\/elementor\/thumbs\/pink_kl-qbccspk4bjh0qr5p5g3z6eiy4i0doujeedtfxh6ov2.png\" title=\"pink_kl\" alt=\"pink_kl\" loading=\"lazy\" \/>\t\t\t\t\t\t\t\t\t\t\t\t\t\t\t<\/div>\n\t\t\t\t<div class=\"elementor-element elementor-element-0228b27 elementor-widget elementor-widget-heading\" data-id=\"0228b27\" data-element_type=\"widget\" data-e-type=\"widget\" data-widget_type=\"heading.default\">\n\t\t\t\t\t<h5 class=\"elementor-heading-title elementor-size-default\">AESTHETIC GENITAL<\/br> SURGERY CERTIFIED<\/h5>\t\t\t\t<\/div>\n\t\t\t\t\t<\/div>\n\t\t<\/div>\n\t\t\t\t\t<\/div>\n\t\t<\/section>\n\t\t\t\t<section class=\"elementor-section elementor-top-section elementor-element elementor-element-c424f09 elementor-section-full_width elementor-section-height-default elementor-section-height-default\" data-id=\"c424f09\" data-element_type=\"section\" data-e-type=\"section\">\n\t\t\t\t\t\t<div class=\"elementor-container elementor-column-gap-default\">\n\t\t\t\t\t<div class=\"elementor-column elementor-col-100 elementor-top-column elementor-element elementor-element-6f8cb40\" data-id=\"6f8cb40\" data-element_type=\"column\" data-e-type=\"column\">\n\t\t\t<div class=\"elementor-widget-wrap elementor-element-populated\">\n\t\t\t\t\t\t<div class=\"elementor-element elementor-element-4d30b30 elementor-widget elementor-widget-google_maps\" data-id=\"4d30b30\" data-element_type=\"widget\" data-e-type=\"widget\" data-widget_type=\"google_maps.default\">\n\t\t\t\t\t\t\t<div class=\"elementor-custom-embed\">\n\t\t\t<iframe loading=\"lazy\"\n\t\t\t\t\tsrc=\"https:\/\/maps.google.com\/maps?q=Dr.%20med.%20Neda%20Nabavi%20Privatpraxis%20f%C3%BCr%20Plastische%20und%20%C3%84sthetische%20Chirurgie%20Ballindamm%203%2020095%20Hamburg&#038;t=m&#038;z=14&#038;output=embed&#038;iwloc=near\"\n\t\t\t\t\ttitle=\"Dr Neda Nabavi Private Practice for Plastic and Aesthetic Surgery Ballindamm 3 20095 Hamburg\"\n\t\t\t\t\taria-label=\"Dr Neda Nabavi Private Practice for Plastic and Aesthetic Surgery Ballindamm 3 20095 Hamburg\"\n\t\t\t><\/iframe>\n\t\t<\/div>\n\t\t\t\t\t\t<\/div>\n\t\t\t\t\t<\/div>\n\t\t<\/div>\n\t\t\t\t\t<\/div>\n\t\t<\/section>\n\t\t\t\t<\/div>","protected":false},"excerpt":{"rendered":"<p>Arbeiten im Herzen Hamburgs Aktuelle Stellenangebote Voll- oder Teilzeit Medizinische\/r Fachangestellte\/r (m\/w\/d) WIR BIETEN IHNEN: Einen modernen, facettenreichen Arbeitsplatz mit attraktiver Verg\u00fctung\u00a0und flexiblen Arbeitszeiten angenehme Arbeitsatmosph\u00e4re in einem herzlichen Team abwechslungsreiches Aufgabenportfolio in einer renommierten Praxis helles und freundliches Ambiente direkt an der Binnenalster Zentrale Lage im Herzen von Hamburg mit HVV-Anbindung\u00a0 F\u00f6rderung von Fort- [&hellip;]<\/p>\n","protected":false},"author":1,"featured_media":0,"parent":1611,"menu_order":0,"comment_status":"closed","ping_status":"closed","template":"elementor_header_footer","meta":{"footnotes":""},"class_list":["post-1634","page","type-page","status-publish","hentry"],"yoast_head":"<!-- This site is optimized with the Yoast SEO Premium plugin v27.4 (Yoast SEO v27.4) - https:\/\/yoast.com\/product\/yoast-seo-premium-wordpress\/ -->\n<title>Medizinischer Fachangestellter: Attraktiver Arbeitsplatz in Hamburg - Dr. Neda Nabavi<\/title>\n<meta name=\"description\" content=\"Stellenangebot als Medizinischer Fachangestellter in Hamburg: herzliches Team, zentrale Lage, attraktive Verg\u00fctung und Aufstiegsm\u00f6glichkeiten.\" \/>\n<meta name=\"robots\" content=\"index, follow, max-snippet:-1, max-image-preview:large, max-video-preview:-1\" \/>\n<link rel=\"canonical\" href=\"https:\/\/dr-nabavi.de\/en\/stellenangebote-dr-nabavi-hamburg\/medizinische-r-fachangestellte-r-m-w-d\/\" \/>\n<meta property=\"og:locale\" content=\"en_GB\" \/>\n<meta property=\"og:type\" content=\"article\" \/>\n<meta property=\"og:title\" content=\"Medizinische\/r Fachangestellte\/r (m\/w\/d)\" \/>\n<meta property=\"og:description\" content=\"Stellenangebot als Medizinischer Fachangestellter in Hamburg: herzliches Team, zentrale Lage, attraktive Verg\u00fctung und Aufstiegsm\u00f6glichkeiten.\" \/>\n<meta property=\"og:url\" content=\"https:\/\/dr-nabavi.de\/en\/stellenangebote-dr-nabavi-hamburg\/medizinische-r-fachangestellte-r-m-w-d\/\" \/>\n<meta property=\"og:site_name\" content=\"Dr. Neda Nabavi\" \/>\n<meta property=\"article:modified_time\" content=\"2025-07-12T13:34:03+00:00\" \/>\n<meta property=\"og:image\" content=\"https:\/\/dr-nabavi.de\/wp-content\/uploads\/2023\/08\/dynamik-5.png?wsr\" \/>\n<meta name=\"twitter:card\" content=\"summary_large_image\" \/>\n<meta name=\"twitter:label1\" content=\"Estimated reading time\" \/>\n\t<meta name=\"twitter:data1\" content=\"2 minutes\" \/>\n<script type=\"application\/ld+json\" class=\"yoast-schema-graph\">{\"@context\":\"https:\\\/\\\/schema.org\",\"@graph\":[{\"@type\":\"WebPage\",\"@id\":\"https:\\\/\\\/dr-nabavi.de\\\/stellenangebote-dr-nabavi-hamburg\\\/medizinische-r-fachangestellte-r-m-w-d\\\/\",\"url\":\"https:\\\/\\\/dr-nabavi.de\\\/stellenangebote-dr-nabavi-hamburg\\\/medizinische-r-fachangestellte-r-m-w-d\\\/\",\"name\":\"Medizinischer Fachangestellter: Attraktiver Arbeitsplatz in Hamburg - Dr. Neda Nabavi\",\"isPartOf\":{\"@id\":\"https:\\\/\\\/dr-nabavi.de\\\/#website\"},\"primaryImageOfPage\":{\"@id\":\"https:\\\/\\\/dr-nabavi.de\\\/stellenangebote-dr-nabavi-hamburg\\\/medizinische-r-fachangestellte-r-m-w-d\\\/#primaryimage\"},\"image\":{\"@id\":\"https:\\\/\\\/dr-nabavi.de\\\/stellenangebote-dr-nabavi-hamburg\\\/medizinische-r-fachangestellte-r-m-w-d\\\/#primaryimage\"},\"thumbnailUrl\":\"https:\\\/\\\/dr-nabavi.de\\\/wp-content\\\/uploads\\\/2023\\\/08\\\/dynamik-5.png?wsr\",\"datePublished\":\"2024-01-02T12:49:19+00:00\",\"dateModified\":\"2025-07-12T13:34:03+00:00\",\"description\":\"Stellenangebot als Medizinischer Fachangestellter in Hamburg: herzliches Team, zentrale Lage, attraktive Verg\u00fctung und Aufstiegsm\u00f6glichkeiten.\",\"breadcrumb\":{\"@id\":\"https:\\\/\\\/dr-nabavi.de\\\/stellenangebote-dr-nabavi-hamburg\\\/medizinische-r-fachangestellte-r-m-w-d\\\/#breadcrumb\"},\"inLanguage\":\"en-GB\",\"potentialAction\":[{\"@type\":\"ReadAction\",\"target\":[\"https:\\\/\\\/dr-nabavi.de\\\/stellenangebote-dr-nabavi-hamburg\\\/medizinische-r-fachangestellte-r-m-w-d\\\/\"]}]},{\"@type\":\"ImageObject\",\"inLanguage\":\"en-GB\",\"@id\":\"https:\\\/\\\/dr-nabavi.de\\\/stellenangebote-dr-nabavi-hamburg\\\/medizinische-r-fachangestellte-r-m-w-d\\\/#primaryimage\",\"url\":\"https:\\\/\\\/dr-nabavi.de\\\/wp-content\\\/uploads\\\/2023\\\/08\\\/dynamik-5.png?wsr\",\"contentUrl\":\"https:\\\/\\\/dr-nabavi.de\\\/wp-content\\\/uploads\\\/2023\\\/08\\\/dynamik-5.png?wsr\"},{\"@type\":\"BreadcrumbList\",\"@id\":\"https:\\\/\\\/dr-nabavi.de\\\/stellenangebote-dr-nabavi-hamburg\\\/medizinische-r-fachangestellte-r-m-w-d\\\/#breadcrumb\",\"itemListElement\":[{\"@type\":\"ListItem\",\"position\":1,\"name\":\"Startseite\",\"item\":\"https:\\\/\\\/dr-nabavi.de\\\/\"},{\"@type\":\"ListItem\",\"position\":2,\"name\":\"Stellenangebote Dr. Neda Nabavi Hamburg\",\"item\":\"https:\\\/\\\/dr-nabavi.de\\\/stellenangebote-dr-nabavi-hamburg\\\/\"},{\"@type\":\"ListItem\",\"position\":3,\"name\":\"Medizinische\\\/r Fachangestellte\\\/r (m\\\/w\\\/d)\"}]},{\"@type\":\"WebSite\",\"@id\":\"https:\\\/\\\/dr-nabavi.de\\\/#website\",\"url\":\"https:\\\/\\\/dr-nabavi.de\\\/\",\"name\":\"dr-nabavi.de\",\"description\":\"Fach\u00e4rztin f\u00fcr Plastische und \u00c4sthetische Chirurgie Hamburg\",\"publisher\":{\"@id\":\"https:\\\/\\\/dr-nabavi.de\\\/#organization\"},\"potentialAction\":[{\"@type\":\"SearchAction\",\"target\":{\"@type\":\"EntryPoint\",\"urlTemplate\":\"https:\\\/\\\/dr-nabavi.de\\\/?s={search_term_string}\"},\"query-input\":{\"@type\":\"PropertyValueSpecification\",\"valueRequired\":true,\"valueName\":\"search_term_string\"}}],\"inLanguage\":\"en-GB\"},{\"@type\":\"Organization\",\"@id\":\"https:\\\/\\\/dr-nabavi.de\\\/#organization\",\"name\":\"Praxis f\u00fcr Plastische und \u00c4sthetische Chirurgie Dr. Neda Nabavi\",\"url\":\"https:\\\/\\\/dr-nabavi.de\\\/\",\"logo\":{\"@type\":\"ImageObject\",\"inLanguage\":\"en-GB\",\"@id\":\"https:\\\/\\\/dr-nabavi.de\\\/#\\\/schema\\\/logo\\\/image\\\/\",\"url\":\"http:\\\/\\\/dr-nabavi.de\\\/wp-content\\\/uploads\\\/2023\\\/08\\\/logo_nabavi.svg\",\"contentUrl\":\"http:\\\/\\\/dr-nabavi.de\\\/wp-content\\\/uploads\\\/2023\\\/08\\\/logo_nabavi.svg\",\"width\":421,\"height\":109,\"caption\":\"Praxis f\u00fcr Plastische und \u00c4sthetische Chirurgie Dr. Neda Nabavi\"},\"image\":{\"@id\":\"https:\\\/\\\/dr-nabavi.de\\\/#\\\/schema\\\/logo\\\/image\\\/\"},\"sameAs\":[\"https:\\\/\\\/www.instagram.com\\\/dr.nedanabavi\\\/\"]}]}<\/script>\n<!-- \/ Yoast SEO Premium plugin. -->","yoast_head_json":{"title":"Medical Assistant: Attractive workplace in Hamburg - Dr. Neda Nabavi","description":"Job Advertisement for Medical Assistant in Hamburg: Friendly Team, Central Location, Attractive Salary, and Career Advancement Opportunities.","robots":{"index":"index","follow":"follow","max-snippet":"max-snippet:-1","max-image-preview":"max-image-preview:large","max-video-preview":"max-video-preview:-1"},"canonical":"https:\/\/dr-nabavi.de\/en\/stellenangebote-dr-nabavi-hamburg\/medizinische-r-fachangestellte-r-m-w-d\/","og_locale":"en_GB","og_type":"article","og_title":"Medizinische\/r Fachangestellte\/r (m\/w\/d)","og_description":"Stellenangebot als Medizinischer Fachangestellter in Hamburg: herzliches Team, zentrale Lage, attraktive Verg\u00fctung und Aufstiegsm\u00f6glichkeiten.","og_url":"https:\/\/dr-nabavi.de\/en\/stellenangebote-dr-nabavi-hamburg\/medizinische-r-fachangestellte-r-m-w-d\/","og_site_name":"Dr. Neda Nabavi","article_modified_time":"2025-07-12T13:34:03+00:00","og_image":[{"url":"https:\/\/dr-nabavi.de\/wp-content\/uploads\/2023\/08\/dynamik-5.png?wsr","type":"","width":"","height":""}],"twitter_card":"summary_large_image","twitter_misc":{"Estimated reading time":"2 minutes"},"schema":{"@context":"https:\/\/schema.org","@graph":[{"@type":"WebPage","@id":"https:\/\/dr-nabavi.de\/stellenangebote-dr-nabavi-hamburg\/medizinische-r-fachangestellte-r-m-w-d\/","url":"https:\/\/dr-nabavi.de\/stellenangebote-dr-nabavi-hamburg\/medizinische-r-fachangestellte-r-m-w-d\/","name":"Medical Assistant: Attractive workplace in Hamburg - Dr. Neda Nabavi","isPartOf":{"@id":"https:\/\/dr-nabavi.de\/#website"},"primaryImageOfPage":{"@id":"https:\/\/dr-nabavi.de\/stellenangebote-dr-nabavi-hamburg\/medizinische-r-fachangestellte-r-m-w-d\/#primaryimage"},"image":{"@id":"https:\/\/dr-nabavi.de\/stellenangebote-dr-nabavi-hamburg\/medizinische-r-fachangestellte-r-m-w-d\/#primaryimage"},"thumbnailUrl":"https:\/\/dr-nabavi.de\/wp-content\/uploads\/2023\/08\/dynamik-5.png?wsr","datePublished":"2024-01-02T12:49:19+00:00","dateModified":"2025-07-12T13:34:03+00:00","description":"Job Advertisement for Medical Assistant in Hamburg: Friendly Team, Central Location, Attractive Salary, and Career Advancement Opportunities.","breadcrumb":{"@id":"https:\/\/dr-nabavi.de\/stellenangebote-dr-nabavi-hamburg\/medizinische-r-fachangestellte-r-m-w-d\/#breadcrumb"},"inLanguage":"en-GB","potentialAction":[{"@type":"ReadAction","target":["https:\/\/dr-nabavi.de\/stellenangebote-dr-nabavi-hamburg\/medizinische-r-fachangestellte-r-m-w-d\/"]}]},{"@type":"ImageObject","inLanguage":"en-GB","@id":"https:\/\/dr-nabavi.de\/stellenangebote-dr-nabavi-hamburg\/medizinische-r-fachangestellte-r-m-w-d\/#primaryimage","url":"https:\/\/dr-nabavi.de\/wp-content\/uploads\/2023\/08\/dynamik-5.png?wsr","contentUrl":"https:\/\/dr-nabavi.de\/wp-content\/uploads\/2023\/08\/dynamik-5.png?wsr"},{"@type":"BreadcrumbList","@id":"https:\/\/dr-nabavi.de\/stellenangebote-dr-nabavi-hamburg\/medizinische-r-fachangestellte-r-m-w-d\/#breadcrumb","itemListElement":[{"@type":"ListItem","position":1,"name":"Startseite","item":"https:\/\/dr-nabavi.de\/"},{"@type":"ListItem","position":2,"name":"Stellenangebote Dr. Neda Nabavi Hamburg","item":"https:\/\/dr-nabavi.de\/stellenangebote-dr-nabavi-hamburg\/"},{"@type":"ListItem","position":3,"name":"Medizinische\/r Fachangestellte\/r (m\/w\/d)"}]},{"@type":"WebSite","@id":"https:\/\/dr-nabavi.de\/#website","url":"https:\/\/dr-nabavi.de\/","name":"dr-nabavi.de","description":"Specialist in plastic and aesthetic surgery Hamburg","publisher":{"@id":"https:\/\/dr-nabavi.de\/#organization"},"potentialAction":[{"@type":"SearchAction","target":{"@type":"EntryPoint","urlTemplate":"https:\/\/dr-nabavi.de\/?s={search_term_string}"},"query-input":{"@type":"PropertyValueSpecification","valueRequired":true,"valueName":"search_term_string"}}],"inLanguage":"en-GB"},{"@type":"Organization","@id":"https:\/\/dr-nabavi.de\/#organization","name":"Practice for Plastic and Aesthetic Surgery Dr Neda Nabavi","url":"https:\/\/dr-nabavi.de\/","logo":{"@type":"ImageObject","inLanguage":"en-GB","@id":"https:\/\/dr-nabavi.de\/#\/schema\/logo\/image\/","url":"http:\/\/dr-nabavi.de\/wp-content\/uploads\/2023\/08\/logo_nabavi.svg","contentUrl":"http:\/\/dr-nabavi.de\/wp-content\/uploads\/2023\/08\/logo_nabavi.svg","width":421,"height":109,"caption":"Praxis f\u00fcr Plastische und \u00c4sthetische Chirurgie Dr. Neda Nabavi"},"image":{"@id":"https:\/\/dr-nabavi.de\/#\/schema\/logo\/image\/"},"sameAs":["https:\/\/www.instagram.com\/dr.nedanabavi\/"]}]}},"_links":{"self":[{"href":"https:\/\/dr-nabavi.de\/en\/wp-json\/wp\/v2\/pages\/1634","targetHints":{"allow":["GET"]}}],"collection":[{"href":"https:\/\/dr-nabavi.de\/en\/wp-json\/wp\/v2\/pages"}],"about":[{"href":"https:\/\/dr-nabavi.de\/en\/wp-json\/wp\/v2\/types\/page"}],"author":[{"embeddable":true,"href":"https:\/\/dr-nabavi.de\/en\/wp-json\/wp\/v2\/users\/1"}],"replies":[{"embeddable":true,"href":"https:\/\/dr-nabavi.de\/en\/wp-json\/wp\/v2\/comments?post=1634"}],"version-history":[{"count":10,"href":"https:\/\/dr-nabavi.de\/en\/wp-json\/wp\/v2\/pages\/1634\/revisions"}],"predecessor-version":[{"id":6317,"href":"https:\/\/dr-nabavi.de\/en\/wp-json\/wp\/v2\/pages\/1634\/revisions\/6317"}],"up":[{"embeddable":true,"href":"https:\/\/dr-nabavi.de\/en\/wp-json\/wp\/v2\/pages\/1611"}],"wp:attachment":[{"href":"https:\/\/dr-nabavi.de\/en\/wp-json\/wp\/v2\/media?parent=1634"}],"curies":[{"name":"wp","href":"https:\/\/api.w.org\/{rel}","templated":true}]}}