{"id":1611,"date":"2024-01-02T13:42:13","date_gmt":"2024-01-02T12:42:13","guid":{"rendered":"http:\/\/new.dr-nabavi.de\/?page_id=1611"},"modified":"2025-07-12T15:33:22","modified_gmt":"2025-07-12T13:33:22","slug":"stellenangebote-dr-nabavi-hamburg","status":"publish","type":"page","link":"https:\/\/dr-nabavi.de\/en\/stellenangebote-dr-nabavi-hamburg\/","title":{"rendered":"Job vacancies Dr. Neda Nabavi Hamburg"},"content":{"rendered":"<div data-elementor-type=\"wp-page\" data-elementor-id=\"1611\" class=\"elementor elementor-1611\" data-elementor-post-type=\"page\">\n\t\t\t\t\t\t<section class=\"elementor-section elementor-top-section elementor-element elementor-element-7ac5906b elementor-section-height-min-height elementor-section-boxed elementor-section-height-default elementor-section-items-middle\" data-id=\"7ac5906b\" data-element_type=\"section\" data-e-type=\"section\" data-settings=\"{&quot;background_background&quot;:&quot;classic&quot;}\">\n\t\t\t\t\t\t<div class=\"elementor-container elementor-column-gap-default\">\n\t\t\t\t\t<div class=\"elementor-column elementor-col-50 elementor-top-column elementor-element elementor-element-23a08622\" data-id=\"23a08622\" data-element_type=\"column\" data-e-type=\"column\">\n\t\t\t<div class=\"elementor-widget-wrap elementor-element-populated\">\n\t\t\t\t\t\t<div class=\"elementor-element elementor-element-4dc3e23 elementor-widget elementor-widget-heading\" data-id=\"4dc3e23\" data-element_type=\"widget\" data-e-type=\"widget\" data-widget_type=\"heading.default\">\n\t\t\t\t\t<h1 class=\"elementor-heading-title elementor-size-default\">Working in the heart of Hamburg<\/h1>\t\t\t\t<\/div>\n\t\t\t\t<div class=\"elementor-element elementor-element-1358846 elementor-widget elementor-widget-heading\" data-id=\"1358846\" data-element_type=\"widget\" data-e-type=\"widget\" data-widget_type=\"heading.default\">\n\t\t\t\t\t<h2 class=\"elementor-heading-title elementor-size-default\">Current vacancies<\/h2>\t\t\t\t<\/div>\n\t\t\t\t\t<\/div>\n\t\t<\/div>\n\t\t\t\t<div class=\"elementor-column elementor-col-50 elementor-top-column elementor-element elementor-element-72ad0a5 elementor-hidden-mobile\" data-id=\"72ad0a5\" data-element_type=\"column\" data-e-type=\"column\">\n\t\t\t<div class=\"elementor-widget-wrap\">\n\t\t\t\t\t\t\t<\/div>\n\t\t<\/div>\n\t\t\t\t\t<\/div>\n\t\t<\/section>\n\t\t\t\t<section class=\"elementor-section elementor-top-section elementor-element elementor-element-4013cc50 elementor-section-boxed elementor-section-height-default elementor-section-height-default\" data-id=\"4013cc50\" data-element_type=\"section\" data-e-type=\"section\" data-settings=\"{&quot;background_background&quot;:&quot;classic&quot;}\">\n\t\t\t\t\t\t<div class=\"elementor-container elementor-column-gap-default\">\n\t\t\t\t\t<div class=\"elementor-column elementor-col-100 elementor-top-column elementor-element elementor-element-112e1849\" data-id=\"112e1849\" data-element_type=\"column\" data-e-type=\"column\">\n\t\t\t<div class=\"elementor-widget-wrap elementor-element-populated\">\n\t\t\t\t\t\t<div class=\"elementor-element elementor-element-cb2a39e elementor-widget elementor-widget-heading\" data-id=\"cb2a39e\" data-element_type=\"widget\" data-e-type=\"widget\" data-widget_type=\"heading.default\">\n\t\t\t\t\t<h2 class=\"elementor-heading-title elementor-size-default\">Welcome to our practice on Ballindamm<\/h2>\t\t\t\t<\/div>\n\t\t\t\t<div class=\"elementor-element elementor-element-60837c4b elementor-widget elementor-widget-heading\" data-id=\"60837c4b\" data-element_type=\"widget\" data-e-type=\"widget\" data-widget_type=\"heading.default\">\n\t\t\t\t\t<h3 class=\"elementor-heading-title elementor-size-default\">We are looking for reinforcement for our team<\/h3>\t\t\t\t<\/div>\n\t\t\t\t<div class=\"elementor-element elementor-element-9427ac2 elementor-widget elementor-widget-image\" data-id=\"9427ac2\" data-element_type=\"widget\" data-e-type=\"widget\" data-widget_type=\"image.default\">\n\t\t\t\t\t\t\t\t\t\t\t\t\t\t\t<img decoding=\"async\" src=\"https:\/\/dr-nabavi.de\/wp-content\/uploads\/2023\/08\/dynamik-5.png\" title=\"dynamic-5\" alt=\"dynamik-5\" loading=\"lazy\" \/>\t\t\t\t\t\t\t\t\t\t\t\t\t\t\t<\/div>\n\t\t\t\t\t<\/div>\n\t\t<\/div>\n\t\t\t\t\t<\/div>\n\t\t<\/section>\n\t\t\t\t<section class=\"elementor-section elementor-top-section elementor-element elementor-element-7571fc5 elementor-section-boxed elementor-section-height-default elementor-section-height-default\" data-id=\"7571fc5\" data-element_type=\"section\" data-e-type=\"section\">\n\t\t\t\t\t\t\t<div class=\"elementor-background-overlay\"><\/div>\n\t\t\t\t\t\t\t<div class=\"elementor-container elementor-column-gap-default\">\n\t\t\t\t\t<div class=\"elementor-column elementor-col-100 elementor-top-column elementor-element elementor-element-15e0dac\" data-id=\"15e0dac\" data-element_type=\"column\" data-e-type=\"column\" data-settings=\"{&quot;background_background&quot;:&quot;classic&quot;}\">\n\t\t\t<div class=\"elementor-widget-wrap elementor-element-populated\">\n\t\t\t\t\t\t<div class=\"elementor-element elementor-element-498fa2f elementor-widget elementor-widget-heading\" data-id=\"498fa2f\" data-element_type=\"widget\" data-e-type=\"widget\" data-widget_type=\"heading.default\">\n\t\t\t\t\t<h2 class=\"elementor-heading-title elementor-size-default\">Medical assistant (m\/f\/d) <\/h2>\t\t\t\t<\/div>\n\t\t\t\t<div class=\"elementor-element elementor-element-f0084d9 elementor-widget elementor-widget-text-editor\" data-id=\"f0084d9\" data-element_type=\"widget\" data-e-type=\"widget\" data-widget_type=\"text-editor.default\">\n\t\t\t\t\t\t\t\t\t<p style=\"text-align: left;\">full-time or part-time<\/p>\t\t\t\t\t\t\t\t<\/div>\n\t\t\t\t<div class=\"elementor-element elementor-element-f849ff9 elementor-align-left elementor-widget elementor-widget-button\" data-id=\"f849ff9\" data-element_type=\"widget\" data-e-type=\"widget\" data-widget_type=\"button.default\">\n\t\t\t\t\t\t\t\t\t\t<a class=\"elementor-button elementor-button-link elementor-size-sm\" href=\"https:\/\/dr-nabavi.de\/en\/stellenangebote-dr-nabavi-hamburg\/medizinische-r-fachangestellte-r-m-w-d\/\">\n\t\t\t\t\t\t<span class=\"elementor-button-content-wrapper\">\n\t\t\t\t\t\t\t\t\t<span class=\"elementor-button-text\">learn more<\/span>\n\t\t\t\t\t<\/span>\n\t\t\t\t\t<\/a>\n\t\t\t\t\t\t\t\t<\/div>\n\t\t\t\t\t<\/div>\n\t\t<\/div>\n\t\t\t\t\t<\/div>\n\t\t<\/section>\n\t\t\t\t<section class=\"elementor-section elementor-top-section elementor-element elementor-element-f66e866 elementor-section-boxed elementor-section-height-default elementor-section-height-default\" data-id=\"f66e866\" data-element_type=\"section\" data-e-type=\"section\" data-settings=\"{&quot;background_background&quot;:&quot;classic&quot;}\">\n\t\t\t\t\t\t\t<div class=\"elementor-background-overlay\"><\/div>\n\t\t\t\t\t\t\t<div class=\"elementor-container elementor-column-gap-default\">\n\t\t\t\t\t<div class=\"elementor-column elementor-col-100 elementor-top-column elementor-element elementor-element-1d2f7dc\" data-id=\"1d2f7dc\" data-element_type=\"column\" data-e-type=\"column\">\n\t\t\t<div class=\"elementor-widget-wrap elementor-element-populated\">\n\t\t\t\t\t\t<div class=\"elementor-element elementor-element-9d313ae elementor-widget elementor-widget-heading\" data-id=\"9d313ae\" data-element_type=\"widget\" data-e-type=\"widget\" data-widget_type=\"heading.default\">\n\t\t\t\t\t<h3 class=\"elementor-heading-title elementor-size-default\">Dr med Neda Nabavi<\/h3>\t\t\t\t<\/div>\n\t\t\t\t<div class=\"elementor-element elementor-element-d7949aa elementor-widget elementor-widget-heading\" data-id=\"d7949aa\" data-element_type=\"widget\" data-e-type=\"widget\" data-widget_type=\"heading.default\">\n\t\t\t\t\t<h3 class=\"elementor-heading-title elementor-size-default\">Simply excellent<\/h3>\t\t\t\t<\/div>\n\t\t\t\t\t<\/div>\n\t\t<\/div>\n\t\t\t\t\t<\/div>\n\t\t<\/section>\n\t\t\t\t<section class=\"elementor-section elementor-top-section elementor-element elementor-element-ce1e2be elementor-section-boxed elementor-section-height-default elementor-section-height-default\" data-id=\"ce1e2be\" data-element_type=\"section\" data-e-type=\"section\" data-settings=\"{&quot;background_background&quot;:&quot;classic&quot;}\">\n\t\t\t\t\t\t\t<div class=\"elementor-background-overlay\"><\/div>\n\t\t\t\t\t\t\t<div class=\"elementor-container elementor-column-gap-default\">\n\t\t\t\t\t<div class=\"elementor-column elementor-col-33 elementor-top-column elementor-element elementor-element-ba5b580\" data-id=\"ba5b580\" data-element_type=\"column\" data-e-type=\"column\">\n\t\t\t<div class=\"elementor-widget-wrap elementor-element-populated\">\n\t\t\t\t\t\t<div class=\"elementor-element elementor-element-853c75e elementor-widget elementor-widget-image\" data-id=\"853c75e\" data-element_type=\"widget\" data-e-type=\"widget\" data-widget_type=\"image.default\">\n\t\t\t\t\t\t\t\t\t\t\t\t\t\t\t<img decoding=\"async\" src=\"https:\/\/dr-nabavi.de\/wp-content\/uploads\/elementor\/thumbs\/gruen_kl-qbccsrfsp7jldz2yugx8be1vb9r448qv2n4ew13wim.png\" title=\"gruen_kl\" alt=\"gruen_kl\" loading=\"lazy\" \/>\t\t\t\t\t\t\t\t\t\t\t\t\t\t\t<\/div>\n\t\t\t\t<div class=\"elementor-element elementor-element-ca044be elementor-widget elementor-widget-heading\" data-id=\"ca044be\" data-element_type=\"widget\" data-e-type=\"widget\" data-widget_type=\"heading.default\">\n\t\t\t\t\t<h5 class=\"elementor-heading-title elementor-size-default\">BLEPHAROPLASTY CERTIFIED<\/h5>\t\t\t\t<\/div>\n\t\t\t\t\t<\/div>\n\t\t<\/div>\n\t\t\t\t<div class=\"elementor-column elementor-col-33 elementor-top-column elementor-element elementor-element-3e173ce\" data-id=\"3e173ce\" data-element_type=\"column\" data-e-type=\"column\">\n\t\t\t<div class=\"elementor-widget-wrap elementor-element-populated\">\n\t\t\t\t\t\t<div class=\"elementor-element elementor-element-06ca35e elementor-widget elementor-widget-image\" data-id=\"06ca35e\" data-element_type=\"widget\" data-e-type=\"widget\" data-widget_type=\"image.default\">\n\t\t\t\t\t\t\t\t\t\t\t\t\t\t\t<img decoding=\"async\" src=\"https:\/\/dr-nabavi.de\/wp-content\/uploads\/elementor\/thumbs\/lila_kl-qbccsrfsp7jldz2yugx8be1vb9r448qv2n4ew13wim.png\" title=\"lila_kl\" alt=\"lila_kl\" loading=\"lazy\" \/>\t\t\t\t\t\t\t\t\t\t\t\t\t\t\t<\/div>\n\t\t\t\t<div class=\"elementor-element elementor-element-1f8b144 elementor-widget elementor-widget-heading\" data-id=\"1f8b144\" data-element_type=\"widget\" data-e-type=\"widget\" data-widget_type=\"heading.default\">\n\t\t\t\t\t<h5 class=\"elementor-heading-title elementor-size-default\">NON-SURGICAL GENITAL<\/br> REJUVENATION CERTIFIED<\/h5>\t\t\t\t<\/div>\n\t\t\t\t\t<\/div>\n\t\t<\/div>\n\t\t\t\t<div class=\"elementor-column elementor-col-33 elementor-top-column elementor-element elementor-element-b070355\" data-id=\"b070355\" data-element_type=\"column\" data-e-type=\"column\">\n\t\t\t<div class=\"elementor-widget-wrap elementor-element-populated\">\n\t\t\t\t\t\t<div class=\"elementor-element elementor-element-8d7ada4 elementor-widget elementor-widget-image\" data-id=\"8d7ada4\" data-element_type=\"widget\" data-e-type=\"widget\" data-widget_type=\"image.default\">\n\t\t\t\t\t\t\t\t\t\t\t\t\t\t\t<img decoding=\"async\" src=\"https:\/\/dr-nabavi.de\/wp-content\/uploads\/elementor\/thumbs\/pink_kl-qbccspk4bjh0qr5p5g3z6eiy4i0doujeedtfxh6ov2.png\" title=\"pink_kl\" alt=\"pink_kl\" loading=\"lazy\" \/>\t\t\t\t\t\t\t\t\t\t\t\t\t\t\t<\/div>\n\t\t\t\t<div class=\"elementor-element elementor-element-0228b27 elementor-widget elementor-widget-heading\" data-id=\"0228b27\" data-element_type=\"widget\" data-e-type=\"widget\" data-widget_type=\"heading.default\">\n\t\t\t\t\t<h5 class=\"elementor-heading-title elementor-size-default\">AESTHETIC GENITAL<\/br> SURGERY CERTIFIED<\/h5>\t\t\t\t<\/div>\n\t\t\t\t\t<\/div>\n\t\t<\/div>\n\t\t\t\t\t<\/div>\n\t\t<\/section>\n\t\t\t\t<section class=\"elementor-section elementor-top-section elementor-element elementor-element-c424f09 elementor-section-full_width elementor-section-height-default elementor-section-height-default\" data-id=\"c424f09\" data-element_type=\"section\" data-e-type=\"section\">\n\t\t\t\t\t\t<div class=\"elementor-container elementor-column-gap-default\">\n\t\t\t\t\t<div class=\"elementor-column elementor-col-100 elementor-top-column elementor-element elementor-element-6f8cb40\" data-id=\"6f8cb40\" data-element_type=\"column\" data-e-type=\"column\">\n\t\t\t<div class=\"elementor-widget-wrap elementor-element-populated\">\n\t\t\t\t\t\t<div class=\"elementor-element elementor-element-4d30b30 elementor-widget elementor-widget-google_maps\" data-id=\"4d30b30\" data-element_type=\"widget\" data-e-type=\"widget\" data-widget_type=\"google_maps.default\">\n\t\t\t\t\t\t\t<div class=\"elementor-custom-embed\">\n\t\t\t<iframe loading=\"lazy\"\n\t\t\t\t\tsrc=\"https:\/\/maps.google.com\/maps?q=Dr.%20med.%20Neda%20Nabavi%20Privatpraxis%20f%C3%BCr%20Plastische%20und%20%C3%84sthetische%20Chirurgie%20Ballindamm%203%2020095%20Hamburg&#038;t=m&#038;z=14&#038;output=embed&#038;iwloc=near\"\n\t\t\t\t\ttitle=\"Dr Neda Nabavi Private Practice for Plastic and Aesthetic Surgery Ballindamm 3 20095 Hamburg\"\n\t\t\t\t\taria-label=\"Dr Neda Nabavi Private Practice for Plastic and Aesthetic Surgery Ballindamm 3 20095 Hamburg\"\n\t\t\t><\/iframe>\n\t\t<\/div>\n\t\t\t\t\t\t<\/div>\n\t\t\t\t\t<\/div>\n\t\t<\/div>\n\t\t\t\t\t<\/div>\n\t\t<\/section>\n\t\t\t\t<\/div>","protected":false},"excerpt":{"rendered":"<p>Arbeiten im Herzen Hamburgs Aktuelle Stellenangebote Willkommen in unserer Praxis am Ballindamm Wir suchen Verst\u00e4rkung f\u00fcr unser Team Medizinische\/r Fachangestellte\/r (m\/w\/d) in Voll- oder Teilzeit mehr erfahren Dr. med Neda Nabavi Einfach ausgezeichnet BLEPHAROPLASTY CERTIFIED NON-SURGICAL GENITAL REJUVENATION CERTIFIED AESTHETIC GENITAL SURGERY CERTIFIED<\/p>","protected":false},"author":1,"featured_media":0,"parent":0,"menu_order":0,"comment_status":"closed","ping_status":"closed","template":"elementor_header_footer","meta":{"footnotes":""},"class_list":["post-1611","page","type-page","status-publish","hentry"],"yoast_head":"<!-- This site is optimized with the Yoast SEO Premium plugin v27.2 (Yoast SEO v27.2) - https:\/\/yoast.com\/product\/yoast-seo-premium-wordpress\/ -->\n<title>Aktuelle Stellenangebote f\u00fcr Medizinische Fachangestellte - Dr. Neda Nabavi<\/title>\n<meta name=\"description\" content=\"Sie suchen nach Stellenangeboten f\u00fcr medizinische Fachangestellte? Hier finden Sie spannende Jobm\u00f6glichkeiten in Voll- und Teilzeit.\" \/>\n<meta name=\"robots\" content=\"index, follow, max-snippet:-1, max-image-preview:large, max-video-preview:-1\" \/>\n<link rel=\"canonical\" href=\"https:\/\/dr-nabavi.de\/en\/stellenangebote-dr-nabavi-hamburg\/\" \/>\n<meta property=\"og:locale\" content=\"en_GB\" \/>\n<meta property=\"og:type\" content=\"article\" \/>\n<meta property=\"og:title\" content=\"Stellenangebote Dr. Neda Nabavi Hamburg\" \/>\n<meta property=\"og:description\" content=\"Sie suchen nach Stellenangeboten f\u00fcr medizinische Fachangestellte? Hier finden Sie spannende Jobm\u00f6glichkeiten in Voll- und Teilzeit.\" \/>\n<meta property=\"og:url\" content=\"https:\/\/dr-nabavi.de\/en\/stellenangebote-dr-nabavi-hamburg\/\" \/>\n<meta property=\"og:site_name\" content=\"Dr. Neda Nabavi\" \/>\n<meta property=\"article:modified_time\" content=\"2025-07-12T13:33:22+00:00\" \/>\n<meta property=\"og:image\" content=\"https:\/\/dr-nabavi.de\/wp-content\/uploads\/2023\/08\/dynamik-5.png?wsr\" \/>\n<meta name=\"twitter:card\" content=\"summary_large_image\" \/>\n<meta name=\"twitter:label1\" content=\"Estimated reading time\" \/>\n\t<meta name=\"twitter:data1\" content=\"1 minute\" \/>\n<script type=\"application\/ld+json\" class=\"yoast-schema-graph\">{\"@context\":\"https:\/\/schema.org\",\"@graph\":[{\"@type\":\"WebPage\",\"@id\":\"https:\/\/dr-nabavi.de\/stellenangebote-dr-nabavi-hamburg\/\",\"url\":\"https:\/\/dr-nabavi.de\/stellenangebote-dr-nabavi-hamburg\/\",\"name\":\"Aktuelle Stellenangebote f\u00fcr Medizinische Fachangestellte - Dr. Neda Nabavi\",\"isPartOf\":{\"@id\":\"https:\/\/dr-nabavi.de\/#website\"},\"primaryImageOfPage\":{\"@id\":\"https:\/\/dr-nabavi.de\/stellenangebote-dr-nabavi-hamburg\/#primaryimage\"},\"image\":{\"@id\":\"https:\/\/dr-nabavi.de\/stellenangebote-dr-nabavi-hamburg\/#primaryimage\"},\"thumbnailUrl\":\"https:\/\/dr-nabavi.de\/wp-content\/uploads\/2023\/08\/dynamik-5.png?wsr\",\"datePublished\":\"2024-01-02T12:42:13+00:00\",\"dateModified\":\"2025-07-12T13:33:22+00:00\",\"description\":\"Sie suchen nach Stellenangeboten f\u00fcr medizinische Fachangestellte? Hier finden Sie spannende Jobm\u00f6glichkeiten in Voll- und Teilzeit.\",\"breadcrumb\":{\"@id\":\"https:\/\/dr-nabavi.de\/stellenangebote-dr-nabavi-hamburg\/#breadcrumb\"},\"inLanguage\":\"en-GB\",\"potentialAction\":[{\"@type\":\"ReadAction\",\"target\":[\"https:\/\/dr-nabavi.de\/stellenangebote-dr-nabavi-hamburg\/\"]}]},{\"@type\":\"ImageObject\",\"inLanguage\":\"en-GB\",\"@id\":\"https:\/\/dr-nabavi.de\/stellenangebote-dr-nabavi-hamburg\/#primaryimage\",\"url\":\"https:\/\/dr-nabavi.de\/wp-content\/uploads\/2023\/08\/dynamik-5.png?wsr\",\"contentUrl\":\"https:\/\/dr-nabavi.de\/wp-content\/uploads\/2023\/08\/dynamik-5.png?wsr\"},{\"@type\":\"BreadcrumbList\",\"@id\":\"https:\/\/dr-nabavi.de\/stellenangebote-dr-nabavi-hamburg\/#breadcrumb\",\"itemListElement\":[{\"@type\":\"ListItem\",\"position\":1,\"name\":\"Startseite\",\"item\":\"https:\/\/dr-nabavi.de\/\"},{\"@type\":\"ListItem\",\"position\":2,\"name\":\"Stellenangebote Dr. Neda Nabavi Hamburg\"}]},{\"@type\":\"WebSite\",\"@id\":\"https:\/\/dr-nabavi.de\/#website\",\"url\":\"https:\/\/dr-nabavi.de\/\",\"name\":\"dr-nabavi.de\",\"description\":\"Fach\u00e4rztin f\u00fcr Plastische und \u00c4sthetische Chirurgie Hamburg\",\"publisher\":{\"@id\":\"https:\/\/dr-nabavi.de\/#organization\"},\"potentialAction\":[{\"@type\":\"SearchAction\",\"target\":{\"@type\":\"EntryPoint\",\"urlTemplate\":\"https:\/\/dr-nabavi.de\/?s={search_term_string}\"},\"query-input\":{\"@type\":\"PropertyValueSpecification\",\"valueRequired\":true,\"valueName\":\"search_term_string\"}}],\"inLanguage\":\"en-GB\"},{\"@type\":\"Organization\",\"@id\":\"https:\/\/dr-nabavi.de\/#organization\",\"name\":\"Praxis f\u00fcr Plastische und \u00c4sthetische Chirurgie Dr. Neda Nabavi\",\"url\":\"https:\/\/dr-nabavi.de\/\",\"logo\":{\"@type\":\"ImageObject\",\"inLanguage\":\"en-GB\",\"@id\":\"https:\/\/dr-nabavi.de\/#\/schema\/logo\/image\/\",\"url\":\"http:\/\/dr-nabavi.de\/wp-content\/uploads\/2023\/08\/logo_nabavi.svg\",\"contentUrl\":\"http:\/\/dr-nabavi.de\/wp-content\/uploads\/2023\/08\/logo_nabavi.svg\",\"width\":421,\"height\":109,\"caption\":\"Praxis f\u00fcr Plastische und \u00c4sthetische Chirurgie Dr. Neda Nabavi\"},\"image\":{\"@id\":\"https:\/\/dr-nabavi.de\/#\/schema\/logo\/image\/\"},\"sameAs\":[\"https:\/\/www.instagram.com\/dr.nedanabavi\/\"]}]}<\/script>\n<!-- \/ Yoast SEO Premium plugin. -->","yoast_head_json":{"title":"Aktuelle Stellenangebote f\u00fcr Medizinische Fachangestellte - Dr. Neda Nabavi","description":"Sie suchen nach Stellenangeboten f\u00fcr medizinische Fachangestellte? Hier finden Sie spannende Jobm\u00f6glichkeiten in Voll- und Teilzeit.","robots":{"index":"index","follow":"follow","max-snippet":"max-snippet:-1","max-image-preview":"max-image-preview:large","max-video-preview":"max-video-preview:-1"},"canonical":"https:\/\/dr-nabavi.de\/en\/stellenangebote-dr-nabavi-hamburg\/","og_locale":"en_GB","og_type":"article","og_title":"Stellenangebote Dr. Neda Nabavi Hamburg","og_description":"Sie suchen nach Stellenangeboten f\u00fcr medizinische Fachangestellte? Hier finden Sie spannende Jobm\u00f6glichkeiten in Voll- und Teilzeit.","og_url":"https:\/\/dr-nabavi.de\/en\/stellenangebote-dr-nabavi-hamburg\/","og_site_name":"Dr. Neda Nabavi","article_modified_time":"2025-07-12T13:33:22+00:00","og_image":[{"url":"https:\/\/dr-nabavi.de\/wp-content\/uploads\/2023\/08\/dynamik-5.png?wsr","type":"","width":"","height":""}],"twitter_card":"summary_large_image","twitter_misc":{"Estimated reading time":"1 minute"},"schema":{"@context":"https:\/\/schema.org","@graph":[{"@type":"WebPage","@id":"https:\/\/dr-nabavi.de\/stellenangebote-dr-nabavi-hamburg\/","url":"https:\/\/dr-nabavi.de\/stellenangebote-dr-nabavi-hamburg\/","name":"Aktuelle Stellenangebote f\u00fcr Medizinische Fachangestellte - Dr. Neda Nabavi","isPartOf":{"@id":"https:\/\/dr-nabavi.de\/#website"},"primaryImageOfPage":{"@id":"https:\/\/dr-nabavi.de\/stellenangebote-dr-nabavi-hamburg\/#primaryimage"},"image":{"@id":"https:\/\/dr-nabavi.de\/stellenangebote-dr-nabavi-hamburg\/#primaryimage"},"thumbnailUrl":"https:\/\/dr-nabavi.de\/wp-content\/uploads\/2023\/08\/dynamik-5.png?wsr","datePublished":"2024-01-02T12:42:13+00:00","dateModified":"2025-07-12T13:33:22+00:00","description":"Sie suchen nach Stellenangeboten f\u00fcr medizinische Fachangestellte? Hier finden Sie spannende Jobm\u00f6glichkeiten in Voll- und Teilzeit.","breadcrumb":{"@id":"https:\/\/dr-nabavi.de\/stellenangebote-dr-nabavi-hamburg\/#breadcrumb"},"inLanguage":"en-GB","potentialAction":[{"@type":"ReadAction","target":["https:\/\/dr-nabavi.de\/stellenangebote-dr-nabavi-hamburg\/"]}]},{"@type":"ImageObject","inLanguage":"en-GB","@id":"https:\/\/dr-nabavi.de\/stellenangebote-dr-nabavi-hamburg\/#primaryimage","url":"https:\/\/dr-nabavi.de\/wp-content\/uploads\/2023\/08\/dynamik-5.png?wsr","contentUrl":"https:\/\/dr-nabavi.de\/wp-content\/uploads\/2023\/08\/dynamik-5.png?wsr"},{"@type":"BreadcrumbList","@id":"https:\/\/dr-nabavi.de\/stellenangebote-dr-nabavi-hamburg\/#breadcrumb","itemListElement":[{"@type":"ListItem","position":1,"name":"Startseite","item":"https:\/\/dr-nabavi.de\/"},{"@type":"ListItem","position":2,"name":"Stellenangebote Dr. Neda Nabavi Hamburg"}]},{"@type":"WebSite","@id":"https:\/\/dr-nabavi.de\/#website","url":"https:\/\/dr-nabavi.de\/","name":"dr-nabavi.de","description":"Specialist in plastic and aesthetic surgery Hamburg","publisher":{"@id":"https:\/\/dr-nabavi.de\/#organization"},"potentialAction":[{"@type":"SearchAction","target":{"@type":"EntryPoint","urlTemplate":"https:\/\/dr-nabavi.de\/?s={search_term_string}"},"query-input":{"@type":"PropertyValueSpecification","valueRequired":true,"valueName":"search_term_string"}}],"inLanguage":"en-GB"},{"@type":"Organization","@id":"https:\/\/dr-nabavi.de\/#organization","name":"Practice for Plastic and Aesthetic Surgery Dr Neda Nabavi","url":"https:\/\/dr-nabavi.de\/","logo":{"@type":"ImageObject","inLanguage":"en-GB","@id":"https:\/\/dr-nabavi.de\/#\/schema\/logo\/image\/","url":"http:\/\/dr-nabavi.de\/wp-content\/uploads\/2023\/08\/logo_nabavi.svg","contentUrl":"http:\/\/dr-nabavi.de\/wp-content\/uploads\/2023\/08\/logo_nabavi.svg","width":421,"height":109,"caption":"Praxis f\u00fcr Plastische und \u00c4sthetische Chirurgie Dr. Neda Nabavi"},"image":{"@id":"https:\/\/dr-nabavi.de\/#\/schema\/logo\/image\/"},"sameAs":["https:\/\/www.instagram.com\/dr.nedanabavi\/"]}]}},"_links":{"self":[{"href":"https:\/\/dr-nabavi.de\/en\/wp-json\/wp\/v2\/pages\/1611","targetHints":{"allow":["GET"]}}],"collection":[{"href":"https:\/\/dr-nabavi.de\/en\/wp-json\/wp\/v2\/pages"}],"about":[{"href":"https:\/\/dr-nabavi.de\/en\/wp-json\/wp\/v2\/types\/page"}],"author":[{"embeddable":true,"href":"https:\/\/dr-nabavi.de\/en\/wp-json\/wp\/v2\/users\/1"}],"replies":[{"embeddable":true,"href":"https:\/\/dr-nabavi.de\/en\/wp-json\/wp\/v2\/comments?post=1611"}],"version-history":[{"count":10,"href":"https:\/\/dr-nabavi.de\/en\/wp-json\/wp\/v2\/pages\/1611\/revisions"}],"predecessor-version":[{"id":6311,"href":"https:\/\/dr-nabavi.de\/en\/wp-json\/wp\/v2\/pages\/1611\/revisions\/6311"}],"wp:attachment":[{"href":"https:\/\/dr-nabavi.de\/en\/wp-json\/wp\/v2\/media?parent=1611"}],"curies":[{"name":"wp","href":"https:\/\/api.w.org\/{rel}","templated":true}]}}