{"id":1440,"date":"2024-01-02T11:43:34","date_gmt":"2024-01-02T10:43:34","guid":{"rendered":"http:\/\/new.dr-nabavi.de\/?page_id=1440"},"modified":"2025-12-18T19:35:00","modified_gmt":"2025-12-18T18:35:00","slug":"schamhuegelstraffung-hamburg","status":"publish","type":"page","link":"https:\/\/dr-nabavi.de\/en\/schamhuegelstraffung-hamburg\/","title":{"rendered":"Mons pubis lift Hamburg"},"content":{"rendered":"<div data-elementor-type=\"wp-page\" data-elementor-id=\"1440\" class=\"elementor elementor-1440\" data-elementor-post-type=\"page\">\n\t\t\t\t\t\t<section class=\"elementor-section elementor-top-section elementor-element elementor-element-7ac5906b elementor-section-height-min-height elementor-section-boxed elementor-section-height-default elementor-section-items-middle\" data-id=\"7ac5906b\" data-element_type=\"section\" data-e-type=\"section\" data-settings=\"{&quot;background_background&quot;:&quot;classic&quot;}\">\n\t\t\t\t\t\t<div class=\"elementor-container elementor-column-gap-default\">\n\t\t\t\t\t<div class=\"elementor-column elementor-col-50 elementor-top-column elementor-element elementor-element-23a08622\" data-id=\"23a08622\" data-element_type=\"column\" data-e-type=\"column\">\n\t\t\t<div class=\"elementor-widget-wrap elementor-element-populated\">\n\t\t\t\t\t\t<div class=\"elementor-element elementor-element-b1dbd09 elementor-widget elementor-widget-heading\" data-id=\"b1dbd09\" data-element_type=\"widget\" data-e-type=\"widget\" data-widget_type=\"heading.default\">\n\t\t\t\t\t<h1 class=\"elementor-heading-title elementor-size-default\">Pubic mound modelling<\/h1>\t\t\t\t<\/div>\n\t\t\t\t<div class=\"elementor-element elementor-element-1358846 elementor-widget elementor-widget-heading\" data-id=\"1358846\" data-element_type=\"widget\" data-e-type=\"widget\" data-widget_type=\"heading.default\">\n\t\t\t\t\t<h2 class=\"elementor-heading-title elementor-size-default\">Modern intimate aesthetics and intimate surgery in Hamburg<\/h2>\t\t\t\t<\/div>\n\t\t\t\t\t<\/div>\n\t\t<\/div>\n\t\t\t\t<div class=\"elementor-column elementor-col-50 elementor-top-column elementor-element elementor-element-72ad0a5 elementor-hidden-mobile\" data-id=\"72ad0a5\" data-element_type=\"column\" data-e-type=\"column\">\n\t\t\t<div class=\"elementor-widget-wrap\">\n\t\t\t\t\t\t\t<\/div>\n\t\t<\/div>\n\t\t\t\t\t<\/div>\n\t\t<\/section>\n\t\t\t\t<section class=\"elementor-section elementor-top-section elementor-element elementor-element-4013cc50 elementor-section-boxed elementor-section-height-default elementor-section-height-default\" data-id=\"4013cc50\" data-element_type=\"section\" data-e-type=\"section\" data-settings=\"{&quot;background_background&quot;:&quot;classic&quot;}\">\n\t\t\t\t\t\t<div class=\"elementor-container elementor-column-gap-default\">\n\t\t\t\t\t<div class=\"elementor-column elementor-col-100 elementor-top-column elementor-element elementor-element-112e1849\" data-id=\"112e1849\" data-element_type=\"column\" data-e-type=\"column\">\n\t\t\t<div class=\"elementor-widget-wrap elementor-element-populated\">\n\t\t\t\t\t\t<div class=\"elementor-element elementor-element-cb2a39e elementor-widget elementor-widget-heading\" data-id=\"cb2a39e\" data-element_type=\"widget\" data-e-type=\"widget\" data-widget_type=\"heading.default\">\n\t\t\t\t\t<h3 class=\"elementor-heading-title elementor-size-default\">Intimate surgery: mons pubis lift<\/h3>\t\t\t\t<\/div>\n\t\t\t\t<div class=\"elementor-element elementor-element-60837c4b elementor-widget elementor-widget-heading\" data-id=\"60837c4b\" data-element_type=\"widget\" data-e-type=\"widget\" data-widget_type=\"heading.default\">\n\t\t\t\t\t<h3 class=\"elementor-heading-title elementor-size-default\">for a harmonious mons veneris<\/h3>\t\t\t\t<\/div>\n\t\t\t\t<div class=\"elementor-element elementor-element-9427ac2 elementor-widget elementor-widget-image\" data-id=\"9427ac2\" data-element_type=\"widget\" data-e-type=\"widget\" data-widget_type=\"image.default\">\n\t\t\t\t\t\t\t\t\t\t\t\t\t\t\t<img decoding=\"async\" src=\"https:\/\/dr-nabavi.de\/wp-content\/uploads\/2023\/08\/dynamik-5.png\" title=\"dynamic-5\" alt=\"dynamik-5\" loading=\"lazy\" \/>\t\t\t\t\t\t\t\t\t\t\t\t\t\t\t<\/div>\n\t\t\t\t\t<\/div>\n\t\t<\/div>\n\t\t\t\t\t<\/div>\n\t\t<\/section>\n\t\t\t\t<section class=\"elementor-section elementor-top-section elementor-element elementor-element-7571fc5 elementor-section-boxed elementor-section-height-default elementor-section-height-default\" data-id=\"7571fc5\" data-element_type=\"section\" data-e-type=\"section\">\n\t\t\t\t\t\t\t<div class=\"elementor-background-overlay\"><\/div>\n\t\t\t\t\t\t\t<div class=\"elementor-container elementor-column-gap-default\">\n\t\t\t\t\t<div class=\"elementor-column elementor-col-100 elementor-top-column elementor-element elementor-element-15e0dac\" data-id=\"15e0dac\" data-element_type=\"column\" data-e-type=\"column\">\n\t\t\t<div class=\"elementor-widget-wrap elementor-element-populated\">\n\t\t\t\t\t\t<div class=\"elementor-element elementor-element-cbec7fa elementor-widget elementor-widget-text-editor\" data-id=\"cbec7fa\" data-element_type=\"widget\" data-e-type=\"widget\" data-widget_type=\"text-editor.default\">\n\t\t\t\t\t\t\t\t\t<p style=\"text-align: center;\"><span style=\"font-size: 14pt;\">If the mons pubis is too pronounced and protrudes unattractively between the lower abdomen and the genital area, gentle liposuction in this area can usually create an overall aesthetic appearance. If the skin is too loose, a small, inconspicuous incision in the pubic hair area can sometimes help to remove the excess skin and achieve the best possible result. If there are disturbing scars, e.g. after a caesarean section, they can be removed or corrected as part of a mons pubis lift.<\/span><\/p>\t\t\t\t\t\t\t\t<\/div>\n\t\t\t\t<section class=\"elementor-section elementor-inner-section elementor-element elementor-element-c45834c elementor-section-boxed elementor-section-height-default elementor-section-height-default\" data-id=\"c45834c\" data-element_type=\"section\" data-e-type=\"section\">\n\t\t\t\t\t\t<div class=\"elementor-container elementor-column-gap-default\">\n\t\t\t\t\t<div class=\"elementor-column elementor-col-50 elementor-inner-column elementor-element elementor-element-c7841c7\" data-id=\"c7841c7\" data-element_type=\"column\" data-e-type=\"column\">\n\t\t\t<div class=\"elementor-widget-wrap elementor-element-populated\">\n\t\t\t\t\t\t<div class=\"elementor-element elementor-element-e8bb918 elementor-widget elementor-widget-text-editor\" data-id=\"e8bb918\" data-element_type=\"widget\" data-e-type=\"widget\" data-widget_type=\"text-editor.default\">\n\t\t\t\t\t\t\t\t\t<p style=\"text-align: left;\">The mons pubis is a special part of the female anatomy and is located above the labia and the clitoris as an accumulation of fat in front of the pubic bone. As a rule, it represents the aesthetic transition from the lower abdomen to the genital region. The mons veneris can appear too large due to pronounced fat deposits and can be perceived as disturbing, especially when wearing tight-fitting clothing. Affected women often feel very uncomfortable, especially if the mons pubis is clearly visible through clothing.<\/p>\t\t\t\t\t\t\t\t<\/div>\n\t\t\t\t\t<\/div>\n\t\t<\/div>\n\t\t\t\t<div class=\"elementor-column elementor-col-50 elementor-inner-column elementor-element elementor-element-4b339b4\" data-id=\"4b339b4\" data-element_type=\"column\" data-e-type=\"column\">\n\t\t\t<div class=\"elementor-widget-wrap elementor-element-populated\">\n\t\t\t\t\t\t<div class=\"elementor-element elementor-element-f0084d9 elementor-widget elementor-widget-text-editor\" data-id=\"f0084d9\" data-element_type=\"widget\" data-e-type=\"widget\" data-widget_type=\"text-editor.default\">\n\t\t\t\t\t\t\t\t\t<p style=\"text-align: left;\">With a mons pubis lift, we can help you with your problem in our private practice for plastic and aesthetic surgery and model a harmonious mons veneris.<\/p>\t\t\t\t\t\t\t\t<\/div>\n\t\t\t\t\t<\/div>\n\t\t<\/div>\n\t\t\t\t\t<\/div>\n\t\t<\/section>\n\t\t\t\t\t<\/div>\n\t\t<\/div>\n\t\t\t\t\t<\/div>\n\t\t<\/section>\n\t\t\t\t<section class=\"elementor-section elementor-top-section elementor-element elementor-element-7a0f80b elementor-section-boxed elementor-section-height-default elementor-section-height-default\" data-id=\"7a0f80b\" data-element_type=\"section\" data-e-type=\"section\" data-settings=\"{&quot;background_background&quot;:&quot;classic&quot;}\">\n\t\t\t\t\t\t\t<div class=\"elementor-background-overlay\"><\/div>\n\t\t\t\t\t\t\t<div class=\"elementor-container elementor-column-gap-default\">\n\t\t\t\t\t<div class=\"elementor-column elementor-col-100 elementor-top-column elementor-element elementor-element-ebbd8b5\" data-id=\"ebbd8b5\" data-element_type=\"column\" data-e-type=\"column\">\n\t\t\t<div class=\"elementor-widget-wrap elementor-element-populated\">\n\t\t\t\t\t\t<div class=\"elementor-element elementor-element-05e0f12 elementor-widget elementor-widget-heading\" data-id=\"05e0f12\" data-element_type=\"widget\" data-e-type=\"widget\" data-widget_type=\"heading.default\">\n\t\t\t\t\t<h2 class=\"elementor-heading-title elementor-size-default\">Procedure for a mons pubis lift<\/h2>\t\t\t\t<\/div>\n\t\t\t\t<div class=\"elementor-element elementor-element-f59cb4f elementor-widget elementor-widget-text-editor\" data-id=\"f59cb4f\" data-element_type=\"widget\" data-e-type=\"widget\" data-widget_type=\"text-editor.default\">\n\t\t\t\t\t\t\t\t\t<p style=\"text-align: left;\">If the mons veneris is too prominent due to excess fatty tissue, this region can be modelled by liposuction. If there is excess skin due to sagging in this area, it is possible to remove the excess tissue and lift the mons pubis slightly by means of a tightening operation. If the mons pubis is too thick and sagging at the same time, a mons pubis lift can be combined with liposuction.\u00a0<\/p>\t\t\t\t\t\t\t\t<\/div>\n\t\t\t\t\t<\/div>\n\t\t<\/div>\n\t\t\t\t\t<\/div>\n\t\t<\/section>\n\t\t\t\t<section class=\"elementor-section elementor-top-section elementor-element elementor-element-b62fea2 elementor-section-boxed elementor-section-height-default elementor-section-height-default\" data-id=\"b62fea2\" data-element_type=\"section\" data-e-type=\"section\" data-settings=\"{&quot;background_background&quot;:&quot;classic&quot;}\">\n\t\t\t\t\t\t\t<div class=\"elementor-background-overlay\"><\/div>\n\t\t\t\t\t\t\t<div class=\"elementor-container elementor-column-gap-default\">\n\t\t\t\t\t<div class=\"elementor-column elementor-col-100 elementor-top-column elementor-element elementor-element-ecf6fcc\" data-id=\"ecf6fcc\" data-element_type=\"column\" data-e-type=\"column\">\n\t\t\t<div class=\"elementor-widget-wrap elementor-element-populated\">\n\t\t\t\t\t\t<div class=\"elementor-element elementor-element-b3a597d elementor-widget elementor-widget-heading\" data-id=\"b3a597d\" data-element_type=\"widget\" data-e-type=\"widget\" data-widget_type=\"heading.default\">\n\t\t\t\t\t<h3 class=\"elementor-heading-title elementor-size-default\">Good to know:<\/h3>\t\t\t\t<\/div>\n\t\t\t\t<div class=\"elementor-element elementor-element-dafb9f0 elementor-widget elementor-widget-text-editor\" data-id=\"dafb9f0\" data-element_type=\"widget\" data-e-type=\"widget\" data-widget_type=\"text-editor.default\">\n\t\t\t\t\t\t\t\t\t<div id=\"c396\" class=\"frame frame-default frame-type-jedsystem_fce_grid frame-layout-0\"><div class=\"bg-light\"><div class=\"container pt pb\"><div id=\"c395\" class=\"frame frame-default frame-type-textmedia frame-layout-0\"><div class=\"ce-textpic ce-center ce-above\"><div class=\"ce-bodytext\"><p class=\"text-center\" style=\"text-align: center;\">Sexual intercourse is possible again after four weeks following a mons veneris correction.<\/p><\/div><\/div><\/div><\/div><\/div><\/div>\t\t\t\t\t\t\t\t<\/div>\n\t\t\t\t<div class=\"elementor-element elementor-element-40dc685 elementor-widget elementor-widget-image\" data-id=\"40dc685\" data-element_type=\"widget\" data-e-type=\"widget\" data-widget_type=\"image.default\">\n\t\t\t\t\t\t\t\t\t\t\t\t\t\t\t<img decoding=\"async\" src=\"https:\/\/dr-nabavi.de\/wp-content\/uploads\/2023\/08\/dynamik-5.png\" title=\"dynamic-5\" alt=\"dynamik-5\" loading=\"lazy\" \/>\t\t\t\t\t\t\t\t\t\t\t\t\t\t\t<\/div>\n\t\t\t\t\t<\/div>\n\t\t<\/div>\n\t\t\t\t\t<\/div>\n\t\t<\/section>\n\t\t\t\t<section class=\"elementor-section elementor-top-section elementor-element elementor-element-a22e6eb elementor-section-boxed elementor-section-height-default elementor-section-height-default\" data-id=\"a22e6eb\" data-element_type=\"section\" data-e-type=\"section\" data-settings=\"{&quot;background_background&quot;:&quot;classic&quot;}\">\n\t\t\t\t\t\t\t<div class=\"elementor-background-overlay\"><\/div>\n\t\t\t\t\t\t\t<div class=\"elementor-container elementor-column-gap-default\">\n\t\t\t\t\t<div class=\"elementor-column elementor-col-100 elementor-top-column elementor-element elementor-element-c2fb964\" data-id=\"c2fb964\" data-element_type=\"column\" data-e-type=\"column\">\n\t\t\t<div class=\"elementor-widget-wrap elementor-element-populated\">\n\t\t\t\t\t\t<div class=\"elementor-element elementor-element-78a22a3 elementor-widget elementor-widget-heading\" data-id=\"78a22a3\" data-element_type=\"widget\" data-e-type=\"widget\" data-widget_type=\"heading.default\">\n\t\t\t\t\t<h3 class=\"elementor-heading-title elementor-size-default\">Venous mound lift: possible complications<\/h3>\t\t\t\t<\/div>\n\t\t\t\t<div class=\"elementor-element elementor-element-840d047 elementor-widget elementor-widget-text-editor\" data-id=\"840d047\" data-element_type=\"widget\" data-e-type=\"widget\" data-widget_type=\"text-editor.default\">\n\t\t\t\t\t\t\t\t\t<p>Our primary aim is, of course, not to impair the sensitivity of the mons pubis as a result of the treatment. Swelling and discomfort may occur in the first few days. You should take it easy and rest for the first few days after the correction. Wearing a compression garment is recommended after liposuction. You should refrain from sport for four to six weeks.<\/p><p>\u00a0<\/p><p><strong>Would you like to find out more about the possibilities of a mons veneris lift in a confidential environment? Then give us a call or simply make an appointment online. We look forward to seeing you!<\/strong><\/p>\t\t\t\t\t\t\t\t<\/div>\n\t\t\t\t<div class=\"elementor-element elementor-element-f299bb3 elementor-align-center elementor-widget elementor-widget-button\" data-id=\"f299bb3\" data-element_type=\"widget\" data-e-type=\"widget\" data-widget_type=\"button.default\">\n\t\t\t\t\t\t\t\t\t\t<a class=\"elementor-button elementor-button-link elementor-size-sm\" href=\"https:\/\/dr-nabavi.de\/en\/termin-vereinbaren-dr-nabavi-hamburg\/\">\n\t\t\t\t\t\t<span class=\"elementor-button-content-wrapper\">\n\t\t\t\t\t\t\t\t\t<span class=\"elementor-button-text\">appointment online<\/span>\n\t\t\t\t\t<\/span>\n\t\t\t\t\t<\/a>\n\t\t\t\t\t\t\t\t<\/div>\n\t\t\t\t\t<\/div>\n\t\t<\/div>\n\t\t\t\t\t<\/div>\n\t\t<\/section>\n\t\t\t\t<section class=\"elementor-section elementor-top-section elementor-element elementor-element-c424f09 elementor-section-full_width elementor-section-height-default elementor-section-height-default\" data-id=\"c424f09\" data-element_type=\"section\" data-e-type=\"section\">\n\t\t\t\t\t\t<div class=\"elementor-container elementor-column-gap-default\">\n\t\t\t\t\t<div class=\"elementor-column elementor-col-100 elementor-top-column elementor-element elementor-element-6f8cb40\" data-id=\"6f8cb40\" data-element_type=\"column\" data-e-type=\"column\">\n\t\t\t<div class=\"elementor-widget-wrap elementor-element-populated\">\n\t\t\t\t\t\t<div class=\"elementor-element elementor-element-4d30b30 elementor-widget elementor-widget-google_maps\" data-id=\"4d30b30\" data-element_type=\"widget\" data-e-type=\"widget\" data-widget_type=\"google_maps.default\">\n\t\t\t\t\t\t\t<div class=\"elementor-custom-embed\">\n\t\t\t<iframe loading=\"lazy\"\n\t\t\t\t\tsrc=\"https:\/\/maps.google.com\/maps?q=Dr.%20med.%20Neda%20Nabavi%20Privatpraxis%20f%C3%BCr%20Plastische%20und%20%C3%84sthetische%20Chirurgie%20Ballindamm%203%2020095%20Hamburg&#038;t=m&#038;z=14&#038;output=embed&#038;iwloc=near\"\n\t\t\t\t\ttitle=\"Dr Neda Nabavi Private Practice for Plastic and Aesthetic Surgery Ballindamm 3 20095 Hamburg\"\n\t\t\t\t\taria-label=\"Dr Neda Nabavi Private Practice for Plastic and Aesthetic Surgery Ballindamm 3 20095 Hamburg\"\n\t\t\t><\/iframe>\n\t\t<\/div>\n\t\t\t\t\t\t<\/div>\n\t\t\t\t\t<\/div>\n\t\t<\/div>\n\t\t\t\t\t<\/div>\n\t\t<\/section>\n\t\t\t\t<\/div>","protected":false},"excerpt":{"rendered":"<p>Schamh\u00fcgel-Modellierung Moderne Intim\u00e4sthetik und Intimchirurgie in Hamburg Intimchirurgie: Schamh\u00fcgelstraffung f\u00fcr einen harmonischen Venush\u00fcgel Ist der Schamh\u00fcgel zu stark ausgepr\u00e4gt und w\u00f6lbt sich zwischen Unterbauch und Intimbereich unsch\u00f6n hervor, kann meistens schon durch eine sanfte Absaugung in diesem Bereich ein \u00e4sthetisches Gesamtbild erzeugt werden. Sollte die Haut zu stark erschlafft sein, hilft manchmal schon\u00a0ein kleiner, unauff\u00e4lliger [&hellip;]<\/p>\n","protected":false},"author":1,"featured_media":0,"parent":0,"menu_order":0,"comment_status":"closed","ping_status":"closed","template":"elementor_header_footer","meta":{"footnotes":""},"class_list":["post-1440","page","type-page","status-publish","hentry"],"yoast_head":"<!-- This site is optimized with the Yoast SEO Premium plugin v27.4 (Yoast SEO v27.4) - https:\/\/yoast.com\/product\/yoast-seo-premium-wordpress\/ -->\n<title>Schamh\u00fcgelstraffung: Korrektur f\u00fcr Narben und erschlaffte Haut - Dr. Neda Nabavi<\/title>\n<meta name=\"description\" content=\"Verbessern Sie Ihr \u00e4sthetisches Erscheinungsbild mit einer Schamh\u00fcgelstraffung. Sanfte Absaugung und Hautkorrektur f\u00fcr ein optimales Resultat.\" \/>\n<meta name=\"robots\" content=\"index, follow, max-snippet:-1, max-image-preview:large, max-video-preview:-1\" \/>\n<link rel=\"canonical\" href=\"https:\/\/dr-nabavi.de\/en\/schamhuegelstraffung-hamburg\/\" \/>\n<meta property=\"og:locale\" content=\"en_GB\" \/>\n<meta property=\"og:type\" content=\"article\" \/>\n<meta property=\"og:title\" content=\"Schamh\u00fcgelstraffung Hamburg\" \/>\n<meta property=\"og:description\" content=\"Verbessern Sie Ihr \u00e4sthetisches Erscheinungsbild mit einer Schamh\u00fcgelstraffung. Sanfte Absaugung und Hautkorrektur f\u00fcr ein optimales Resultat.\" \/>\n<meta property=\"og:url\" content=\"https:\/\/dr-nabavi.de\/en\/schamhuegelstraffung-hamburg\/\" \/>\n<meta property=\"og:site_name\" content=\"Dr. Neda Nabavi\" \/>\n<meta property=\"article:modified_time\" content=\"2025-12-18T18:35:00+00:00\" \/>\n<meta property=\"og:image\" content=\"https:\/\/dr-nabavi.de\/wp-content\/uploads\/2023\/08\/dynamik-5.png?wsr\" \/>\n<meta name=\"twitter:card\" content=\"summary_large_image\" \/>\n<meta name=\"twitter:label1\" content=\"Estimated reading time\" \/>\n\t<meta name=\"twitter:data1\" content=\"3 minutes\" \/>\n<script type=\"application\/ld+json\" class=\"yoast-schema-graph\">{\"@context\":\"https:\\\/\\\/schema.org\",\"@graph\":[{\"@type\":\"WebPage\",\"@id\":\"https:\\\/\\\/dr-nabavi.de\\\/schamhuegelstraffung-hamburg\\\/\",\"url\":\"https:\\\/\\\/dr-nabavi.de\\\/schamhuegelstraffung-hamburg\\\/\",\"name\":\"Schamh\u00fcgelstraffung: Korrektur f\u00fcr Narben und erschlaffte Haut - Dr. Neda Nabavi\",\"isPartOf\":{\"@id\":\"https:\\\/\\\/dr-nabavi.de\\\/#website\"},\"primaryImageOfPage\":{\"@id\":\"https:\\\/\\\/dr-nabavi.de\\\/schamhuegelstraffung-hamburg\\\/#primaryimage\"},\"image\":{\"@id\":\"https:\\\/\\\/dr-nabavi.de\\\/schamhuegelstraffung-hamburg\\\/#primaryimage\"},\"thumbnailUrl\":\"https:\\\/\\\/dr-nabavi.de\\\/wp-content\\\/uploads\\\/2023\\\/08\\\/dynamik-5.png?wsr\",\"datePublished\":\"2024-01-02T10:43:34+00:00\",\"dateModified\":\"2025-12-18T18:35:00+00:00\",\"description\":\"Verbessern Sie Ihr \u00e4sthetisches Erscheinungsbild mit einer Schamh\u00fcgelstraffung. Sanfte Absaugung und Hautkorrektur f\u00fcr ein optimales Resultat.\",\"breadcrumb\":{\"@id\":\"https:\\\/\\\/dr-nabavi.de\\\/schamhuegelstraffung-hamburg\\\/#breadcrumb\"},\"inLanguage\":\"en-GB\",\"potentialAction\":[{\"@type\":\"ReadAction\",\"target\":[\"https:\\\/\\\/dr-nabavi.de\\\/schamhuegelstraffung-hamburg\\\/\"]}]},{\"@type\":\"ImageObject\",\"inLanguage\":\"en-GB\",\"@id\":\"https:\\\/\\\/dr-nabavi.de\\\/schamhuegelstraffung-hamburg\\\/#primaryimage\",\"url\":\"https:\\\/\\\/dr-nabavi.de\\\/wp-content\\\/uploads\\\/2023\\\/08\\\/dynamik-5.png?wsr\",\"contentUrl\":\"https:\\\/\\\/dr-nabavi.de\\\/wp-content\\\/uploads\\\/2023\\\/08\\\/dynamik-5.png?wsr\"},{\"@type\":\"BreadcrumbList\",\"@id\":\"https:\\\/\\\/dr-nabavi.de\\\/schamhuegelstraffung-hamburg\\\/#breadcrumb\",\"itemListElement\":[{\"@type\":\"ListItem\",\"position\":1,\"name\":\"Startseite\",\"item\":\"https:\\\/\\\/dr-nabavi.de\\\/\"},{\"@type\":\"ListItem\",\"position\":2,\"name\":\"Schamh\u00fcgelstraffung Hamburg\"}]},{\"@type\":\"WebSite\",\"@id\":\"https:\\\/\\\/dr-nabavi.de\\\/#website\",\"url\":\"https:\\\/\\\/dr-nabavi.de\\\/\",\"name\":\"dr-nabavi.de\",\"description\":\"Fach\u00e4rztin f\u00fcr Plastische und \u00c4sthetische Chirurgie Hamburg\",\"publisher\":{\"@id\":\"https:\\\/\\\/dr-nabavi.de\\\/#organization\"},\"potentialAction\":[{\"@type\":\"SearchAction\",\"target\":{\"@type\":\"EntryPoint\",\"urlTemplate\":\"https:\\\/\\\/dr-nabavi.de\\\/?s={search_term_string}\"},\"query-input\":{\"@type\":\"PropertyValueSpecification\",\"valueRequired\":true,\"valueName\":\"search_term_string\"}}],\"inLanguage\":\"en-GB\"},{\"@type\":\"Organization\",\"@id\":\"https:\\\/\\\/dr-nabavi.de\\\/#organization\",\"name\":\"Praxis f\u00fcr Plastische und \u00c4sthetische Chirurgie Dr. Neda Nabavi\",\"url\":\"https:\\\/\\\/dr-nabavi.de\\\/\",\"logo\":{\"@type\":\"ImageObject\",\"inLanguage\":\"en-GB\",\"@id\":\"https:\\\/\\\/dr-nabavi.de\\\/#\\\/schema\\\/logo\\\/image\\\/\",\"url\":\"http:\\\/\\\/dr-nabavi.de\\\/wp-content\\\/uploads\\\/2023\\\/08\\\/logo_nabavi.svg\",\"contentUrl\":\"http:\\\/\\\/dr-nabavi.de\\\/wp-content\\\/uploads\\\/2023\\\/08\\\/logo_nabavi.svg\",\"width\":421,\"height\":109,\"caption\":\"Praxis f\u00fcr Plastische und \u00c4sthetische Chirurgie Dr. Neda Nabavi\"},\"image\":{\"@id\":\"https:\\\/\\\/dr-nabavi.de\\\/#\\\/schema\\\/logo\\\/image\\\/\"},\"sameAs\":[\"https:\\\/\\\/www.instagram.com\\\/dr.nedanabavi\\\/\"]}]}<\/script>\n<!-- \/ Yoast SEO Premium plugin. -->","yoast_head_json":{"title":"Schamh\u00fcgelstraffung: Korrektur f\u00fcr Narben und erschlaffte Haut - Dr. Neda Nabavi","description":"Verbessern Sie Ihr \u00e4sthetisches Erscheinungsbild mit einer Schamh\u00fcgelstraffung. Sanfte Absaugung und Hautkorrektur f\u00fcr ein optimales Resultat.","robots":{"index":"index","follow":"follow","max-snippet":"max-snippet:-1","max-image-preview":"max-image-preview:large","max-video-preview":"max-video-preview:-1"},"canonical":"https:\/\/dr-nabavi.de\/en\/schamhuegelstraffung-hamburg\/","og_locale":"en_GB","og_type":"article","og_title":"Schamh\u00fcgelstraffung Hamburg","og_description":"Verbessern Sie Ihr \u00e4sthetisches Erscheinungsbild mit einer Schamh\u00fcgelstraffung. Sanfte Absaugung und Hautkorrektur f\u00fcr ein optimales Resultat.","og_url":"https:\/\/dr-nabavi.de\/en\/schamhuegelstraffung-hamburg\/","og_site_name":"Dr. Neda Nabavi","article_modified_time":"2025-12-18T18:35:00+00:00","og_image":[{"url":"https:\/\/dr-nabavi.de\/wp-content\/uploads\/2023\/08\/dynamik-5.png?wsr","type":"","width":"","height":""}],"twitter_card":"summary_large_image","twitter_misc":{"Estimated reading time":"3 minutes"},"schema":{"@context":"https:\/\/schema.org","@graph":[{"@type":"WebPage","@id":"https:\/\/dr-nabavi.de\/schamhuegelstraffung-hamburg\/","url":"https:\/\/dr-nabavi.de\/schamhuegelstraffung-hamburg\/","name":"Schamh\u00fcgelstraffung: Korrektur f\u00fcr Narben und erschlaffte Haut - Dr. Neda Nabavi","isPartOf":{"@id":"https:\/\/dr-nabavi.de\/#website"},"primaryImageOfPage":{"@id":"https:\/\/dr-nabavi.de\/schamhuegelstraffung-hamburg\/#primaryimage"},"image":{"@id":"https:\/\/dr-nabavi.de\/schamhuegelstraffung-hamburg\/#primaryimage"},"thumbnailUrl":"https:\/\/dr-nabavi.de\/wp-content\/uploads\/2023\/08\/dynamik-5.png?wsr","datePublished":"2024-01-02T10:43:34+00:00","dateModified":"2025-12-18T18:35:00+00:00","description":"Verbessern Sie Ihr \u00e4sthetisches Erscheinungsbild mit einer Schamh\u00fcgelstraffung. Sanfte Absaugung und Hautkorrektur f\u00fcr ein optimales Resultat.","breadcrumb":{"@id":"https:\/\/dr-nabavi.de\/schamhuegelstraffung-hamburg\/#breadcrumb"},"inLanguage":"en-GB","potentialAction":[{"@type":"ReadAction","target":["https:\/\/dr-nabavi.de\/schamhuegelstraffung-hamburg\/"]}]},{"@type":"ImageObject","inLanguage":"en-GB","@id":"https:\/\/dr-nabavi.de\/schamhuegelstraffung-hamburg\/#primaryimage","url":"https:\/\/dr-nabavi.de\/wp-content\/uploads\/2023\/08\/dynamik-5.png?wsr","contentUrl":"https:\/\/dr-nabavi.de\/wp-content\/uploads\/2023\/08\/dynamik-5.png?wsr"},{"@type":"BreadcrumbList","@id":"https:\/\/dr-nabavi.de\/schamhuegelstraffung-hamburg\/#breadcrumb","itemListElement":[{"@type":"ListItem","position":1,"name":"Startseite","item":"https:\/\/dr-nabavi.de\/"},{"@type":"ListItem","position":2,"name":"Schamh\u00fcgelstraffung Hamburg"}]},{"@type":"WebSite","@id":"https:\/\/dr-nabavi.de\/#website","url":"https:\/\/dr-nabavi.de\/","name":"dr-nabavi.de","description":"Specialist in plastic and aesthetic surgery Hamburg","publisher":{"@id":"https:\/\/dr-nabavi.de\/#organization"},"potentialAction":[{"@type":"SearchAction","target":{"@type":"EntryPoint","urlTemplate":"https:\/\/dr-nabavi.de\/?s={search_term_string}"},"query-input":{"@type":"PropertyValueSpecification","valueRequired":true,"valueName":"search_term_string"}}],"inLanguage":"en-GB"},{"@type":"Organization","@id":"https:\/\/dr-nabavi.de\/#organization","name":"Practice for Plastic and Aesthetic Surgery Dr Neda Nabavi","url":"https:\/\/dr-nabavi.de\/","logo":{"@type":"ImageObject","inLanguage":"en-GB","@id":"https:\/\/dr-nabavi.de\/#\/schema\/logo\/image\/","url":"http:\/\/dr-nabavi.de\/wp-content\/uploads\/2023\/08\/logo_nabavi.svg","contentUrl":"http:\/\/dr-nabavi.de\/wp-content\/uploads\/2023\/08\/logo_nabavi.svg","width":421,"height":109,"caption":"Praxis f\u00fcr Plastische und \u00c4sthetische Chirurgie Dr. Neda Nabavi"},"image":{"@id":"https:\/\/dr-nabavi.de\/#\/schema\/logo\/image\/"},"sameAs":["https:\/\/www.instagram.com\/dr.nedanabavi\/"]}]}},"_links":{"self":[{"href":"https:\/\/dr-nabavi.de\/en\/wp-json\/wp\/v2\/pages\/1440","targetHints":{"allow":["GET"]}}],"collection":[{"href":"https:\/\/dr-nabavi.de\/en\/wp-json\/wp\/v2\/pages"}],"about":[{"href":"https:\/\/dr-nabavi.de\/en\/wp-json\/wp\/v2\/types\/page"}],"author":[{"embeddable":true,"href":"https:\/\/dr-nabavi.de\/en\/wp-json\/wp\/v2\/users\/1"}],"replies":[{"embeddable":true,"href":"https:\/\/dr-nabavi.de\/en\/wp-json\/wp\/v2\/comments?post=1440"}],"version-history":[{"count":10,"href":"https:\/\/dr-nabavi.de\/en\/wp-json\/wp\/v2\/pages\/1440\/revisions"}],"predecessor-version":[{"id":6260,"href":"https:\/\/dr-nabavi.de\/en\/wp-json\/wp\/v2\/pages\/1440\/revisions\/6260"}],"wp:attachment":[{"href":"https:\/\/dr-nabavi.de\/en\/wp-json\/wp\/v2\/media?parent=1440"}],"curies":[{"name":"wp","href":"https:\/\/api.w.org\/{rel}","templated":true}]}}