{"id":1428,"date":"2024-01-02T11:31:53","date_gmt":"2024-01-02T10:31:53","guid":{"rendered":"http:\/\/new.dr-nabavi.de\/?page_id=1428"},"modified":"2025-12-18T19:35:17","modified_gmt":"2025-12-18T18:35:17","slug":"schamlippenvergroesserung-hamburg","status":"publish","type":"page","link":"https:\/\/dr-nabavi.de\/en\/schamlippenvergroesserung-hamburg\/","title":{"rendered":"Labia enlargement Hamburg"},"content":{"rendered":"<div data-elementor-type=\"wp-page\" data-elementor-id=\"1428\" class=\"elementor elementor-1428\" data-elementor-post-type=\"page\">\n\t\t\t\t\t\t<section class=\"elementor-section elementor-top-section elementor-element elementor-element-7ac5906b elementor-section-height-min-height elementor-section-boxed elementor-section-height-default elementor-section-items-middle\" data-id=\"7ac5906b\" data-element_type=\"section\" data-e-type=\"section\" data-settings=\"{&quot;background_background&quot;:&quot;classic&quot;}\">\n\t\t\t\t\t\t<div class=\"elementor-container elementor-column-gap-default\">\n\t\t\t\t\t<div class=\"elementor-column elementor-col-50 elementor-top-column elementor-element elementor-element-23a08622\" data-id=\"23a08622\" data-element_type=\"column\" data-e-type=\"column\">\n\t\t\t<div class=\"elementor-widget-wrap elementor-element-populated\">\n\t\t\t\t\t\t<div class=\"elementor-element elementor-element-7b5fcd1 elementor-widget elementor-widget-heading\" data-id=\"7b5fcd1\" data-element_type=\"widget\" data-e-type=\"widget\" data-widget_type=\"heading.default\">\n\t\t\t\t\t<h1 class=\"elementor-heading-title elementor-size-default\">Labia augmentation<\/h1>\t\t\t\t<\/div>\n\t\t\t\t<div class=\"elementor-element elementor-element-1358846 elementor-widget elementor-widget-heading\" data-id=\"1358846\" data-element_type=\"widget\" data-e-type=\"widget\" data-widget_type=\"heading.default\">\n\t\t\t\t\t<h2 class=\"elementor-heading-title elementor-size-default\">Modern intimate aesthetics and intimate surgery in Hamburg<\/h2>\t\t\t\t<\/div>\n\t\t\t\t\t<\/div>\n\t\t<\/div>\n\t\t\t\t<div class=\"elementor-column elementor-col-50 elementor-top-column elementor-element elementor-element-72ad0a5 elementor-hidden-mobile\" data-id=\"72ad0a5\" data-element_type=\"column\" data-e-type=\"column\">\n\t\t\t<div class=\"elementor-widget-wrap\">\n\t\t\t\t\t\t\t<\/div>\n\t\t<\/div>\n\t\t\t\t\t<\/div>\n\t\t<\/section>\n\t\t\t\t<section class=\"elementor-section elementor-top-section elementor-element elementor-element-4013cc50 elementor-section-boxed elementor-section-height-default elementor-section-height-default\" data-id=\"4013cc50\" data-element_type=\"section\" data-e-type=\"section\" data-settings=\"{&quot;background_background&quot;:&quot;classic&quot;}\">\n\t\t\t\t\t\t<div class=\"elementor-container elementor-column-gap-default\">\n\t\t\t\t\t<div class=\"elementor-column elementor-col-100 elementor-top-column elementor-element elementor-element-112e1849\" data-id=\"112e1849\" data-element_type=\"column\" data-e-type=\"column\">\n\t\t\t<div class=\"elementor-widget-wrap elementor-element-populated\">\n\t\t\t\t\t\t<div class=\"elementor-element elementor-element-cb2a39e elementor-widget elementor-widget-heading\" data-id=\"cb2a39e\" data-element_type=\"widget\" data-e-type=\"widget\" data-widget_type=\"heading.default\">\n\t\t\t\t\t<h3 class=\"elementor-heading-title elementor-size-default\">Labia augmentation in Hamburg<\/h3>\t\t\t\t<\/div>\n\t\t\t\t<div class=\"elementor-element elementor-element-60837c4b elementor-widget elementor-widget-heading\" data-id=\"60837c4b\" data-element_type=\"widget\" data-e-type=\"widget\" data-widget_type=\"heading.default\">\n\t\t\t\t\t<h3 class=\"elementor-heading-title elementor-size-default\">Enlargement of the labia minora<\/h3>\t\t\t\t<\/div>\n\t\t\t\t<div class=\"elementor-element elementor-element-9427ac2 elementor-widget elementor-widget-image\" data-id=\"9427ac2\" data-element_type=\"widget\" data-e-type=\"widget\" data-widget_type=\"image.default\">\n\t\t\t\t\t\t\t\t\t\t\t\t\t\t\t<img decoding=\"async\" src=\"https:\/\/dr-nabavi.de\/wp-content\/uploads\/2023\/08\/dynamik-5.png\" title=\"dynamic-5\" alt=\"dynamik-5\" loading=\"lazy\" \/>\t\t\t\t\t\t\t\t\t\t\t\t\t\t\t<\/div>\n\t\t\t\t\t<\/div>\n\t\t<\/div>\n\t\t\t\t\t<\/div>\n\t\t<\/section>\n\t\t\t\t<section class=\"elementor-section elementor-top-section elementor-element elementor-element-7571fc5 elementor-section-boxed elementor-section-height-default elementor-section-height-default\" data-id=\"7571fc5\" data-element_type=\"section\" data-e-type=\"section\">\n\t\t\t\t\t\t\t<div class=\"elementor-background-overlay\"><\/div>\n\t\t\t\t\t\t\t<div class=\"elementor-container elementor-column-gap-default\">\n\t\t\t\t\t<div class=\"elementor-column elementor-col-100 elementor-top-column elementor-element elementor-element-15e0dac\" data-id=\"15e0dac\" data-element_type=\"column\" data-e-type=\"column\">\n\t\t\t<div class=\"elementor-widget-wrap elementor-element-populated\">\n\t\t\t\t\t\t<section class=\"elementor-section elementor-inner-section elementor-element elementor-element-c45834c elementor-section-boxed elementor-section-height-default elementor-section-height-default\" data-id=\"c45834c\" data-element_type=\"section\" data-e-type=\"section\">\n\t\t\t\t\t\t<div class=\"elementor-container elementor-column-gap-default\">\n\t\t\t\t\t<div class=\"elementor-column elementor-col-50 elementor-inner-column elementor-element elementor-element-c7841c7\" data-id=\"c7841c7\" data-element_type=\"column\" data-e-type=\"column\">\n\t\t\t<div class=\"elementor-widget-wrap elementor-element-populated\">\n\t\t\t\t\t\t<div class=\"elementor-element elementor-element-e8bb918 elementor-widget elementor-widget-text-editor\" data-id=\"e8bb918\" data-element_type=\"widget\" data-e-type=\"widget\" data-widget_type=\"text-editor.default\">\n\t\t\t\t\t\t\t\t\t<p style=\"text-align: left;\">If the labia minora are sagging, this can be helped with autologous blood treatments, autologous fat or hyaluronic acid. Small, uncomplicated injections plump up the labia minora and make them appear rejuvenated and plump.<\/p><p style=\"text-align: left;\">\u00a0<\/p><p style=\"text-align: left;\">The labia minora vary in shape and size. With increasing age, the skin loses elasticity and parts of the skin can sag.<\/p>\t\t\t\t\t\t\t\t<\/div>\n\t\t\t\t\t<\/div>\n\t\t<\/div>\n\t\t\t\t<div class=\"elementor-column elementor-col-50 elementor-inner-column elementor-element elementor-element-4b339b4\" data-id=\"4b339b4\" data-element_type=\"column\" data-e-type=\"column\">\n\t\t\t<div class=\"elementor-widget-wrap elementor-element-populated\">\n\t\t\t\t\t\t<div class=\"elementor-element elementor-element-f0084d9 elementor-widget elementor-widget-text-editor\" data-id=\"f0084d9\" data-element_type=\"widget\" data-e-type=\"widget\" data-widget_type=\"text-editor.default\">\n\t\t\t\t\t\t\t\t\t<p style=\"text-align: left;\">This development can also be seen in the genital area and the labia minora can become slack. Many women who were previously satisfied with their intimate area then want a rejuvenating treatment for the labia minora.<\/p><p>\u00a0<\/p><p style=\"text-align: left;\">In addition to a <a href=\"https:\/\/dr-nabavi.de\/en\/intimchirurgie-in-hamburg\/schamlippenverkleinerung\/\">Labia reduction<\/a>\u00a0we also offer the possibility of labia augmentation in our Hamburg practice.<\/p>\t\t\t\t\t\t\t\t<\/div>\n\t\t\t\t\t<\/div>\n\t\t<\/div>\n\t\t\t\t\t<\/div>\n\t\t<\/section>\n\t\t\t\t\t<\/div>\n\t\t<\/div>\n\t\t\t\t\t<\/div>\n\t\t<\/section>\n\t\t\t\t<section class=\"elementor-section elementor-top-section elementor-element elementor-element-7a0f80b elementor-section-boxed elementor-section-height-default elementor-section-height-default\" data-id=\"7a0f80b\" data-element_type=\"section\" data-e-type=\"section\" data-settings=\"{&quot;background_background&quot;:&quot;classic&quot;}\">\n\t\t\t\t\t\t\t<div class=\"elementor-background-overlay\"><\/div>\n\t\t\t\t\t\t\t<div class=\"elementor-container elementor-column-gap-default\">\n\t\t\t\t\t<div class=\"elementor-column elementor-col-100 elementor-top-column elementor-element elementor-element-ebbd8b5\" data-id=\"ebbd8b5\" data-element_type=\"column\" data-e-type=\"column\">\n\t\t\t<div class=\"elementor-widget-wrap elementor-element-populated\">\n\t\t\t\t\t\t<div class=\"elementor-element elementor-element-05e0f12 elementor-widget elementor-widget-heading\" data-id=\"05e0f12\" data-element_type=\"widget\" data-e-type=\"widget\" data-widget_type=\"heading.default\">\n\t\t\t\t\t<h2 class=\"elementor-heading-title elementor-size-default\">How does labia augmentation work?<\/h2>\t\t\t\t<\/div>\n\t\t\t\t<div class=\"elementor-element elementor-element-f59cb4f elementor-widget elementor-widget-text-editor\" data-id=\"f59cb4f\" data-element_type=\"widget\" data-e-type=\"widget\" data-widget_type=\"text-editor.default\">\n\t\t\t\t\t\t\t\t\t<p style=\"text-align: left;\">Aesthetic treatment of the genital area begins with a personal consultation in our private practice for plastic and aesthetic surgery in Hamburg. During this consultation, we will consider your wishes and discuss which treatment or operation will achieve the best result for you. We know that it is often not easy for affected women to talk about their dissatisfaction with their own genital area. We would therefore be delighted if you would find your way to our private practice. We will advise you sensitively from woman to woman.<\/p><p>\u00a0<\/p><p style=\"text-align: left;\">We choose the treatment methods in our practice individually depending on our patients, so that we can achieve the best possible result. We offer the following methods of labia augmentation:<\/p><p style=\"text-align: left; padding-left: 40px;\"><strong>Labia augmentation with filler<\/strong><br \/>In this treatment of the labia majora, we inject a hyaluronic acid filler into the labia minora, which restores the volume of the labia. The body breaks down the hyaluronic acid after a few months. This minimally invasive procedure can then be repeated.<\/p><p style=\"text-align: left; padding-left: 40px;\"><strong>Enlargement of the labia with autologous fat<br \/><\/strong>In addition to labia augmentation with filler, augmentation using the patient's own fat is also possible. For this purpose, fatty tissue is taken from the abdomen or thigh, for example, and then carefully injected into the labia. This allows volume to be built up naturally. We perform this minimally invasive procedure under local anaesthetic. As some of the fat cells are broken down again, repeated labia augmentation treatment may be advisable to optimise the result.<\/p><p style=\"text-align: left; padding-left: 40px;\"><strong>Enlargement of the labia minora with PRP<\/strong><br \/>Another method for treating sagging labia minora is to inject the tissue with the patient's own blood. Blood is taken from the patient, processed in a centrifuge and then injected into the labia minora. This treatment stimulates the tissue to produce new collagen and stimulates its own regeneration.<\/p>\t\t\t\t\t\t\t\t<\/div>\n\t\t\t\t<div class=\"elementor-element elementor-element-80c2087 elementor-widget elementor-widget-image\" data-id=\"80c2087\" data-element_type=\"widget\" data-e-type=\"widget\" data-widget_type=\"image.default\">\n\t\t\t\t\t\t\t\t\t\t\t\t\t\t\t<img decoding=\"async\" src=\"https:\/\/dr-nabavi.de\/wp-content\/uploads\/2023\/08\/dynamik-5.png\" title=\"dynamic-5\" alt=\"dynamik-5\" loading=\"lazy\" \/>\t\t\t\t\t\t\t\t\t\t\t\t\t\t\t<\/div>\n\t\t\t\t\t<\/div>\n\t\t<\/div>\n\t\t\t\t\t<\/div>\n\t\t<\/section>\n\t\t\t\t<section class=\"elementor-section elementor-top-section elementor-element elementor-element-a22e6eb elementor-section-boxed elementor-section-height-default elementor-section-height-default\" data-id=\"a22e6eb\" data-element_type=\"section\" data-e-type=\"section\" data-settings=\"{&quot;background_background&quot;:&quot;classic&quot;}\">\n\t\t\t\t\t\t\t<div class=\"elementor-background-overlay\"><\/div>\n\t\t\t\t\t\t\t<div class=\"elementor-container elementor-column-gap-default\">\n\t\t\t\t\t<div class=\"elementor-column elementor-col-100 elementor-top-column elementor-element elementor-element-c2fb964\" data-id=\"c2fb964\" data-element_type=\"column\" data-e-type=\"column\">\n\t\t\t<div class=\"elementor-widget-wrap elementor-element-populated\">\n\t\t\t\t\t\t<div class=\"elementor-element elementor-element-78a22a3 elementor-widget elementor-widget-heading\" data-id=\"78a22a3\" data-element_type=\"widget\" data-e-type=\"widget\" data-widget_type=\"heading.default\">\n\t\t\t\t\t<h3 class=\"elementor-heading-title elementor-size-default\">Are there any possible complications?<\/h3>\t\t\t\t<\/div>\n\t\t\t\t<div class=\"elementor-element elementor-element-840d047 elementor-widget elementor-widget-text-editor\" data-id=\"840d047\" data-element_type=\"widget\" data-e-type=\"widget\" data-widget_type=\"text-editor.default\">\n\t\t\t\t\t\t\t\t\t<p>Slight swelling and redness may occur during labia augmentation. However, this is a normal reaction of the tissue to the procedure. It is important that you take it easy after the treatment. You should therefore avoid sport and excessive exercise as well as sexual intercourse in the first few days to weeks - depending on the method - after labia augmentation. As only body-like or endogenous substances are injected, allergic reactions are very rare. In addition, there are usually no visible scars as very fine injection needles are used.\u00a0<\/p><p>\u00a0<\/p><p><strong>We would be happy to advise you in detail on the options for labia augmentation at our private practice for plastic and aesthetic surgery in Hamburg. Give us a call or simply make an appointment online. We look forward to seeing you!<\/strong><\/p>\t\t\t\t\t\t\t\t<\/div>\n\t\t\t\t<div class=\"elementor-element elementor-element-fc972d3 elementor-align-center elementor-widget elementor-widget-button\" data-id=\"fc972d3\" data-element_type=\"widget\" data-e-type=\"widget\" data-widget_type=\"button.default\">\n\t\t\t\t\t\t\t\t\t\t<a class=\"elementor-button elementor-button-link elementor-size-sm\" href=\"https:\/\/dr-nabavi.de\/en\/termin-vereinbaren-dr-nabavi-hamburg\/\">\n\t\t\t\t\t\t<span class=\"elementor-button-content-wrapper\">\n\t\t\t\t\t\t\t\t\t<span class=\"elementor-button-text\">appointment online<\/span>\n\t\t\t\t\t<\/span>\n\t\t\t\t\t<\/a>\n\t\t\t\t\t\t\t\t<\/div>\n\t\t\t\t\t<\/div>\n\t\t<\/div>\n\t\t\t\t\t<\/div>\n\t\t<\/section>\n\t\t\t\t<section class=\"elementor-section elementor-top-section elementor-element elementor-element-c424f09 elementor-section-full_width elementor-section-height-default elementor-section-height-default\" data-id=\"c424f09\" data-element_type=\"section\" data-e-type=\"section\">\n\t\t\t\t\t\t<div class=\"elementor-container elementor-column-gap-default\">\n\t\t\t\t\t<div class=\"elementor-column elementor-col-100 elementor-top-column elementor-element elementor-element-6f8cb40\" data-id=\"6f8cb40\" data-element_type=\"column\" data-e-type=\"column\">\n\t\t\t<div class=\"elementor-widget-wrap elementor-element-populated\">\n\t\t\t\t\t\t<div class=\"elementor-element elementor-element-4d30b30 elementor-widget elementor-widget-google_maps\" data-id=\"4d30b30\" data-element_type=\"widget\" data-e-type=\"widget\" data-widget_type=\"google_maps.default\">\n\t\t\t\t\t\t\t<div class=\"elementor-custom-embed\">\n\t\t\t<iframe loading=\"lazy\"\n\t\t\t\t\tsrc=\"https:\/\/maps.google.com\/maps?q=Dr.%20med.%20Neda%20Nabavi%20Privatpraxis%20f%C3%BCr%20Plastische%20und%20%C3%84sthetische%20Chirurgie%20Ballindamm%203%2020095%20Hamburg&#038;t=m&#038;z=14&#038;output=embed&#038;iwloc=near\"\n\t\t\t\t\ttitle=\"Dr Neda Nabavi Private Practice for Plastic and Aesthetic Surgery Ballindamm 3 20095 Hamburg\"\n\t\t\t\t\taria-label=\"Dr Neda Nabavi Private Practice for Plastic and Aesthetic Surgery Ballindamm 3 20095 Hamburg\"\n\t\t\t><\/iframe>\n\t\t<\/div>\n\t\t\t\t\t\t<\/div>\n\t\t\t\t\t<\/div>\n\t\t<\/div>\n\t\t\t\t\t<\/div>\n\t\t<\/section>\n\t\t\t\t<\/div>","protected":false},"excerpt":{"rendered":"<p>Schamlippenvergr\u00f6\u00dferung Moderne Intim\u00e4sthetik und Intimchirurgie in Hamburg Schamlippenvergr\u00f6\u00dferung in Hamburg Vergr\u00f6\u00dferung der inneren Schamlippen Sind die \u00e4u\u00dferen Schamlippen erschlafft, kann hier mit Eigenblutbehandlungen, Eigenfett oder Hyalurons\u00e4ure geholfen werden. Durch unkomplizierte, kleine Unterspritzungen werden die \u00e4u\u00dferen Schamlippen aufgepolstert und wirken verj\u00fcngt und prall. \u00a0 Die \u00e4u\u00dferen Schamlippen variieren in Form und Gr\u00f6\u00dfe. Mit zunehmendem Alter verliert [&hellip;]<\/p>\n","protected":false},"author":1,"featured_media":0,"parent":0,"menu_order":0,"comment_status":"closed","ping_status":"closed","template":"elementor_header_footer","meta":{"footnotes":""},"class_list":["post-1428","page","type-page","status-publish","hentry"],"yoast_head":"<!-- This site is optimized with the Yoast SEO Premium plugin v27.4 (Yoast SEO v27.4) - https:\/\/yoast.com\/product\/yoast-seo-premium-wordpress\/ -->\n<title>Schamlippenvergr\u00f6\u00dferung in Hamburg: Beratung und Operation - Dr. Neda Nabavi<\/title>\n<meta name=\"description\" content=\"Verj\u00fcngen Sie Ihren Intimbereich mit einer Schamlippenvergr\u00f6\u00dferung. Erfahren Sie die M\u00f6glichkeiten, die unsere Praxis in Hamburg bietet.\" \/>\n<meta name=\"robots\" content=\"index, follow, max-snippet:-1, max-image-preview:large, max-video-preview:-1\" \/>\n<link rel=\"canonical\" href=\"https:\/\/dr-nabavi.de\/en\/schamlippenvergroesserung-hamburg\/\" \/>\n<meta property=\"og:locale\" content=\"en_GB\" \/>\n<meta property=\"og:type\" content=\"article\" \/>\n<meta property=\"og:title\" content=\"Schamlippenvergr\u00f6\u00dferung Hamburg\" \/>\n<meta property=\"og:description\" content=\"Verj\u00fcngen Sie Ihren Intimbereich mit einer Schamlippenvergr\u00f6\u00dferung. Erfahren Sie die M\u00f6glichkeiten, die unsere Praxis in Hamburg bietet.\" \/>\n<meta property=\"og:url\" content=\"https:\/\/dr-nabavi.de\/en\/schamlippenvergroesserung-hamburg\/\" \/>\n<meta property=\"og:site_name\" content=\"Dr. Neda Nabavi\" \/>\n<meta property=\"article:modified_time\" content=\"2025-12-18T18:35:17+00:00\" \/>\n<meta property=\"og:image\" content=\"https:\/\/dr-nabavi.de\/wp-content\/uploads\/2023\/08\/dynamik-5.png?wsr\" \/>\n<meta name=\"twitter:card\" content=\"summary_large_image\" \/>\n<meta name=\"twitter:label1\" content=\"Estimated reading time\" \/>\n\t<meta name=\"twitter:data1\" content=\"4 minutes\" \/>\n<script type=\"application\/ld+json\" class=\"yoast-schema-graph\">{\"@context\":\"https:\\\/\\\/schema.org\",\"@graph\":[{\"@type\":\"WebPage\",\"@id\":\"https:\\\/\\\/dr-nabavi.de\\\/schamlippenvergroesserung-hamburg\\\/\",\"url\":\"https:\\\/\\\/dr-nabavi.de\\\/schamlippenvergroesserung-hamburg\\\/\",\"name\":\"Schamlippenvergr\u00f6\u00dferung in Hamburg: Beratung und Operation - Dr. Neda Nabavi\",\"isPartOf\":{\"@id\":\"https:\\\/\\\/dr-nabavi.de\\\/#website\"},\"primaryImageOfPage\":{\"@id\":\"https:\\\/\\\/dr-nabavi.de\\\/schamlippenvergroesserung-hamburg\\\/#primaryimage\"},\"image\":{\"@id\":\"https:\\\/\\\/dr-nabavi.de\\\/schamlippenvergroesserung-hamburg\\\/#primaryimage\"},\"thumbnailUrl\":\"https:\\\/\\\/dr-nabavi.de\\\/wp-content\\\/uploads\\\/2023\\\/08\\\/dynamik-5.png?wsr\",\"datePublished\":\"2024-01-02T10:31:53+00:00\",\"dateModified\":\"2025-12-18T18:35:17+00:00\",\"description\":\"Verj\u00fcngen Sie Ihren Intimbereich mit einer Schamlippenvergr\u00f6\u00dferung. Erfahren Sie die M\u00f6glichkeiten, die unsere Praxis in Hamburg bietet.\",\"breadcrumb\":{\"@id\":\"https:\\\/\\\/dr-nabavi.de\\\/schamlippenvergroesserung-hamburg\\\/#breadcrumb\"},\"inLanguage\":\"en-GB\",\"potentialAction\":[{\"@type\":\"ReadAction\",\"target\":[\"https:\\\/\\\/dr-nabavi.de\\\/schamlippenvergroesserung-hamburg\\\/\"]}]},{\"@type\":\"ImageObject\",\"inLanguage\":\"en-GB\",\"@id\":\"https:\\\/\\\/dr-nabavi.de\\\/schamlippenvergroesserung-hamburg\\\/#primaryimage\",\"url\":\"https:\\\/\\\/dr-nabavi.de\\\/wp-content\\\/uploads\\\/2023\\\/08\\\/dynamik-5.png?wsr\",\"contentUrl\":\"https:\\\/\\\/dr-nabavi.de\\\/wp-content\\\/uploads\\\/2023\\\/08\\\/dynamik-5.png?wsr\"},{\"@type\":\"BreadcrumbList\",\"@id\":\"https:\\\/\\\/dr-nabavi.de\\\/schamlippenvergroesserung-hamburg\\\/#breadcrumb\",\"itemListElement\":[{\"@type\":\"ListItem\",\"position\":1,\"name\":\"Startseite\",\"item\":\"https:\\\/\\\/dr-nabavi.de\\\/\"},{\"@type\":\"ListItem\",\"position\":2,\"name\":\"Schamlippenvergr\u00f6\u00dferung Hamburg\"}]},{\"@type\":\"WebSite\",\"@id\":\"https:\\\/\\\/dr-nabavi.de\\\/#website\",\"url\":\"https:\\\/\\\/dr-nabavi.de\\\/\",\"name\":\"dr-nabavi.de\",\"description\":\"Fach\u00e4rztin f\u00fcr Plastische und \u00c4sthetische Chirurgie Hamburg\",\"publisher\":{\"@id\":\"https:\\\/\\\/dr-nabavi.de\\\/#organization\"},\"potentialAction\":[{\"@type\":\"SearchAction\",\"target\":{\"@type\":\"EntryPoint\",\"urlTemplate\":\"https:\\\/\\\/dr-nabavi.de\\\/?s={search_term_string}\"},\"query-input\":{\"@type\":\"PropertyValueSpecification\",\"valueRequired\":true,\"valueName\":\"search_term_string\"}}],\"inLanguage\":\"en-GB\"},{\"@type\":\"Organization\",\"@id\":\"https:\\\/\\\/dr-nabavi.de\\\/#organization\",\"name\":\"Praxis f\u00fcr Plastische und \u00c4sthetische Chirurgie Dr. Neda Nabavi\",\"url\":\"https:\\\/\\\/dr-nabavi.de\\\/\",\"logo\":{\"@type\":\"ImageObject\",\"inLanguage\":\"en-GB\",\"@id\":\"https:\\\/\\\/dr-nabavi.de\\\/#\\\/schema\\\/logo\\\/image\\\/\",\"url\":\"http:\\\/\\\/dr-nabavi.de\\\/wp-content\\\/uploads\\\/2023\\\/08\\\/logo_nabavi.svg\",\"contentUrl\":\"http:\\\/\\\/dr-nabavi.de\\\/wp-content\\\/uploads\\\/2023\\\/08\\\/logo_nabavi.svg\",\"width\":421,\"height\":109,\"caption\":\"Praxis f\u00fcr Plastische und \u00c4sthetische Chirurgie Dr. Neda Nabavi\"},\"image\":{\"@id\":\"https:\\\/\\\/dr-nabavi.de\\\/#\\\/schema\\\/logo\\\/image\\\/\"},\"sameAs\":[\"https:\\\/\\\/www.instagram.com\\\/dr.nedanabavi\\\/\"]}]}<\/script>\n<!-- \/ Yoast SEO Premium plugin. -->","yoast_head_json":{"title":"Schamlippenvergr\u00f6\u00dferung in Hamburg: Beratung und Operation - Dr. Neda Nabavi","description":"Verj\u00fcngen Sie Ihren Intimbereich mit einer Schamlippenvergr\u00f6\u00dferung. Erfahren Sie die M\u00f6glichkeiten, die unsere Praxis in Hamburg bietet.","robots":{"index":"index","follow":"follow","max-snippet":"max-snippet:-1","max-image-preview":"max-image-preview:large","max-video-preview":"max-video-preview:-1"},"canonical":"https:\/\/dr-nabavi.de\/en\/schamlippenvergroesserung-hamburg\/","og_locale":"en_GB","og_type":"article","og_title":"Schamlippenvergr\u00f6\u00dferung Hamburg","og_description":"Verj\u00fcngen Sie Ihren Intimbereich mit einer Schamlippenvergr\u00f6\u00dferung. Erfahren Sie die M\u00f6glichkeiten, die unsere Praxis in Hamburg bietet.","og_url":"https:\/\/dr-nabavi.de\/en\/schamlippenvergroesserung-hamburg\/","og_site_name":"Dr. Neda Nabavi","article_modified_time":"2025-12-18T18:35:17+00:00","og_image":[{"url":"https:\/\/dr-nabavi.de\/wp-content\/uploads\/2023\/08\/dynamik-5.png?wsr","type":"","width":"","height":""}],"twitter_card":"summary_large_image","twitter_misc":{"Estimated reading time":"4 minutes"},"schema":{"@context":"https:\/\/schema.org","@graph":[{"@type":"WebPage","@id":"https:\/\/dr-nabavi.de\/schamlippenvergroesserung-hamburg\/","url":"https:\/\/dr-nabavi.de\/schamlippenvergroesserung-hamburg\/","name":"Schamlippenvergr\u00f6\u00dferung in Hamburg: Beratung und Operation - Dr. Neda Nabavi","isPartOf":{"@id":"https:\/\/dr-nabavi.de\/#website"},"primaryImageOfPage":{"@id":"https:\/\/dr-nabavi.de\/schamlippenvergroesserung-hamburg\/#primaryimage"},"image":{"@id":"https:\/\/dr-nabavi.de\/schamlippenvergroesserung-hamburg\/#primaryimage"},"thumbnailUrl":"https:\/\/dr-nabavi.de\/wp-content\/uploads\/2023\/08\/dynamik-5.png?wsr","datePublished":"2024-01-02T10:31:53+00:00","dateModified":"2025-12-18T18:35:17+00:00","description":"Verj\u00fcngen Sie Ihren Intimbereich mit einer Schamlippenvergr\u00f6\u00dferung. Erfahren Sie die M\u00f6glichkeiten, die unsere Praxis in Hamburg bietet.","breadcrumb":{"@id":"https:\/\/dr-nabavi.de\/schamlippenvergroesserung-hamburg\/#breadcrumb"},"inLanguage":"en-GB","potentialAction":[{"@type":"ReadAction","target":["https:\/\/dr-nabavi.de\/schamlippenvergroesserung-hamburg\/"]}]},{"@type":"ImageObject","inLanguage":"en-GB","@id":"https:\/\/dr-nabavi.de\/schamlippenvergroesserung-hamburg\/#primaryimage","url":"https:\/\/dr-nabavi.de\/wp-content\/uploads\/2023\/08\/dynamik-5.png?wsr","contentUrl":"https:\/\/dr-nabavi.de\/wp-content\/uploads\/2023\/08\/dynamik-5.png?wsr"},{"@type":"BreadcrumbList","@id":"https:\/\/dr-nabavi.de\/schamlippenvergroesserung-hamburg\/#breadcrumb","itemListElement":[{"@type":"ListItem","position":1,"name":"Startseite","item":"https:\/\/dr-nabavi.de\/"},{"@type":"ListItem","position":2,"name":"Schamlippenvergr\u00f6\u00dferung Hamburg"}]},{"@type":"WebSite","@id":"https:\/\/dr-nabavi.de\/#website","url":"https:\/\/dr-nabavi.de\/","name":"dr-nabavi.de","description":"Specialist in plastic and aesthetic surgery Hamburg","publisher":{"@id":"https:\/\/dr-nabavi.de\/#organization"},"potentialAction":[{"@type":"SearchAction","target":{"@type":"EntryPoint","urlTemplate":"https:\/\/dr-nabavi.de\/?s={search_term_string}"},"query-input":{"@type":"PropertyValueSpecification","valueRequired":true,"valueName":"search_term_string"}}],"inLanguage":"en-GB"},{"@type":"Organization","@id":"https:\/\/dr-nabavi.de\/#organization","name":"Practice for Plastic and Aesthetic Surgery Dr Neda Nabavi","url":"https:\/\/dr-nabavi.de\/","logo":{"@type":"ImageObject","inLanguage":"en-GB","@id":"https:\/\/dr-nabavi.de\/#\/schema\/logo\/image\/","url":"http:\/\/dr-nabavi.de\/wp-content\/uploads\/2023\/08\/logo_nabavi.svg","contentUrl":"http:\/\/dr-nabavi.de\/wp-content\/uploads\/2023\/08\/logo_nabavi.svg","width":421,"height":109,"caption":"Praxis f\u00fcr Plastische und \u00c4sthetische Chirurgie Dr. Neda Nabavi"},"image":{"@id":"https:\/\/dr-nabavi.de\/#\/schema\/logo\/image\/"},"sameAs":["https:\/\/www.instagram.com\/dr.nedanabavi\/"]}]}},"_links":{"self":[{"href":"https:\/\/dr-nabavi.de\/en\/wp-json\/wp\/v2\/pages\/1428","targetHints":{"allow":["GET"]}}],"collection":[{"href":"https:\/\/dr-nabavi.de\/en\/wp-json\/wp\/v2\/pages"}],"about":[{"href":"https:\/\/dr-nabavi.de\/en\/wp-json\/wp\/v2\/types\/page"}],"author":[{"embeddable":true,"href":"https:\/\/dr-nabavi.de\/en\/wp-json\/wp\/v2\/users\/1"}],"replies":[{"embeddable":true,"href":"https:\/\/dr-nabavi.de\/en\/wp-json\/wp\/v2\/comments?post=1428"}],"version-history":[{"count":10,"href":"https:\/\/dr-nabavi.de\/en\/wp-json\/wp\/v2\/pages\/1428\/revisions"}],"predecessor-version":[{"id":6263,"href":"https:\/\/dr-nabavi.de\/en\/wp-json\/wp\/v2\/pages\/1428\/revisions\/6263"}],"wp:attachment":[{"href":"https:\/\/dr-nabavi.de\/en\/wp-json\/wp\/v2\/media?parent=1428"}],"curies":[{"name":"wp","href":"https:\/\/api.w.org\/{rel}","templated":true}]}}